{"id":9837,"date":"2024-07-19T11:23:47","date_gmt":"2024-07-19T09:23:47","guid":{"rendered":"https:\/\/dharanastyle.com\/tienda\/sin%20categor\u00eda\/leggings-capri-de-yoga-transpirables-con-cintura-alta-estampado-geometrico-gris\/"},"modified":"2024-08-23T17:51:18","modified_gmt":"2024-08-23T15:51:18","slug":"leggings-capri-de-yoga-transpirables-con-cintura-alta-estampado-geometrico-gris","status":"publish","type":"product","link":"https:\/\/www.dharanastyle.com\/ca\/tienda\/leggings\/leggings-capri\/leggings-capri-de-yoga-transpirables-con-cintura-alta-estampado-geometrico-gris\/","title":{"rendered":"Leggings Capri de Ioga Transpirables amb Cintura Alta."},"content":{"rendered":"<p>Descobreix els leggings capri de ioga perfectes pels teus entrenaments. Confeccionats amb un estampat geom\u00e8tric de color gris clar, aquests leggings 3\/4 ofereixen una gran comoditat, suavitat i elasticitat, adaptant-se a cadascun dels teus moviments. La cintura alta proporciona un suport addicional i estilitza la figura, mantenint-te c\u00f2moda durant totes les sessions de ioga. Dissenyats per combinar estil i funcionalitat, aquests leggings s\u00f3n lelecci\u00f3 ideal per a qualsevol amant del ioga que busca qualitat i rendiment.<\/p>\n<p>\u2022 82% poli\u00e8ster, 18% elast\u00e0<br \/>\n\u2022 Mitja panxell<br \/>\n\u2022 Tela el\u00e0stica en quatre direccions molt suau<br \/>\n\u2022 Cintura alta c\u00f2moda<br \/>\n\u2022 Costures planes i punt de cobertura<\/p>","protected":false},"excerpt":{"rendered":"<p>Descubre los leggings capri de yoga perfectos para tus entrenamientos. Confeccionados con un estampado geom\u00e9trico en color gris claro, estos leggings 3\/4 ofrecen una gran comodidad, suavidad y elasticidad, adapt\u00e1ndose&#8230;<\/p>","protected":false},"featured_media":9845,"comment_status":"open","ping_status":"closed","template":"","meta":{"jetpack_post_was_ever_published":false,"jetpack_publicize_message":"","jetpack_publicize_feature_enabled":true,"jetpack_social_post_already_shared":true,"jetpack_social_options":{"image_generator_settings":{"template":"highway","enabled":false},"version":2}},"product_cat":[175],"product_tag":[216,215,217,219,221,214,212,213,220,218],"class_list":{"0":"post-9837","1":"product","2":"type-product","3":"status-publish","4":"has-post-thumbnail","6":"product_cat-leggings-capri","7":"product_tag-cintura-alta","8":"product_tag-color-gris-claro","9":"product_tag-comodidad","10":"product_tag-elasticidad","11":"product_tag-entrenamientos-de-yoga","12":"product_tag-estampado-geometrico","13":"product_tag-leggings-capri-de-yoga","14":"product_tag-pantalones-3-4","15":"product_tag-soporte-adicional","16":"product_tag-suavidad","18":"first","19":"instock","20":"taxable","21":"shipping-taxable","22":"purchasable","23":"product-type-variable"},"jetpack_publicize_connections":[],"aioseo_notices":[],"jetpack_sharing_enabled":true,"_links":{"self":[{"href":"https:\/\/www.dharanastyle.com\/ca\/wp-json\/wp\/v2\/product\/9837","targetHints":{"allow":["GET"]}}],"collection":[{"href":"https:\/\/www.dharanastyle.com\/ca\/wp-json\/wp\/v2\/product"}],"about":[{"href":"https:\/\/www.dharanastyle.com\/ca\/wp-json\/wp\/v2\/types\/product"}],"replies":[{"embeddable":true,"href":"https:\/\/www.dharanastyle.com\/ca\/wp-json\/wp\/v2\/comments?post=9837"}],"wp:featuredmedia":[{"embeddable":true,"href":"https:\/\/www.dharanastyle.com\/ca\/wp-json\/wp\/v2\/media\/9845"}],"wp:attachment":[{"href":"https:\/\/www.dharanastyle.com\/ca\/wp-json\/wp\/v2\/media?parent=9837"}],"wp:term":[{"taxonomy":"product_cat","embeddable":true,"href":"https:\/\/www.dharanastyle.com\/ca\/wp-json\/wp\/v2\/product_cat?post=9837"},{"taxonomy":"product_tag","embeddable":true,"href":"https:\/\/www.dharanastyle.com\/ca\/wp-json\/wp\/v2\/product_tag?post=9837"}],"curies":[{"name":"wp","href":"https:\/\/api.w.org\/{rel}","templated":true}]}}