{"id":9808,"date":"2024-07-19T11:11:06","date_gmt":"2024-07-19T09:11:06","guid":{"rendered":"https:\/\/dharanastyle.com\/tienda\/sin%20categor\u00eda\/sujetador-deportivo-transpirable-de-alta-sujecion-estampado-geometrico\/"},"modified":"2024-08-23T17:49:15","modified_gmt":"2024-08-23T15:49:15","slug":"sujetador-deportivo-transpirable-de-alta-sujecion-estampado-geometrico","status":"publish","type":"product","link":"https:\/\/www.dharanastyle.com\/ca\/tienda\/conjuntos\/sujetador-deportivo-transpirable-de-alta-sujecion-estampado-geometrico\/","title":{"rendered":"Sostenidor Esportiu Transpirable d&#039;Alta Subjecci\u00f3. Estampat geom\u00e8tric."},"content":{"rendered":"<p>Descobreix el sostenidor esportiu ideal per a les teves sessions de gimn\u00e0s de baixa a mitja intensitat. el baix, ofereix suport constant i seguretat. El seu disseny geom\u00e8tric en color gris blav\u00f3s no nom\u00e9s \u00e9s funcional, sin\u00f3 tamb\u00e9 elegant, permetent entrenar amb estil. Millora el teu rendiment i benestar amb aquest sostenidor esportiu d&#039;alta qualitat.<\/p>\n<p>\u2022 82% poli\u00e8ster, 18% elast\u00e0<br \/>\n\u2022 Pes del teixit: 230 g\/m\u00b2 (6,78 oz\/id\u00b2), el pes podria variar en un 5%<br \/>\n\u2022 Teixit transpirable<br \/>\n\u2022 Tela el\u00e0stica en 4 adreces que s&#039;estira i es recupera als fils de la trama i de l&#039;ordit<br \/>\n\u2022 Escot rod\u00f3 i esquena nedadora<br \/>\n\u2022 Costures planes i acabat amb biaixos que eviten el fregament<br \/>\n\u2022 Ideal per a copes AC<br \/>\n\u2022 Material de subjecci\u00f3 als tirants, frontal de doble capa i una banda el\u00e0stica al baix.<\/p>","protected":false},"excerpt":{"rendered":"<p>Descubre el sujetador deportivo ideal para tus sesiones de gimnasio de baja a media intensidad. Este fabuloso sujetador est\u00e1 confeccionado con material transpirable que se mantiene seco, garantizando comodidad durante&#8230;<\/p>","protected":false},"featured_media":9823,"comment_status":"open","ping_status":"closed","template":"","meta":{"jetpack_post_was_ever_published":false,"jetpack_publicize_message":"","jetpack_publicize_feature_enabled":true,"jetpack_social_post_already_shared":true,"jetpack_social_options":{"image_generator_settings":{"template":"highway","enabled":false},"version":2}},"product_cat":[191,15],"product_tag":[224,223,227,222,226,225],"class_list":{"0":"post-9808","1":"product","2":"type-product","3":"status-publish","4":"has-post-thumbnail","6":"product_cat-tops","7":"product_cat-conjuntos","8":"product_tag-deporte-seguro","9":"product_tag-sujetador-deportivo","10":"product_tag-sujetador-estiloso","11":"product_tag-top-deportivo","12":"product_tag-top-original","13":"product_tag-top-transiprable","15":"first","16":"instock","17":"taxable","18":"shipping-taxable","19":"purchasable","20":"product-type-variable"},"jetpack_publicize_connections":[],"aioseo_notices":[],"jetpack_sharing_enabled":true,"_links":{"self":[{"href":"https:\/\/www.dharanastyle.com\/ca\/wp-json\/wp\/v2\/product\/9808","targetHints":{"allow":["GET"]}}],"collection":[{"href":"https:\/\/www.dharanastyle.com\/ca\/wp-json\/wp\/v2\/product"}],"about":[{"href":"https:\/\/www.dharanastyle.com\/ca\/wp-json\/wp\/v2\/types\/product"}],"replies":[{"embeddable":true,"href":"https:\/\/www.dharanastyle.com\/ca\/wp-json\/wp\/v2\/comments?post=9808"}],"wp:featuredmedia":[{"embeddable":true,"href":"https:\/\/www.dharanastyle.com\/ca\/wp-json\/wp\/v2\/media\/9823"}],"wp:attachment":[{"href":"https:\/\/www.dharanastyle.com\/ca\/wp-json\/wp\/v2\/media?parent=9808"}],"wp:term":[{"taxonomy":"product_cat","embeddable":true,"href":"https:\/\/www.dharanastyle.com\/ca\/wp-json\/wp\/v2\/product_cat?post=9808"},{"taxonomy":"product_tag","embeddable":true,"href":"https:\/\/www.dharanastyle.com\/ca\/wp-json\/wp\/v2\/product_tag?post=9808"}],"curies":[{"name":"wp","href":"https:\/\/api.w.org\/{rel}","templated":true}]}}