{"id":9687,"date":"2024-06-18T11:11:34","date_gmt":"2024-06-18T09:11:34","guid":{"rendered":"https:\/\/dharanastyle.com\/tienda\/sin%20categor\u00eda\/vestido-ajustado-corto-con-cuello-redondo-y-tirantes-estampado-granate-con-patron-geometrico\/"},"modified":"2024-07-21T21:24:13","modified_gmt":"2024-07-21T19:24:13","slug":"vestido-ajustado-corto-con-cuello-redondo-y-tirantes-estampado-granate-con-patron-geometrico","status":"publish","type":"product","link":"https:\/\/www.dharanastyle.com\/ca\/tienda\/vestido-mujer\/vestido-ajustado-corto-con-cuello-redondo-y-tirantes-estampado-granate-con-patron-geometrico\/","title":{"rendered":"Vestit Ajustat Curt amb Coll Rod\u00f3 i Tirants \u2013 Estampat Granate amb Patr\u00f3 Geom\u00e8tric."},"content":{"rendered":"<p>Destaca amb eleg\u00e0ncia i estil amb el nostre vestit ajustat curt. Confeccionat amb fil de microfibra suau i agradable al tacte, aquest vestit ofereix una comoditat incomparable i un ajustament perfecte. patr\u00f3 geom\u00e8tric afegeix un toc modern i chic al teu guarda-roba.<\/p>\n<p>Caracter\u00edstiques principals:<\/p>\n<p>Disseny elegant: Estampat granat amb un modern patr\u00f3 geom\u00e8tric.<br \/>\nMaterial d\u00b4alta qualitat: Fil de microfibra suau i agradable al tacte.<br \/>\nAjustament perfecte: Tall ajustat que real\u00e7a la teva figura.<br \/>\nDetalls sofisticats: Coll rod\u00f3 i tirants per a un estil cl\u00e0ssic i vers\u00e0til.<br \/>\nVersatilitat: Perfecte per a ocasions casuals i esdeveniments especials.<br \/>\nAfegeix un toc de sofisticaci\u00f3 a la teva col\u00b7lecci\u00f3 amb el nostre vestit ajustat curt i sent-te fabulosa en qualsevol moment!<\/p>\n<p>\u2022 82% poli\u00e8ster, 18% elast\u00e0<br \/>\n\u2022 Pes del teixit: 230 g\/m\u00b2 (6,78 oz\/id\u00b2), el pes podria variar en un 5%<br \/>\n\u2022 Fabricat amb fil de microfibra suau i agradable al tacte<br \/>\n\u2022 Teixit que s&#039;estira en quatre adreces.<\/p>","protected":false},"excerpt":{"rendered":"<p>Destaca con elegancia y estilo con nuestro vestido ajustado corto. Confeccionado con hilo de microfibra suave y agradable al tacto, este vestido ofrece una comodidad incomparable y un ajuste perfecto&#8230;.<\/p>","protected":false},"featured_media":9695,"comment_status":"open","ping_status":"closed","template":"","meta":{"jetpack_post_was_ever_published":false,"jetpack_publicize_message":"","jetpack_publicize_feature_enabled":true,"jetpack_social_post_already_shared":true,"jetpack_social_options":{"image_generator_settings":{"template":"highway","enabled":false},"version":2}},"product_cat":[187],"product_tag":[340,330],"class_list":{"0":"post-9687","1":"product","2":"type-product","3":"status-publish","4":"has-post-thumbnail","6":"product_cat-vestido-mujer","7":"product_tag-moda","8":"product_tag-vestido-ajustado-corto","10":"first","11":"instock","12":"taxable","13":"shipping-taxable","14":"purchasable","15":"product-type-variable"},"jetpack_publicize_connections":[],"aioseo_notices":[],"jetpack_sharing_enabled":true,"_links":{"self":[{"href":"https:\/\/www.dharanastyle.com\/ca\/wp-json\/wp\/v2\/product\/9687","targetHints":{"allow":["GET"]}}],"collection":[{"href":"https:\/\/www.dharanastyle.com\/ca\/wp-json\/wp\/v2\/product"}],"about":[{"href":"https:\/\/www.dharanastyle.com\/ca\/wp-json\/wp\/v2\/types\/product"}],"replies":[{"embeddable":true,"href":"https:\/\/www.dharanastyle.com\/ca\/wp-json\/wp\/v2\/comments?post=9687"}],"wp:featuredmedia":[{"embeddable":true,"href":"https:\/\/www.dharanastyle.com\/ca\/wp-json\/wp\/v2\/media\/9695"}],"wp:attachment":[{"href":"https:\/\/www.dharanastyle.com\/ca\/wp-json\/wp\/v2\/media?parent=9687"}],"wp:term":[{"taxonomy":"product_cat","embeddable":true,"href":"https:\/\/www.dharanastyle.com\/ca\/wp-json\/wp\/v2\/product_cat?post=9687"},{"taxonomy":"product_tag","embeddable":true,"href":"https:\/\/www.dharanastyle.com\/ca\/wp-json\/wp\/v2\/product_tag?post=9687"}],"curies":[{"name":"wp","href":"https:\/\/api.w.org\/{rel}","templated":true}]}}