{"id":9643,"date":"2024-06-18T09:47:26","date_gmt":"2024-06-18T07:47:26","guid":{"rendered":"https:\/\/dharanastyle.com\/tienda\/sin%20categor\u00eda\/top-deportivo-con-estampado-geometrico-color-granate\/"},"modified":"2024-08-23T18:06:09","modified_gmt":"2024-08-23T16:06:09","slug":"top-deportivo-con-estampado-geometrico-color-granate","status":"publish","type":"product","link":"https:\/\/www.dharanastyle.com\/ca\/tienda\/conjuntos\/top-deportivo-con-estampado-geometrico-color-granate\/","title":{"rendered":"Top Esportiu amb Estampat Geom\u00e8tric \u2013 Color Granat"},"content":{"rendered":"<p>Eleva el teu estil i rendiment al gimn\u00e0s amb el nostre fabul\u00f3s top esportiu de color granat amb estampat geom\u00e8tric. Aquest sostenidor esportiu est\u00e0 confeccionat amb material transpirable, mantenint-te seca durant les teves sessions de gimn\u00e0s de baixa a mitja intensitat. Dissenyat per oferir una subjecci\u00f3 constant, compta amb tirants refor\u00e7ats, un frontal de doble capa i una banda el\u00e0stica al baix.<\/p>\n<p>Caracter\u00edstiques principals:<\/p>\n<p>Disseny elegant: Color granat amb un modern estampat geom\u00e8tric.<br \/>\nMaterial transpirable: Mant\u00e9 la pell seca i c\u00f2moda durant lexercici.<br \/>\nSubjecci\u00f3 superior: Tirants refor\u00e7ats i frontal de doble capa per a un suport \u00f2ptim.<br \/>\nBanda el\u00e0stica al baix: Assegura una subjecci\u00f3 constant i confortable.<br \/>\nVersatilitat: Ideal per a sessions de gimn\u00e0s de baixa a mitja intensitat, ioga i pilates.<br \/>\n\u00a1\u00a1 Tria el nostre top esportiu per a un rendiment superior i un estil inigualable a cada entrenament!<\/p>\n<p>\u2022 82% poli\u00e8ster, 18% elast\u00e0<br \/>\n\u2022 Pes del teixit: 230 g\/m\u00b2 (6,78 oz\/id\u00b2), el pes podria variar en un 5%<br \/>\n\u2022 Teixit transpirable<br \/>\n\u2022 Tela el\u00e0stica en 4 adreces que s&#039;estira i es recupera als fils de la trama i de l&#039;ordit<br \/>\n\u2022 Escot rod\u00f3 i esquena nedadora<br \/>\n\u2022 Costures planes i acabat amb biaixos que eviten el fregament<br \/>\n\u2022 Ideal per a copes AC<br \/>\n\u2022 Material de subjecci\u00f3 als tirants, frontal de doble capa i una banda el\u00e0stica al baix<\/p>","protected":false},"excerpt":{"rendered":"<p>Eleva tu estilo y rendimiento en el gimnasio con nuestro fabuloso top deportivo de color granate con estampado geom\u00e9trico. Este sujetador deportivo est\u00e1 confeccionado con material transpirable, manteni\u00e9ndote seca durante&#8230;<\/p>","protected":false},"featured_media":9658,"comment_status":"open","ping_status":"closed","template":"","meta":{"jetpack_post_was_ever_published":false,"jetpack_publicize_message":"","jetpack_publicize_feature_enabled":true,"jetpack_social_post_already_shared":true,"jetpack_social_options":{"image_generator_settings":{"template":"highway","enabled":false},"version":2}},"product_cat":[191,15],"product_tag":[],"class_list":{"0":"post-9643","1":"product","2":"type-product","3":"status-publish","4":"has-post-thumbnail","6":"product_cat-tops","7":"product_cat-conjuntos","9":"first","10":"instock","11":"taxable","12":"shipping-taxable","13":"purchasable","14":"product-type-variable"},"jetpack_publicize_connections":[],"aioseo_notices":[],"jetpack_sharing_enabled":true,"_links":{"self":[{"href":"https:\/\/www.dharanastyle.com\/ca\/wp-json\/wp\/v2\/product\/9643","targetHints":{"allow":["GET"]}}],"collection":[{"href":"https:\/\/www.dharanastyle.com\/ca\/wp-json\/wp\/v2\/product"}],"about":[{"href":"https:\/\/www.dharanastyle.com\/ca\/wp-json\/wp\/v2\/types\/product"}],"replies":[{"embeddable":true,"href":"https:\/\/www.dharanastyle.com\/ca\/wp-json\/wp\/v2\/comments?post=9643"}],"wp:featuredmedia":[{"embeddable":true,"href":"https:\/\/www.dharanastyle.com\/ca\/wp-json\/wp\/v2\/media\/9658"}],"wp:attachment":[{"href":"https:\/\/www.dharanastyle.com\/ca\/wp-json\/wp\/v2\/media?parent=9643"}],"wp:term":[{"taxonomy":"product_cat","embeddable":true,"href":"https:\/\/www.dharanastyle.com\/ca\/wp-json\/wp\/v2\/product_cat?post=9643"},{"taxonomy":"product_tag","embeddable":true,"href":"https:\/\/www.dharanastyle.com\/ca\/wp-json\/wp\/v2\/product_tag?post=9643"}],"curies":[{"name":"wp","href":"https:\/\/api.w.org\/{rel}","templated":true}]}}