{"id":9388,"date":"2024-05-28T12:21:08","date_gmt":"2024-05-28T10:21:08","guid":{"rendered":"https:\/\/dharanastyle.com\/tienda\/sin%20categor\u00eda\/pantalon-corto-de-yoga-con-cintura-alta-estilo-clasico-y-comodidad-con-estampado-vichy-en-blanco-y-negro\/"},"modified":"2024-07-21T20:44:42","modified_gmt":"2024-07-21T18:44:42","slug":"pantalon-corto-de-yoga-con-cintura-alta-estilo-clasico-y-comodidad-con-estampado-vichy-en-blanco-y-negro","status":"publish","type":"product","link":"https:\/\/www.dharanastyle.com\/ca\/tienda\/leggings\/leggings-shorts\/pantalon-corto-de-yoga-con-cintura-alta-estilo-clasico-y-comodidad-con-estampado-vichy-en-blanco-y-negro\/","title":{"rendered":"Pantalons Curt de Ioga amb Cintura Alta \u2013 Estil Cl\u00e0ssic i Comoditat amb Estampat Vichy en Blanc i Negre"},"content":{"rendered":"<p>Descubre nuestro pantal\u00f3n corto de yoga con cintura alta negra, dise\u00f1ado para ofrecerte la m\u00e1xima comodidad y estilo en cada sesi\u00f3n de yoga o actividad f\u00edsica. Confeccionado con materiales de alta calidad, este pantal\u00f3n corto proporciona un ajuste perfecto y una sensaci\u00f3n suave al contacto con la piel. Su elegante estampado vichy en blanco y negro a\u00f1ade un toque cl\u00e1sico y sofisticado a tu atuendo deportivo. Perfecto para cualquier tipo de ejercicio o para un look casual, este pantal\u00f3n corto combina funcionalidad y moda de manera impecable. \u00a1A\u00f1ade un toque de estilo cl\u00e1sico y comodidad a tu colecci\u00f3n de ropa deportiva con nuestro pantal\u00f3n corto de yoga con cintura alta y estampado vichy en blanco y negro!<\/p>\n<p>\u2022 82% poli\u00e8ster, 18% elast\u00e0<br \/>\n\u2022 Tela el\u00e0stica en quatre direccions molt suau<br \/>\n\u2022 Cintura alta c\u00f2moda<br \/>\n\u2022 Costures planes i punt de cobertura<\/p>","protected":false},"excerpt":{"rendered":"<p>Descubre nuestro pantal\u00f3n corto de yoga con cintura alta negra, dise\u00f1ado para ofrecerte la m\u00e1xima comodidad y estilo en cada sesi\u00f3n de yoga o actividad f\u00edsica. Confeccionado con materiales de&#8230;<\/p>","protected":false},"featured_media":9992,"comment_status":"open","ping_status":"closed","template":"","meta":{"jetpack_post_was_ever_published":false,"jetpack_publicize_message":"","jetpack_publicize_feature_enabled":true,"jetpack_social_post_already_shared":true,"jetpack_social_options":{"image_generator_settings":{"template":"highway","enabled":false},"version":2}},"product_cat":[15,176,174],"product_tag":[271,289,325,216,288,315,284,318,282,283,316,267,326,324,268,264],"class_list":{"0":"post-9388","1":"product","2":"type-product","3":"status-publish","4":"has-post-thumbnail","6":"product_cat-conjuntos","7":"product_cat-leggings-shorts","8":"product_cat-personalizable","9":"product_tag-activewear","10":"product_tag-blanco-y-negro","11":"product_tag-calidad-premium","12":"product_tag-cintura-alta","13":"product_tag-estampado-vichy","14":"product_tag-gran-suavidad","15":"product_tag-leggings-casual-deportivos","16":"product_tag-leggings-de-gimnasio","17":"product_tag-leggings-fitness","18":"product_tag-leggings-transpirables","19":"product_tag-microfibra-elastica","20":"product_tag-moda-deportiva","21":"product_tag-muy-comodo","22":"product_tag-pantalon-corto-de-yoga","23":"product_tag-ropa-comoda-para-ejercicio","24":"product_tag-ropa-de-entrenamiento","26":"first","27":"instock","28":"featured","29":"taxable","30":"shipping-taxable","31":"purchasable","32":"product-type-variable"},"jetpack_publicize_connections":[],"aioseo_notices":[],"jetpack_sharing_enabled":true,"_links":{"self":[{"href":"https:\/\/www.dharanastyle.com\/ca\/wp-json\/wp\/v2\/product\/9388","targetHints":{"allow":["GET"]}}],"collection":[{"href":"https:\/\/www.dharanastyle.com\/ca\/wp-json\/wp\/v2\/product"}],"about":[{"href":"https:\/\/www.dharanastyle.com\/ca\/wp-json\/wp\/v2\/types\/product"}],"replies":[{"embeddable":true,"href":"https:\/\/www.dharanastyle.com\/ca\/wp-json\/wp\/v2\/comments?post=9388"}],"wp:featuredmedia":[{"embeddable":true,"href":"https:\/\/www.dharanastyle.com\/ca\/wp-json\/wp\/v2\/media\/9992"}],"wp:attachment":[{"href":"https:\/\/www.dharanastyle.com\/ca\/wp-json\/wp\/v2\/media?parent=9388"}],"wp:term":[{"taxonomy":"product_cat","embeddable":true,"href":"https:\/\/www.dharanastyle.com\/ca\/wp-json\/wp\/v2\/product_cat?post=9388"},{"taxonomy":"product_tag","embeddable":true,"href":"https:\/\/www.dharanastyle.com\/ca\/wp-json\/wp\/v2\/product_tag?post=9388"}],"curies":[{"name":"wp","href":"https:\/\/api.w.org\/{rel}","templated":true}]}}