{"id":9212,"date":"2024-05-26T14:09:33","date_gmt":"2024-05-26T12:09:33","guid":{"rendered":"https:\/\/dharanastyle.com\/tienda\/sin%20categor\u00eda\/top-deportivo-con-cuello-redondo-sujecion-y-comodidad-con-estampado-vichy-en-verde-y-blanco\/"},"modified":"2024-08-23T18:11:52","modified_gmt":"2024-08-23T16:11:52","slug":"top-deportivo-con-cuello-redondo-sujecion-y-comodidad-con-estampado-vichy-en-verde-y-blanco","status":"publish","type":"product","link":"https:\/\/www.dharanastyle.com\/ca\/tienda\/conjuntos\/top-deportivo-con-cuello-redondo-sujecion-y-comodidad-con-estampado-vichy-en-verde-y-blanco\/","title":{"rendered":"Top Esportiu amb Coll Rod\u00f3 \u2013 Subjecci\u00f3 i Comoditat amb Estampat Vichy en Verd i Blanc"},"content":{"rendered":"<p>Descobreix el nostre top esportiu amb coll rod\u00f3, dissenyat per oferir-te la m\u00e0xima comoditat i suport durant les teves sessions de gimn\u00e0s de baixa a mitja intensitat. Confeccionat amb material transpirable, aquest sostenidor esportiu assegura que et mantinguis seca i fresca en tot moment. El seu encantador estampat vichy en verd i blanc afegeix un toc cl\u00e0ssic i fresc al teu vestit esportiu. La pe\u00e7a compta amb un material de subjecci\u00f3 als tirants, un frontal de doble capa i una banda el\u00e0stica al baix que asseguren una subjecci\u00f3 constant i fiable. Afegeix estil i funcionalitat a la teva col\u00b7lecci\u00f3 de roba esportiva amb el nostre top esportiu de coll rod\u00f3 amb estampat vichy en verd i blanc!<br \/>\n\u2022 82% poli\u00e8ster, 18% elast\u00e0<br \/>\n\u2022 Pes del teixit: 230 g\/m\u00b2 (6,78 oz\/id\u00b2), el pes podria variar en un 5%<br \/>\n\u2022 Teixit transpirable<br \/>\n\u2022 Tela el\u00e0stica en 4 adreces que s&#039;estira i es recupera als fils de la trama i de l&#039;ordit<br \/>\n\u2022 Escot rod\u00f3 i esquena nedadora<br \/>\n\u2022 Costures planes i acabat amb biaixos que eviten el fregament<br \/>\n\u2022 Ideal per a copes AC<br \/>\n\u2022 Material de subjecci\u00f3 als tirants, frontal de doble capa i una banda el\u00e0stica al baix<\/p>","protected":false},"excerpt":{"rendered":"<p>Descubre nuestro top deportivo con cuello redondo, dise\u00f1ado para ofrecerte la m\u00e1xima comodidad y soporte durante tus sesiones de gimnasio de baja a media intensidad. Confeccionado con material transpirable, este&#8230;<\/p>","protected":false},"featured_media":9227,"comment_status":"open","ping_status":"closed","template":"","meta":{"jetpack_post_was_ever_published":false,"jetpack_publicize_message":"","jetpack_publicize_feature_enabled":true,"jetpack_social_post_already_shared":true,"jetpack_social_options":{"image_generator_settings":{"template":"highway","enabled":false},"version":2}},"product_cat":[191,15],"product_tag":[271,262,263,261,267,268,264,272,270,222,260,266,265,269,250],"class_list":{"0":"post-9212","1":"product","2":"type-product","3":"status-publish","4":"has-post-thumbnail","6":"product_cat-tops","7":"product_cat-conjuntos","8":"product_tag-activewear","9":"product_tag-diseno-vichy","10":"product_tag-estampado-verde-y-blanco","11":"product_tag-maxima-comodidad","12":"product_tag-moda-deportiva","13":"product_tag-ropa-comoda-para-ejercicio","14":"product_tag-ropa-de-entrenamiento","15":"product_tag-top-casual-deportivo","16":"product_tag-top-de-tirantes","17":"product_tag-top-deportivo","18":"product_tag-top-elastico","19":"product_tag-top-fitness","20":"product_tag-top-para-deporte","21":"product_tag-top-transpirable","22":"product_tag-top-versatil","24":"first","25":"instock","26":"taxable","27":"shipping-taxable","28":"purchasable","29":"product-type-variable"},"jetpack_publicize_connections":[],"aioseo_notices":[],"jetpack_sharing_enabled":true,"_links":{"self":[{"href":"https:\/\/www.dharanastyle.com\/ca\/wp-json\/wp\/v2\/product\/9212","targetHints":{"allow":["GET"]}}],"collection":[{"href":"https:\/\/www.dharanastyle.com\/ca\/wp-json\/wp\/v2\/product"}],"about":[{"href":"https:\/\/www.dharanastyle.com\/ca\/wp-json\/wp\/v2\/types\/product"}],"replies":[{"embeddable":true,"href":"https:\/\/www.dharanastyle.com\/ca\/wp-json\/wp\/v2\/comments?post=9212"}],"wp:featuredmedia":[{"embeddable":true,"href":"https:\/\/www.dharanastyle.com\/ca\/wp-json\/wp\/v2\/media\/9227"}],"wp:attachment":[{"href":"https:\/\/www.dharanastyle.com\/ca\/wp-json\/wp\/v2\/media?parent=9212"}],"wp:term":[{"taxonomy":"product_cat","embeddable":true,"href":"https:\/\/www.dharanastyle.com\/ca\/wp-json\/wp\/v2\/product_cat?post=9212"},{"taxonomy":"product_tag","embeddable":true,"href":"https:\/\/www.dharanastyle.com\/ca\/wp-json\/wp\/v2\/product_tag?post=9212"}],"curies":[{"name":"wp","href":"https:\/\/api.w.org\/{rel}","templated":true}]}}