{"id":9194,"date":"2024-05-26T14:03:19","date_gmt":"2024-05-26T12:03:19","guid":{"rendered":"https:\/\/dharanastyle.com\/tienda\/sin%20categor\u00eda\/leggings-capri-de-yoga-con-cintura-alta-comodidad-suavidad-y-calidad-con-estampado-vichy-en-verde-y-blanco\/"},"modified":"2024-08-23T18:13:49","modified_gmt":"2024-08-23T16:13:49","slug":"leggings-capri-de-yoga-con-cintura-alta-comodidad-suavidad-y-calidad-con-estampado-vichy-en-verde-y-blanco","status":"publish","type":"product","link":"https:\/\/www.dharanastyle.com\/ca\/tienda\/leggings\/leggings-capri\/leggings-capri-de-yoga-con-cintura-alta-comodidad-suavidad-y-calidad-con-estampado-vichy-en-verde-y-blanco\/","title":{"rendered":"Leggings Capri de Ioga amb Cintura Alta \u2013 Comoditat, Suavitat i Qualitat amb Estampat Vichy en Verd i Blanc"},"content":{"rendered":"<p>Descobreix els nostres leggings capri de ioga amb cintura alta, dissenyats per oferir-te la m\u00e0xima comoditat, suavitat i qualitat a cada sessi\u00f3 de ioga o activitat di\u00e0ria. Confeccionats amb materials d&#039;alta qualitat, aquests leggings proporcionen un ajustament perfecte i una sensaci\u00f3 agradable en tot moment. El seu cl\u00e0ssic estampat vichy en verd i blanc afegeix un toc fresc i vers\u00e0til al teu vestit, ideal per combinar amb diferents estils. Aquests leggings capri combinen moda i funcionalitat, i s\u00f3n perfectes tant per a les teves pr\u00e0ctiques de ioga com per a un look casual i elegant. Afegeix un toc d&#039;estil i confort a la teva rutina di\u00e0ria amb els nostres leggings capri de ioga amb cintura alta i estampat vichy en verd i blanc!<\/p>\n<p>\u2022 82% poli\u00e8ster, 18% elast\u00e0<br \/>\n\u2022 Mitja panxell<br \/>\n\u2022 Tela el\u00e0stica en quatre direccions molt suau<br \/>\n\u2022 Cintura alta c\u00f2moda<br \/>\n\u2022 Costures planes i punt de cobertura<\/p>","protected":false},"excerpt":{"rendered":"<p>Descubre nuestros leggings capri de yoga con cintura alta, dise\u00f1ados para ofrecerte la m\u00e1xima comodidad, suavidad y calidad en cada sesi\u00f3n de yoga o actividad diaria. Confeccionados con materiales de&#8230;<\/p>","protected":false},"featured_media":9202,"comment_status":"open","ping_status":"closed","template":"","meta":{"jetpack_post_was_ever_published":false,"jetpack_publicize_message":"","jetpack_publicize_feature_enabled":true,"jetpack_social_post_already_shared":true,"jetpack_social_options":{"image_generator_settings":{"template":"highway","enabled":false},"version":2}},"product_cat":[15,175],"product_tag":[279,271,278,216,262,276,284,273,282,283,281,277,267,275,268,264,274,280],"class_list":{"0":"post-9194","1":"product","2":"type-product","3":"status-publish","4":"has-post-thumbnail","6":"product_cat-conjuntos","7":"product_cat-leggings-capri","8":"product_tag-3-4","9":"product_tag-activewear","10":"product_tag-capri","11":"product_tag-cintura-alta","12":"product_tag-diseno-vichy","13":"product_tag-elasticos","14":"product_tag-leggings-casual-deportivos","15":"product_tag-leggings-de-yoga","16":"product_tag-leggings-fitness","17":"product_tag-leggings-transpirables","18":"product_tag-leggings-versatiles","19":"product_tag-microfibra","20":"product_tag-moda-deportiva","21":"product_tag-practicos","22":"product_tag-ropa-comoda-para-ejercicio","23":"product_tag-ropa-de-entrenamiento","24":"product_tag-super-comodos","25":"product_tag-verde-y-blanco","27":"first","28":"instock","29":"taxable","30":"shipping-taxable","31":"purchasable","32":"product-type-variable"},"jetpack_publicize_connections":[],"aioseo_notices":[],"jetpack_sharing_enabled":true,"_links":{"self":[{"href":"https:\/\/www.dharanastyle.com\/ca\/wp-json\/wp\/v2\/product\/9194","targetHints":{"allow":["GET"]}}],"collection":[{"href":"https:\/\/www.dharanastyle.com\/ca\/wp-json\/wp\/v2\/product"}],"about":[{"href":"https:\/\/www.dharanastyle.com\/ca\/wp-json\/wp\/v2\/types\/product"}],"replies":[{"embeddable":true,"href":"https:\/\/www.dharanastyle.com\/ca\/wp-json\/wp\/v2\/comments?post=9194"}],"wp:featuredmedia":[{"embeddable":true,"href":"https:\/\/www.dharanastyle.com\/ca\/wp-json\/wp\/v2\/media\/9202"}],"wp:attachment":[{"href":"https:\/\/www.dharanastyle.com\/ca\/wp-json\/wp\/v2\/media?parent=9194"}],"wp:term":[{"taxonomy":"product_cat","embeddable":true,"href":"https:\/\/www.dharanastyle.com\/ca\/wp-json\/wp\/v2\/product_cat?post=9194"},{"taxonomy":"product_tag","embeddable":true,"href":"https:\/\/www.dharanastyle.com\/ca\/wp-json\/wp\/v2\/product_tag?post=9194"}],"curies":[{"name":"wp","href":"https:\/\/api.w.org\/{rel}","templated":true}]}}