{"id":9162,"date":"2024-05-24T21:03:25","date_gmt":"2024-05-24T19:03:25","guid":{"rendered":"https:\/\/dharanastyle.com\/tienda\/sin%20categor\u00eda\/vestido-de-tirantes-estilo-y-comodidad-con-estampado-de-camuflaje-en-tonalidades-de-verdes-con-hojas\/"},"modified":"2024-07-21T22:49:58","modified_gmt":"2024-07-21T20:49:58","slug":"vestido-de-tirantes-estilo-y-comodidad-con-estampado-de-camuflaje-en-tonalidades-de-verdes-con-hojas","status":"publish","type":"product","link":"https:\/\/www.dharanastyle.com\/ca\/tienda\/vestido-mujer\/vestido-de-tirantes-estilo-y-comodidad-con-estampado-de-camuflaje-en-tonalidades-de-verdes-con-hojas\/","title":{"rendered":"Vestit de Tirants \u2013 Estil i Comoditat amb Estampat de Camuflatge en Tonalitats de Verds amb Fulles"},"content":{"rendered":"<p>Descobreix el nostre vestit de tirants, dissenyat per oferir-te la m\u00e0xima comoditat i estil en qualsevol ocasi\u00f3. Aquest vestit curt i el\u00e0stic amb coll rod\u00f3 s&#039;adapta perfectament a la teva figura, ressaltant les corbes amb eleg\u00e0ncia. Confeccionat amb materials d\u00b4alta qualitat, proporciona una sensaci\u00f3 suau i agradable al contacte amb la pell. El seu original estampat de camuflatge en tonalitats de verds amb fulles afegeix un toc natural i din\u00e0mic al teu vestit. Ideal per a qualsevol sortida casual o esdeveniment, aquest vestit combina moda i funcionalitat de manera impecable. Afegeix un toc de natura i sofisticaci\u00f3 al teu armari amb el nostre vestit de tirants, curt i ajustat amb estampat de camuflatge en tonalitats de verds amb fulles!<\/p>\n<p>\u2022 82% poli\u00e8ster, 18% elast\u00e0<br \/>\n\u2022 Pes del teixit: 230 g\/m\u00b2 (6,78 oz\/id\u00b2), el pes podria variar en un 5%<br \/>\n\u2022 Fabricat amb fil de microfibra suau i agradable al tacte<br \/>\n\u2022 Teixit que s&#039;estira en quatre adreces<br \/>\n\u2022 Components del producte base procedents de la Xina<\/p>","protected":false},"excerpt":{"rendered":"<p>Descubre nuestro vestido de tirantes, dise\u00f1ado para ofrecerte la m\u00e1xima comodidad y estilo en cualquier ocasi\u00f3n. Este vestido corto y el\u00e1stico con cuello redondo se adapta perfectamente a tu figura,&#8230;<\/p>","protected":false},"featured_media":9170,"comment_status":"open","ping_status":"closed","template":"","meta":{"jetpack_post_was_ever_published":false,"jetpack_publicize_message":"","jetpack_publicize_feature_enabled":true,"jetpack_social_post_already_shared":true,"jetpack_social_options":{"image_generator_settings":{"template":"highway","enabled":false},"version":2}},"product_cat":[187],"product_tag":[169],"class_list":{"0":"post-9162","1":"product","2":"type-product","3":"status-publish","4":"has-post-thumbnail","6":"product_cat-vestido-mujer","7":"product_tag-camuflaje","9":"first","10":"instock","11":"taxable","12":"shipping-taxable","13":"purchasable","14":"product-type-variable"},"jetpack_publicize_connections":[],"aioseo_notices":[],"jetpack_sharing_enabled":true,"_links":{"self":[{"href":"https:\/\/www.dharanastyle.com\/ca\/wp-json\/wp\/v2\/product\/9162","targetHints":{"allow":["GET"]}}],"collection":[{"href":"https:\/\/www.dharanastyle.com\/ca\/wp-json\/wp\/v2\/product"}],"about":[{"href":"https:\/\/www.dharanastyle.com\/ca\/wp-json\/wp\/v2\/types\/product"}],"replies":[{"embeddable":true,"href":"https:\/\/www.dharanastyle.com\/ca\/wp-json\/wp\/v2\/comments?post=9162"}],"wp:featuredmedia":[{"embeddable":true,"href":"https:\/\/www.dharanastyle.com\/ca\/wp-json\/wp\/v2\/media\/9170"}],"wp:attachment":[{"href":"https:\/\/www.dharanastyle.com\/ca\/wp-json\/wp\/v2\/media?parent=9162"}],"wp:term":[{"taxonomy":"product_cat","embeddable":true,"href":"https:\/\/www.dharanastyle.com\/ca\/wp-json\/wp\/v2\/product_cat?post=9162"},{"taxonomy":"product_tag","embeddable":true,"href":"https:\/\/www.dharanastyle.com\/ca\/wp-json\/wp\/v2\/product_tag?post=9162"}],"curies":[{"name":"wp","href":"https:\/\/api.w.org\/{rel}","templated":true}]}}