{"id":9137,"date":"2024-05-24T20:56:18","date_gmt":"2024-05-24T18:56:18","guid":{"rendered":"https:\/\/dharanastyle.com\/tienda\/sin%20categor\u00eda\/top-deportivo-con-cuello-redondo-sujecion-y-estilo-con-estampado-vichy-en-blanco-y-negro\/"},"modified":"2024-07-23T22:52:53","modified_gmt":"2024-07-23T20:52:53","slug":"top-deportivo-con-cuello-redondo-sujecion-y-estilo-con-estampado-vichy-en-blanco-y-negro","status":"publish","type":"product","link":"https:\/\/www.dharanastyle.com\/ca\/tienda\/conjuntos\/top-deportivo-con-cuello-redondo-sujecion-y-estilo-con-estampado-vichy-en-blanco-y-negro\/","title":{"rendered":"Top Esportiu amb Coll Rod\u00f3 \u2013 Subjecci\u00f3 i Estil amb Estampat Vichy en Blanc i Negre"},"content":{"rendered":"<p>Descobreix el nostre top esportiu amb coll rod\u00f3, dissenyat per oferir-te la m\u00e0xima comoditat i suport durant les teves sessions de gimn\u00e0s de baixa a mitja intensitat. Confeccionat amb material transpirable que es mant\u00e9 sec, aquest sostenidor esportiu assegura que et sentis fresca i c\u00f2moda en tot moment. El seu elegant estampat vichy en blanc i negre afegeix un toc cl\u00e0ssic i sofisticat al teu vestit esportiu. La pe\u00e7a compta amb un material de subjecci\u00f3 als tirants, un frontal de doble capa i una banda el\u00e0stica al baix que asseguren una subjecci\u00f3 constant i fiable. Afegeix estil i funcionalitat a la teva col\u00b7lecci\u00f3 de roba esportiva amb el nostre top esportiu de coll rod\u00f3 amb estampat vichy en blanc i negre!<\/p>\n<p>\u2022 82% poli\u00e8ster, 18% elast\u00e0<br \/>\n\u2022 Pes del teixit: 230 g\/m\u00b2 (6,78 oz\/id\u00b2), el pes podria variar en un 5%<br \/>\n\u2022 Teixit transpirable<br \/>\n\u2022 Tela el\u00e0stica en 4 adreces que s&#039;estira i es recupera als fils de la trama i de l&#039;ordit<br \/>\n\u2022 Escot rod\u00f3 i esquena nedadora<br \/>\n\u2022 Costures planes i acabat amb biaixos que eviten el fregament<br \/>\n\u2022 Ideal per a copes AC<br \/>\n\u2022 Material de subjecci\u00f3 als tirants, frontal de doble capa i una banda el\u00e0stica al baix<br \/>\n\u2022 Components del producte base als EUA i M\u00e8xic procedents de la Xina<br \/>\n\u2022 Components del producte base a la UE procedents de la Xina i Litu\u00e0nia<\/p>","protected":false},"excerpt":{"rendered":"<p>Descubre nuestro top deportivo con cuello redondo, dise\u00f1ado para ofrecerte la m\u00e1xima comodidad y soporte durante tus sesiones de gimnasio de baja a media intensidad. Confeccionado con material transpirable que&#8230;<\/p>","protected":false},"featured_media":9152,"comment_status":"open","ping_status":"closed","template":"","meta":{"jetpack_post_was_ever_published":false,"jetpack_publicize_message":"","jetpack_publicize_feature_enabled":true,"jetpack_social_post_already_shared":true,"jetpack_social_options":{"image_generator_settings":{"template":"highway","enabled":false},"version":2}},"product_cat":[191,15,174],"product_tag":[271,289,287,285,288,267,268,264,286,272,290,222,266,269],"class_list":{"0":"post-9137","1":"product","2":"type-product","3":"status-publish","4":"has-post-thumbnail","6":"product_cat-tops","7":"product_cat-conjuntos","8":"product_cat-personalizable","9":"product_tag-activewear","10":"product_tag-blanco-y-negro","11":"product_tag-cuello-redondo","12":"product_tag-elastico","13":"product_tag-estampado-vichy","14":"product_tag-moda-deportiva","15":"product_tag-ropa-comoda-para-ejercicio","16":"product_tag-ropa-de-entrenamiento","17":"product_tag-tirantes","18":"product_tag-top-casual-deportivo","19":"product_tag-top-de-gimnasio","20":"product_tag-top-deportivo","21":"product_tag-top-fitness","22":"product_tag-top-transpirable","24":"first","25":"instock","26":"taxable","27":"shipping-taxable","28":"purchasable","29":"product-type-variable"},"jetpack_publicize_connections":[],"aioseo_notices":[],"jetpack_sharing_enabled":true,"_links":{"self":[{"href":"https:\/\/www.dharanastyle.com\/ca\/wp-json\/wp\/v2\/product\/9137","targetHints":{"allow":["GET"]}}],"collection":[{"href":"https:\/\/www.dharanastyle.com\/ca\/wp-json\/wp\/v2\/product"}],"about":[{"href":"https:\/\/www.dharanastyle.com\/ca\/wp-json\/wp\/v2\/types\/product"}],"replies":[{"embeddable":true,"href":"https:\/\/www.dharanastyle.com\/ca\/wp-json\/wp\/v2\/comments?post=9137"}],"wp:featuredmedia":[{"embeddable":true,"href":"https:\/\/www.dharanastyle.com\/ca\/wp-json\/wp\/v2\/media\/9152"}],"wp:attachment":[{"href":"https:\/\/www.dharanastyle.com\/ca\/wp-json\/wp\/v2\/media?parent=9137"}],"wp:term":[{"taxonomy":"product_cat","embeddable":true,"href":"https:\/\/www.dharanastyle.com\/ca\/wp-json\/wp\/v2\/product_cat?post=9137"},{"taxonomy":"product_tag","embeddable":true,"href":"https:\/\/www.dharanastyle.com\/ca\/wp-json\/wp\/v2\/product_tag?post=9137"}],"curies":[{"name":"wp","href":"https:\/\/api.w.org\/{rel}","templated":true}]}}