{"id":9113,"date":"2024-05-24T10:01:07","date_gmt":"2024-05-24T08:01:07","guid":{"rendered":"https:\/\/dharanastyle.com\/tienda\/sin%20categor\u00eda\/leggings-de-cintura-alta-suavidad-y-comodidad-con-estampado-vichy-en-blanco-y-negro\/"},"modified":"2024-08-23T18:17:05","modified_gmt":"2024-08-23T16:17:05","slug":"leggings-de-cintura-alta-suavidad-y-comodidad-con-estampado-vichy-en-blanco-y-negro","status":"publish","type":"product","link":"https:\/\/www.dharanastyle.com\/ca\/tienda\/leggings\/leggings-capri\/leggings-de-cintura-alta-suavidad-y-comodidad-con-estampado-vichy-en-blanco-y-negro\/","title":{"rendered":"Leggings capri amb Estampat Vichy en Blanc i Negre"},"content":{"rendered":"<p>Descobreix els nostres leggings de cintura alta, dissenyats per oferir-te la m\u00e0xima suavitat i comoditat durant les teves pr\u00e0ctiques de ioga i qualsevol ocasi\u00f3. Confeccionats amb materials d&#039;alta qualitat, aquests leggings proporcionen un ajustament perfecte i una sensaci\u00f3 agradable en tot moment. vichy en blanc i negre sobre un fons negre afegeix un toc chic i vers\u00e0til al teu vestit Aquests leggings combinen moda i funcionalitat, sent ideals tant per a exercicis com per a un look casual i elegant. Afegeix un toc destil i confort a la teva rutina di\u00e0ria amb els nostres leggings de cintura alta amb estampat vichy en blanc i negre!<\/p>\n<p>\u2022 82% poli\u00e8ster, 18% elast\u00e0<br \/>\n\u2022 Mitja panxell<br \/>\n\u2022 Tela el\u00e0stica en quatre direccions molt suau<br \/>\n\u2022 Cintura alta c\u00f2moda<br \/>\n\u2022 Costures planes i punt de cobertura<\/p>","protected":false},"excerpt":{"rendered":"<p>Descubre nuestros leggings de cintura alta, dise\u00f1ados para ofrecerte la m\u00e1xima suavidad y comodidad durante tus pr\u00e1cticas de yoga y cualquier ocasi\u00f3n. Confeccionados con materiales de alta calidad, estos leggings&#8230;<\/p>","protected":false},"featured_media":9121,"comment_status":"open","ping_status":"closed","template":"","meta":{"jetpack_post_was_ever_published":false,"jetpack_publicize_message":"","jetpack_publicize_feature_enabled":true,"jetpack_social_post_already_shared":true,"jetpack_social_options":{"image_generator_settings":{"template":"highway","enabled":false},"version":2}},"product_cat":[15,175],"product_tag":[271,289,325,216,288,315,284,318,282,283,316,267,326,327,268,264,196],"class_list":{"0":"post-9113","1":"product","2":"type-product","3":"status-publish","4":"has-post-thumbnail","6":"product_cat-conjuntos","7":"product_cat-leggings-capri","8":"product_tag-activewear","9":"product_tag-blanco-y-negro","10":"product_tag-calidad-premium","11":"product_tag-cintura-alta","12":"product_tag-estampado-vichy","13":"product_tag-gran-suavidad","14":"product_tag-leggings-casual-deportivos","15":"product_tag-leggings-de-gimnasio","16":"product_tag-leggings-fitness","17":"product_tag-leggings-transpirables","18":"product_tag-microfibra-elastica","19":"product_tag-moda-deportiva","20":"product_tag-muy-comodo","21":"product_tag-pantalon-de-yoga-3-4","22":"product_tag-ropa-comoda-para-ejercicio","23":"product_tag-ropa-de-entrenamiento","24":"product_tag-vichy","26":"first","27":"instock","28":"taxable","29":"shipping-taxable","30":"purchasable","31":"product-type-variable"},"jetpack_publicize_connections":[],"aioseo_notices":[],"jetpack_sharing_enabled":true,"_links":{"self":[{"href":"https:\/\/www.dharanastyle.com\/ca\/wp-json\/wp\/v2\/product\/9113","targetHints":{"allow":["GET"]}}],"collection":[{"href":"https:\/\/www.dharanastyle.com\/ca\/wp-json\/wp\/v2\/product"}],"about":[{"href":"https:\/\/www.dharanastyle.com\/ca\/wp-json\/wp\/v2\/types\/product"}],"replies":[{"embeddable":true,"href":"https:\/\/www.dharanastyle.com\/ca\/wp-json\/wp\/v2\/comments?post=9113"}],"wp:featuredmedia":[{"embeddable":true,"href":"https:\/\/www.dharanastyle.com\/ca\/wp-json\/wp\/v2\/media\/9121"}],"wp:attachment":[{"href":"https:\/\/www.dharanastyle.com\/ca\/wp-json\/wp\/v2\/media?parent=9113"}],"wp:term":[{"taxonomy":"product_cat","embeddable":true,"href":"https:\/\/www.dharanastyle.com\/ca\/wp-json\/wp\/v2\/product_cat?post=9113"},{"taxonomy":"product_tag","embeddable":true,"href":"https:\/\/www.dharanastyle.com\/ca\/wp-json\/wp\/v2\/product_tag?post=9113"}],"curies":[{"name":"wp","href":"https:\/\/api.w.org\/{rel}","templated":true}]}}