{"id":9077,"date":"2024-05-22T20:05:41","date_gmt":"2024-05-22T18:05:41","guid":{"rendered":"https:\/\/dharanastyle.com\/tienda\/sin%20categor\u00eda\/leggings-capri-de-yoga-con-cintura-alta-suavidad-y-comodidad-con-estampado-de-nubes-azules\/"},"modified":"2024-07-21T22:53:09","modified_gmt":"2024-07-21T20:53:09","slug":"leggings-capri-de-yoga-con-cintura-alta-suavidad-y-comodidad-con-estampado-de-nubes-azules","status":"publish","type":"product","link":"https:\/\/www.dharanastyle.com\/ca\/tienda\/leggings\/leggings-capri\/leggings-capri-de-yoga-con-cintura-alta-suavidad-y-comodidad-con-estampado-de-nubes-azules\/","title":{"rendered":"Leggings Capri de Ioga amb Cintura Alta \u2013 Suavitat i Comoditat amb Estampat de N\u00favols Blaus"},"content":{"rendered":"<p>Descobreix els nostres leggings capri de ioga amb cintura alta, dissenyats per oferir-te la m\u00e0xima suavitat i comoditat durant les teves pr\u00e0ctiques de ioga i activitats di\u00e0ries. Confeccionats amb materials d&#039;alta qualitat, aquests leggings proporcionen un ajustament perfecte i una sensaci\u00f3 agradable en tot moment. El seu elegant color ivori i l&#039;original estampat de n\u00favols blaus afegeixen un toc creatiu i ser\u00e8 al teu vestit. Aquests leggings capri combinen moda i funcionalitat, i s\u00f3n ideals per a qualsevol rutina d&#039;exercicis o per a un look casual i relaxat. Afegeix un toc d&#039;estil i confort a la teva rutina di\u00e0ria amb els nostres leggings capri de ioga amb cintura alta de color ivori i estampat de n\u00favols blaus!<\/p>\n<p>\u2022 82% poli\u00e8ster, 18% elast\u00e0<br \/>\n\u2022 Mitja panxell<br \/>\n\u2022 Tela el\u00e0stica en quatre direccions molt suau<br \/>\n\u2022 Cintura alta c\u00f2moda<br \/>\n\u2022 Costures planes i punt de cobertura<br \/>\n\u2022 Components del producte base als EUA i M\u00e8xic procedents de la Xina<br \/>\n\u2022 Components del producte base a la UE procedents de la Xina i Litu\u00e0nia<\/p>","protected":false},"excerpt":{"rendered":"<p>Descubre nuestros leggings capri de yoga con cintura alta, dise\u00f1ados para ofrecerte la m\u00e1xima suavidad y comodidad durante tus pr\u00e1cticas de yoga y actividades diarias. Confeccionados con materiales de alta&#8230;<\/p>","protected":false},"featured_media":9085,"comment_status":"open","ping_status":"closed","template":"","meta":{"jetpack_post_was_ever_published":false,"jetpack_publicize_message":"","jetpack_publicize_feature_enabled":true,"jetpack_social_post_already_shared":true,"jetpack_social_options":{"image_generator_settings":{"template":"highway","enabled":false},"version":2}},"product_cat":[175,174],"product_tag":[164],"class_list":{"0":"post-9077","1":"product","2":"type-product","3":"status-publish","4":"has-post-thumbnail","6":"product_cat-leggings-capri","7":"product_cat-personalizable","8":"product_tag-ilustracion","10":"first","11":"instock","12":"taxable","13":"shipping-taxable","14":"purchasable","15":"product-type-variable"},"jetpack_publicize_connections":[],"aioseo_notices":[],"jetpack_sharing_enabled":true,"_links":{"self":[{"href":"https:\/\/www.dharanastyle.com\/ca\/wp-json\/wp\/v2\/product\/9077","targetHints":{"allow":["GET"]}}],"collection":[{"href":"https:\/\/www.dharanastyle.com\/ca\/wp-json\/wp\/v2\/product"}],"about":[{"href":"https:\/\/www.dharanastyle.com\/ca\/wp-json\/wp\/v2\/types\/product"}],"replies":[{"embeddable":true,"href":"https:\/\/www.dharanastyle.com\/ca\/wp-json\/wp\/v2\/comments?post=9077"}],"wp:featuredmedia":[{"embeddable":true,"href":"https:\/\/www.dharanastyle.com\/ca\/wp-json\/wp\/v2\/media\/9085"}],"wp:attachment":[{"href":"https:\/\/www.dharanastyle.com\/ca\/wp-json\/wp\/v2\/media?parent=9077"}],"wp:term":[{"taxonomy":"product_cat","embeddable":true,"href":"https:\/\/www.dharanastyle.com\/ca\/wp-json\/wp\/v2\/product_cat?post=9077"},{"taxonomy":"product_tag","embeddable":true,"href":"https:\/\/www.dharanastyle.com\/ca\/wp-json\/wp\/v2\/product_tag?post=9077"}],"curies":[{"name":"wp","href":"https:\/\/api.w.org\/{rel}","templated":true}]}}