{"id":8893,"date":"2024-05-21T10:00:19","date_gmt":"2024-05-21T08:00:19","guid":{"rendered":"https:\/\/dharanastyle.com\/tienda\/sin%20categor\u00eda\/vestido-de-tirantes-ajustado-estilo-a-la-moda-con-estampado-vichy-en-blanco-y-negro\/"},"modified":"2024-08-23T18:47:02","modified_gmt":"2024-08-23T16:47:02","slug":"vestido-de-tirantes-ajustado-estilo-a-la-moda-con-estampado-vichy-en-blanco-y-negro","status":"publish","type":"product","link":"https:\/\/www.dharanastyle.com\/ca\/tienda\/vestido-mujer\/vestido-de-tirantes-ajustado-estilo-a-la-moda-con-estampado-vichy-en-blanco-y-negro\/","title":{"rendered":"Vestit de Tirants Ajustat \u2013 Estil a la Moda amb Estampat Vichy en Blanc i Negre"},"content":{"rendered":"<p>Descobreix el nostre vestit de tirants ajustat i el\u00e0stic, dissenyat per oferir-te la m\u00e0xima comoditat i estil cada vegada. Confeccionat amb materials d\u00b4alta qualitat, aquest vestit s\u00b4adapta perfectament a la teva figura, ressaltant les teves corbes de manera elegant. El seu estampat vichy en blanc i negre, que est\u00e0 molt de moda, afegeix un toc cl\u00e0ssic i sofisticat al teu vestit. Amb un coll rod\u00f3 que aporta un acabat refinat, aquest vestit \u00e9s ideal per a qualsevol esdeveniment, des d\u00b4una sortida casual fins a una ocasi\u00f3 especial. Afegeix un toc modern i chic al teu armari amb el nostre vestit de tirants ajustat i el\u00e0stic amb estampat vichy en blanc i negre!<\/p>\n<p>\u2022 82% poli\u00e8ster, 18% elast\u00e0<br \/>\n\u2022 Pes del teixit: 230 g\/m\u00b2 (6,78 oz\/id\u00b2), el pes podria variar en un 5%<br \/>\n\u2022 Fabricat amb fil de microfibra suau i agradable al tacte<br \/>\n\u2022 Teixit que s&#039;estira en quatre adreces<\/p>","protected":false},"excerpt":{"rendered":"<p>Descubre nuestro vestido de tirantes ajustado y el\u00e1stico, dise\u00f1ado para ofrecerte la m\u00e1xima comodidad y estilo en cada ocasi\u00f3n. Confeccionado con materiales de alta calidad, este vestido se adapta perfectamente&#8230;<\/p>","protected":false},"featured_media":8901,"comment_status":"open","ping_status":"closed","template":"","meta":{"jetpack_post_was_ever_published":false,"jetpack_publicize_message":"","jetpack_publicize_feature_enabled":true,"jetpack_social_post_already_shared":true,"jetpack_social_options":{"image_generator_settings":{"template":"highway","enabled":false},"version":2}},"product_cat":[187],"product_tag":[196],"class_list":{"0":"post-8893","1":"product","2":"type-product","3":"status-publish","4":"has-post-thumbnail","6":"product_cat-vestido-mujer","7":"product_tag-vichy","9":"first","10":"instock","11":"taxable","12":"shipping-taxable","13":"purchasable","14":"product-type-variable"},"jetpack_publicize_connections":[],"aioseo_notices":[],"jetpack_sharing_enabled":true,"_links":{"self":[{"href":"https:\/\/www.dharanastyle.com\/ca\/wp-json\/wp\/v2\/product\/8893","targetHints":{"allow":["GET"]}}],"collection":[{"href":"https:\/\/www.dharanastyle.com\/ca\/wp-json\/wp\/v2\/product"}],"about":[{"href":"https:\/\/www.dharanastyle.com\/ca\/wp-json\/wp\/v2\/types\/product"}],"replies":[{"embeddable":true,"href":"https:\/\/www.dharanastyle.com\/ca\/wp-json\/wp\/v2\/comments?post=8893"}],"wp:featuredmedia":[{"embeddable":true,"href":"https:\/\/www.dharanastyle.com\/ca\/wp-json\/wp\/v2\/media\/8901"}],"wp:attachment":[{"href":"https:\/\/www.dharanastyle.com\/ca\/wp-json\/wp\/v2\/media?parent=8893"}],"wp:term":[{"taxonomy":"product_cat","embeddable":true,"href":"https:\/\/www.dharanastyle.com\/ca\/wp-json\/wp\/v2\/product_cat?post=8893"},{"taxonomy":"product_tag","embeddable":true,"href":"https:\/\/www.dharanastyle.com\/ca\/wp-json\/wp\/v2\/product_tag?post=8893"}],"curies":[{"name":"wp","href":"https:\/\/api.w.org\/{rel}","templated":true}]}}