{"id":8877,"date":"2024-05-21T09:53:08","date_gmt":"2024-05-21T07:53:08","guid":{"rendered":"https:\/\/dharanastyle.com\/tienda\/sin%20categor\u00eda\/tote-bag-muy-resistente-estilo-a-la-moda-con-estampado-vichy-en-blanco-y-negro\/"},"modified":"2024-08-23T18:48:40","modified_gmt":"2024-08-23T16:48:40","slug":"tote-bag-muy-resistente-estilo-a-la-moda-con-estampado-vichy-en-blanco-y-negro","status":"publish","type":"product","link":"https:\/\/www.dharanastyle.com\/ca\/tienda\/lifestyle\/bolsas\/tote-bag-muy-resistente-estilo-a-la-moda-con-estampado-vichy-en-blanco-y-negro\/","title":{"rendered":"Tote Bag Molt Resistent \u2013 Estil a la Moda amb Estampat Vichy en Blanc i Negre"},"content":{"rendered":"<p>Descobreix la nostra tote bag molt resistent, dissenyada per oferir durabilitat i estil a cada \u00fas. Confeccionada amb materials d&#039;alta qualitat, aquesta tote bag \u00e9s perfecta per portar tot all\u00f2 que necessiteu, des de llibres i compres fins a articles d&#039;\u00fas diari. El seu estampat vichy en blanc i negre, que est\u00e0 molt de moda, afegeix un toc cl\u00e0ssic i elegant a la teva roba. Aquesta tote bag combina funcionalitat i disseny, proporcionant un accessori pr\u00e0ctic ia la moda. Afegeix un toc d&#039;estil modern i sofisticat a la teva col\u00b7lecci\u00f3 amb la nostra tote bag resistent amb estampat vichy en blanc i negre!<\/p>\n<p>\u2022 100% poli\u00e8ster filat<br \/>\n\u2022 Dimensions: 38,1 x 38,1 cm (15\u2033 x 15\u2033)<br \/>\n\u2022 Capacitat: 10 L (2,6 US gal)<br \/>\n\u2022 L\u00edmit m\u00e0xim de pes: 20 kg (44 lbs)<br \/>\n\u2022 Nansa doble de 100% cot\u00f3 natural bull denim<br \/>\n\u2022 Llarg de la nansa: 30 cm (11,8\u2033), ample 2,5cm (1\u2033)<\/p>","protected":false},"excerpt":{"rendered":"<p>Descubre nuestra tote bag muy resistente, dise\u00f1ada para ofrecer durabilidad y estilo en cada uso. Confeccionada con materiales de alta calidad, esta tote bag es perfecta para llevar todo lo&#8230;<\/p>","protected":false},"featured_media":8881,"comment_status":"open","ping_status":"closed","template":"","meta":{"jetpack_post_was_ever_published":false,"jetpack_publicize_message":"","jetpack_publicize_feature_enabled":true,"jetpack_social_post_already_shared":true,"jetpack_social_options":{"image_generator_settings":{"template":"highway","enabled":false},"version":2}},"product_cat":[56],"product_tag":[],"class_list":{"0":"post-8877","1":"product","2":"type-product","3":"status-publish","4":"has-post-thumbnail","6":"product_cat-bolsas","8":"first","9":"instock","10":"taxable","11":"shipping-taxable","12":"purchasable","13":"product-type-variable"},"jetpack_publicize_connections":[],"aioseo_notices":[],"jetpack_sharing_enabled":true,"_links":{"self":[{"href":"https:\/\/www.dharanastyle.com\/ca\/wp-json\/wp\/v2\/product\/8877","targetHints":{"allow":["GET"]}}],"collection":[{"href":"https:\/\/www.dharanastyle.com\/ca\/wp-json\/wp\/v2\/product"}],"about":[{"href":"https:\/\/www.dharanastyle.com\/ca\/wp-json\/wp\/v2\/types\/product"}],"replies":[{"embeddable":true,"href":"https:\/\/www.dharanastyle.com\/ca\/wp-json\/wp\/v2\/comments?post=8877"}],"wp:featuredmedia":[{"embeddable":true,"href":"https:\/\/www.dharanastyle.com\/ca\/wp-json\/wp\/v2\/media\/8881"}],"wp:attachment":[{"href":"https:\/\/www.dharanastyle.com\/ca\/wp-json\/wp\/v2\/media?parent=8877"}],"wp:term":[{"taxonomy":"product_cat","embeddable":true,"href":"https:\/\/www.dharanastyle.com\/ca\/wp-json\/wp\/v2\/product_cat?post=8877"},{"taxonomy":"product_tag","embeddable":true,"href":"https:\/\/www.dharanastyle.com\/ca\/wp-json\/wp\/v2\/product_tag?post=8877"}],"curies":[{"name":"wp","href":"https:\/\/api.w.org\/{rel}","templated":true}]}}