{"id":8748,"date":"2024-05-20T09:30:40","date_gmt":"2024-05-20T07:30:40","guid":{"rendered":"https:\/\/dharanastyle.com\/tienda\/sin%20categor\u00eda\/leggings-capri-de-cintura-baja-comodidad-y-estilo-con-patron-geometrico-cubista-2\/"},"modified":"2024-08-23T19:16:54","modified_gmt":"2024-08-23T17:16:54","slug":"leggings-capri-de-cintura-baja-comodidad-y-estilo-con-patron-geometrico-cubista-2","status":"publish","type":"product","link":"https:\/\/www.dharanastyle.com\/ca\/tienda\/leggings\/leggings-capri-cintura-baja\/leggings-capri-de-cintura-baja-comodidad-y-estilo-con-patron-geometrico-cubista-2\/","title":{"rendered":"Leggings Capri de Cintura Baixa \u2013 Comoditat i Estil amb Patr\u00f3 Geom\u00e8tric Cubista"},"content":{"rendered":"<p>Descobreix els nostres leggings capri de cintura baixa, dissenyats per oferir-te la m\u00e0xima comoditat i suavitat a cada moviment. Confeccionats amb materials d\u00b4alta qualitat, aquests leggings capri s\u00f3n perfectes per a qualsevol activitat, ja sigui fer exercici, practicar ioga o gaudir d\u00b4un dia casual. El seu disseny presenta un distintiu patr\u00f3 geom\u00e8tric tipus cubista en tonalitats verdes, taronja, ocre i beix, afegint un toc art\u00edstic i sofisticat al teu vestit. Aquests leggings capri combinen moda i funcionalitat, proporcionant un ajustament perfecte i una sensaci\u00f3 agradable en tot moment. Afegeix un toc d&#039;art i eleg\u00e0ncia a la teva rutina di\u00e0ria amb els nostres leggings capri de patr\u00f3 geom\u00e8tric cubista en tonalitats verdes, taronja, ocre i beix!<\/p>\n<p>\u2022 82% poli\u00e8ster, 18% elast\u00e0<br \/>\n\u2022 Pes del teixit: 230 g\/m\u00b2 (6,78 oz\/id\u00b2) (El pes podria variar en un 5%)<br \/>\n\u2022 FPU 38-40<br \/>\n\u2022 El material s&#039;estira a les 4 direccions, \u00e9s a dir, la tela s&#039;estira i es recupera als fils de la trama i de l&#039;ordit<br \/>\n\u2022 Elaborada amb fil de microfibra suau i agradable al tacte<br \/>\n\u2022 Tall de precisi\u00f3 i cosit a m\u00e0 despr\u00e9s del proc\u00e9s d&#039;estampaci\u00f3<\/p>","protected":false},"excerpt":{"rendered":"<p>Descubre nuestros leggings capri de cintura baja, dise\u00f1ados para ofrecerte la m\u00e1xima comodidad y suavidad en cada movimiento. Confeccionados con materiales de alta calidad, estos leggings capri son perfectos para&#8230;<\/p>","protected":false},"featured_media":8756,"comment_status":"open","ping_status":"closed","template":"","meta":{"jetpack_post_was_ever_published":false,"jetpack_publicize_message":"","jetpack_publicize_feature_enabled":true,"jetpack_social_post_already_shared":true,"jetpack_social_options":{"image_generator_settings":{"template":"highway","enabled":false},"version":2}},"product_cat":[179],"product_tag":[124],"class_list":{"0":"post-8748","1":"product","2":"type-product","3":"status-publish","4":"has-post-thumbnail","6":"product_cat-leggings-capri-cintura-baja","7":"product_tag-geometrico","9":"first","10":"instock","11":"taxable","12":"shipping-taxable","13":"purchasable","14":"product-type-variable"},"jetpack_publicize_connections":[],"aioseo_notices":[],"jetpack_sharing_enabled":true,"_links":{"self":[{"href":"https:\/\/www.dharanastyle.com\/ca\/wp-json\/wp\/v2\/product\/8748","targetHints":{"allow":["GET"]}}],"collection":[{"href":"https:\/\/www.dharanastyle.com\/ca\/wp-json\/wp\/v2\/product"}],"about":[{"href":"https:\/\/www.dharanastyle.com\/ca\/wp-json\/wp\/v2\/types\/product"}],"replies":[{"embeddable":true,"href":"https:\/\/www.dharanastyle.com\/ca\/wp-json\/wp\/v2\/comments?post=8748"}],"wp:featuredmedia":[{"embeddable":true,"href":"https:\/\/www.dharanastyle.com\/ca\/wp-json\/wp\/v2\/media\/8756"}],"wp:attachment":[{"href":"https:\/\/www.dharanastyle.com\/ca\/wp-json\/wp\/v2\/media?parent=8748"}],"wp:term":[{"taxonomy":"product_cat","embeddable":true,"href":"https:\/\/www.dharanastyle.com\/ca\/wp-json\/wp\/v2\/product_cat?post=8748"},{"taxonomy":"product_tag","embeddable":true,"href":"https:\/\/www.dharanastyle.com\/ca\/wp-json\/wp\/v2\/product_tag?post=8748"}],"curies":[{"name":"wp","href":"https:\/\/api.w.org\/{rel}","templated":true}]}}