{"id":8575,"date":"2024-05-19T18:44:08","date_gmt":"2024-05-19T16:44:08","guid":{"rendered":"https:\/\/dharanastyle.com\/tienda\/sin%20categor\u00eda\/tote-bag-resistente-calidad-superior-con-estampado-vichy-en-blanco-y-azul-claro\/"},"modified":"2024-08-23T21:07:53","modified_gmt":"2024-08-23T19:07:53","slug":"tote-bag-resistente-calidad-superior-con-estampado-vichy-en-blanco-y-azul-claro","status":"publish","type":"product","link":"https:\/\/www.dharanastyle.com\/ca\/tienda\/lifestyle\/bolsas\/tote-bag-resistente-calidad-superior-con-estampado-vichy-en-blanco-y-azul-claro\/","title":{"rendered":"Tote Bag Resistent \u2013 Qualitat Superior amb Estampat Vichy en Blanc i Blau Clar."},"content":{"rendered":"<p>Descobreix la nostra tote bag resistent de gran qualitat, dissenyada per oferir durabilitat i estil en cada \u00fas. Confeccionada amb materials robustos, aquesta tote bag \u00e9s ideal per portar tot all\u00f2 que necessitis, des de llibres i compres fins a articles d&#039;\u00fas diari. El seu elegant estampat estil vichy en blanc i blau clar afegeix un toc cl\u00e0ssic i fresc a la teva roba. A m\u00e9s, pots escollir el color de les nanses entre vermell, negre i ocre, permetent personalitzar-la al teu gust. Aquesta tote bag combina funcionalitat i disseny, proporcionant un accessori pr\u00e0ctic ia la moda. Afegeix un toc d&#039;eleg\u00e0ncia i versatilitat a la teva col\u00b7lecci\u00f3 amb la nostra tote bag resistent de vichy!<\/p>\n<p>\u2022 100% poli\u00e8ster filat<br \/>\n\u2022 Dimensions: 38,1 x 38,1 cm (15\u2033 x 15\u2033)<br \/>\n\u2022 Capacitat: 10 L (2,6 US gal)<br \/>\n\u2022 L\u00edmit m\u00e0xim de pes: 20 kg (44 lbs)<br \/>\n\u2022 Nansa doble de 100% cot\u00f3 natural bull denim<br \/>\n\u2022 Llarg de la nansa: 30 cm (11,8\u2033), ample 2,5cm (1\u2033)<\/p>","protected":false},"excerpt":{"rendered":"<p>Descubre nuestra tote bag resistente de gran calidad, dise\u00f1ada para ofrecerte durabilidad y estilo en cada uso. Confeccionada con materiales robustos, esta tote bag es ideal para llevar todo lo&#8230;<\/p>","protected":false},"featured_media":8579,"comment_status":"open","ping_status":"closed","template":"","meta":{"jetpack_post_was_ever_published":false,"jetpack_publicize_message":"","jetpack_publicize_feature_enabled":true,"jetpack_social_post_already_shared":true,"jetpack_social_options":{"image_generator_settings":{"template":"highway","enabled":false},"version":2}},"product_cat":[56],"product_tag":[],"class_list":{"0":"post-8575","1":"product","2":"type-product","3":"status-publish","4":"has-post-thumbnail","6":"product_cat-bolsas","8":"first","9":"instock","10":"taxable","11":"shipping-taxable","12":"purchasable","13":"product-type-variable"},"jetpack_publicize_connections":[],"aioseo_notices":[],"jetpack_sharing_enabled":true,"_links":{"self":[{"href":"https:\/\/www.dharanastyle.com\/ca\/wp-json\/wp\/v2\/product\/8575","targetHints":{"allow":["GET"]}}],"collection":[{"href":"https:\/\/www.dharanastyle.com\/ca\/wp-json\/wp\/v2\/product"}],"about":[{"href":"https:\/\/www.dharanastyle.com\/ca\/wp-json\/wp\/v2\/types\/product"}],"replies":[{"embeddable":true,"href":"https:\/\/www.dharanastyle.com\/ca\/wp-json\/wp\/v2\/comments?post=8575"}],"wp:featuredmedia":[{"embeddable":true,"href":"https:\/\/www.dharanastyle.com\/ca\/wp-json\/wp\/v2\/media\/8579"}],"wp:attachment":[{"href":"https:\/\/www.dharanastyle.com\/ca\/wp-json\/wp\/v2\/media?parent=8575"}],"wp:term":[{"taxonomy":"product_cat","embeddable":true,"href":"https:\/\/www.dharanastyle.com\/ca\/wp-json\/wp\/v2\/product_cat?post=8575"},{"taxonomy":"product_tag","embeddable":true,"href":"https:\/\/www.dharanastyle.com\/ca\/wp-json\/wp\/v2\/product_tag?post=8575"}],"curies":[{"name":"wp","href":"https:\/\/api.w.org\/{rel}","templated":true}]}}