{"id":8539,"date":"2024-05-19T18:29:16","date_gmt":"2024-05-19T16:29:16","guid":{"rendered":"https:\/\/dharanastyle.com\/tienda\/sin%20categor\u00eda\/leggings-capri-de-yoga-de-cintura-alta-comodidad-y-estilo-con-diseno-floral-en-los-laterales\/"},"modified":"2024-08-23T21:11:41","modified_gmt":"2024-08-23T19:11:41","slug":"leggings-capri-de-yoga-de-cintura-alta-comodidad-y-estilo-con-diseno-floral-en-los-laterales","status":"publish","type":"product","link":"https:\/\/www.dharanastyle.com\/ca\/tienda\/leggings\/leggings-capri\/leggings-capri-de-yoga-de-cintura-alta-comodidad-y-estilo-con-diseno-floral-en-los-laterales\/","title":{"rendered":"Leggings Capri de Ioga de Cintura Alta \u2013 Comoditat i Estil amb Disseny Floral als laterals"},"content":{"rendered":"<p>Descobreix els nostres leggings capri de ioga de cintura alta, dissenyats per oferir-te la m\u00e0xima comoditat i suavitat durant les teves sessions de ioga i entrenaments. Confeccionats amb materials d&#039;alta qualitat, aquests leggings capri proporcionen un ajustament perfecte que s&#039;adapta al cos mentre et mous. El seu disseny en un to fosc presenta un preci\u00f3s disseny floral als laterals amb tonalitats blau brillant, afegint un toc seri\u00f3s i espectacular al teu vestit. Aquests leggings capri combinen moda i funcionalitat, proporcionant suport i estil a cada moviment. Afegeix un toc d&#039;eleg\u00e0ncia i sofisticaci\u00f3 a la teva pr\u00e0ctica de ioga amb els nostres leggings capri de disseny floral amb tons blaus brillants!<\/p>\n<p>\u2022 82% poli\u00e8ster, 18% elast\u00e0<br \/>\n\u2022 Mitja panxell<br \/>\n\u2022 Tela el\u00e0stica en quatre direccions molt suau<br \/>\n\u2022 Cintura alta c\u00f2moda<br \/>\n\u2022 Costures planes i punt de cobertura<\/p>","protected":false},"excerpt":{"rendered":"<p>Descubre nuestros leggings capri de yoga de cintura alta, dise\u00f1ados para ofrecerte la m\u00e1xima comodidad y suavidad durante tus sesiones de yoga y entrenamientos. Confeccionados con materiales de alta calidad,&#8230;<\/p>","protected":false},"featured_media":9237,"comment_status":"open","ping_status":"closed","template":"","meta":{"jetpack_post_was_ever_published":false,"jetpack_publicize_message":"","jetpack_publicize_feature_enabled":true,"jetpack_social_post_already_shared":true,"jetpack_social_options":{"image_generator_settings":{"template":"highway","enabled":false},"version":2}},"product_cat":[175,174],"product_tag":[119],"class_list":{"0":"post-8539","1":"product","2":"type-product","3":"status-publish","4":"has-post-thumbnail","6":"product_cat-leggings-capri","7":"product_cat-personalizable","8":"product_tag-floral","10":"first","11":"instock","12":"featured","13":"taxable","14":"shipping-taxable","15":"purchasable","16":"product-type-variable"},"jetpack_publicize_connections":[],"aioseo_notices":[],"jetpack_sharing_enabled":true,"_links":{"self":[{"href":"https:\/\/www.dharanastyle.com\/ca\/wp-json\/wp\/v2\/product\/8539","targetHints":{"allow":["GET"]}}],"collection":[{"href":"https:\/\/www.dharanastyle.com\/ca\/wp-json\/wp\/v2\/product"}],"about":[{"href":"https:\/\/www.dharanastyle.com\/ca\/wp-json\/wp\/v2\/types\/product"}],"replies":[{"embeddable":true,"href":"https:\/\/www.dharanastyle.com\/ca\/wp-json\/wp\/v2\/comments?post=8539"}],"wp:featuredmedia":[{"embeddable":true,"href":"https:\/\/www.dharanastyle.com\/ca\/wp-json\/wp\/v2\/media\/9237"}],"wp:attachment":[{"href":"https:\/\/www.dharanastyle.com\/ca\/wp-json\/wp\/v2\/media?parent=8539"}],"wp:term":[{"taxonomy":"product_cat","embeddable":true,"href":"https:\/\/www.dharanastyle.com\/ca\/wp-json\/wp\/v2\/product_cat?post=8539"},{"taxonomy":"product_tag","embeddable":true,"href":"https:\/\/www.dharanastyle.com\/ca\/wp-json\/wp\/v2\/product_tag?post=8539"}],"curies":[{"name":"wp","href":"https:\/\/api.w.org\/{rel}","templated":true}]}}