{"id":8485,"date":"2024-05-19T18:10:16","date_gmt":"2024-05-19T16:10:16","guid":{"rendered":"https:\/\/dharanastyle.com\/tienda\/sin%20categor\u00eda\/leggings-capri-3-4-de-cintura-baja-comodidad-y-estilo-con-estampado-de-formas-geometricas\/"},"modified":"2024-09-03T09:51:10","modified_gmt":"2024-09-03T07:51:10","slug":"leggings-capri-3-4-de-cintura-baja-comodidad-y-estilo-con-estampado-de-formas-geometricas","status":"publish","type":"product","link":"https:\/\/www.dharanastyle.com\/ca\/tienda\/leggings\/leggings-capri-cintura-baja\/leggings-capri-3-4-de-cintura-baja-comodidad-y-estilo-con-estampado-de-formas-geometricas\/","title":{"rendered":"Leggings Capri 3\/4 de Cintura Baixa \u2013 Comoditat i Estil amb Estampat de Formes Geom\u00e8triques"},"content":{"rendered":"<p>Descobreix els nostres leggings capri 3\/4 de cintura baixa, dissenyats per oferir-te la m\u00e0xima comoditat i suavitat a cada moviment. Confeccionats amb materials d\u00b4alta qualitat, aquests leggings capri s\u00f3n perfectes per a qualsevol activitat, ja sigui fer exercici, practicar ioga o gaudir d\u00b4un dia casual. El seu disseny presenta un modern estampat de formes geom\u00e8triques en tons blaus, blancs i marrons, afegint un toc sofisticat i elegant al teu vestit. Aquests leggings capri combinen moda i funcionalitat, proporcionant un ajustament perfecte i una sensaci\u00f3 agradable en tot moment. Afegeix un toc d&#039;estil i confort a la teva rutina di\u00e0ria amb els nostres leggings capri 3\/4 d&#039;estampaci\u00f3 geom\u00e8tric amb tons blaus, blancs i marrons!<\/p>\n<p>\u2022 82% poli\u00e8ster, 18% elast\u00e0<br \/>\n\u2022 Pes del teixit: 230 g\/m\u00b2 (6,78 oz\/id\u00b2) (El pes podria variar en un 5%)<br \/>\n\u2022 FPU 38-40<br \/>\n\u2022 El material s&#039;estira a les 4 direccions, \u00e9s a dir, la tela s&#039;estira i es recupera als fils de la trama i de l&#039;ordit<br \/>\n\u2022 Elaborada amb fil de microfibra suau i agradable al tacte<br \/>\n\u2022 Tall de precisi\u00f3 i cosit a m\u00e0 despr\u00e9s del proc\u00e9s d&#039;estampaci\u00f3.<\/p>","protected":false},"excerpt":{"rendered":"<p>Descubre nuestros leggings capri 3\/4 de cintura baja, dise\u00f1ados para ofrecerte la m\u00e1xima comodidad y suavidad en cada movimiento. Confeccionados con materiales de alta calidad, estos leggings capri son perfectos&#8230;<\/p>","protected":false},"featured_media":8493,"comment_status":"open","ping_status":"closed","template":"","meta":{"jetpack_post_was_ever_published":false,"jetpack_publicize_message":"","jetpack_publicize_feature_enabled":true,"jetpack_social_post_already_shared":true,"jetpack_social_options":{"image_generator_settings":{"template":"highway","enabled":false},"version":2}},"product_cat":[179],"product_tag":[],"class_list":{"0":"post-8485","1":"product","2":"type-product","3":"status-publish","4":"has-post-thumbnail","6":"product_cat-leggings-capri-cintura-baja","8":"first","9":"instock","10":"taxable","11":"shipping-taxable","12":"purchasable","13":"product-type-variable"},"jetpack_publicize_connections":[],"aioseo_notices":[],"jetpack_sharing_enabled":true,"_links":{"self":[{"href":"https:\/\/www.dharanastyle.com\/ca\/wp-json\/wp\/v2\/product\/8485","targetHints":{"allow":["GET"]}}],"collection":[{"href":"https:\/\/www.dharanastyle.com\/ca\/wp-json\/wp\/v2\/product"}],"about":[{"href":"https:\/\/www.dharanastyle.com\/ca\/wp-json\/wp\/v2\/types\/product"}],"replies":[{"embeddable":true,"href":"https:\/\/www.dharanastyle.com\/ca\/wp-json\/wp\/v2\/comments?post=8485"}],"wp:featuredmedia":[{"embeddable":true,"href":"https:\/\/www.dharanastyle.com\/ca\/wp-json\/wp\/v2\/media\/8493"}],"wp:attachment":[{"href":"https:\/\/www.dharanastyle.com\/ca\/wp-json\/wp\/v2\/media?parent=8485"}],"wp:term":[{"taxonomy":"product_cat","embeddable":true,"href":"https:\/\/www.dharanastyle.com\/ca\/wp-json\/wp\/v2\/product_cat?post=8485"},{"taxonomy":"product_tag","embeddable":true,"href":"https:\/\/www.dharanastyle.com\/ca\/wp-json\/wp\/v2\/product_tag?post=8485"}],"curies":[{"name":"wp","href":"https:\/\/api.w.org\/{rel}","templated":true}]}}