{"id":8376,"date":"2024-05-17T21:55:01","date_gmt":"2024-05-17T19:55:01","guid":{"rendered":"https:\/\/dharanastyle.com\/tienda\/sin%20categor\u00eda\/leggings-capri-3-4-de-cintura-baja-comodidad-y-estilo-con-geometria-sagrada\/"},"modified":"2024-09-03T10:06:27","modified_gmt":"2024-09-03T08:06:27","slug":"leggings-capri-3-4-de-cintura-baja-comodidad-y-estilo-con-geometria-sagrada","status":"publish","type":"product","link":"https:\/\/www.dharanastyle.com\/ca\/tienda\/leggings\/leggings-capri-cintura-baja\/leggings-capri-3-4-de-cintura-baja-comodidad-y-estilo-con-geometria-sagrada\/","title":{"rendered":"Leggings Capri 3\/4 de Cintura Baixa \u2013 Comoditat i Estil amb Geometria Sagrada."},"content":{"rendered":"<p>Descobreix els nostres leggings capri 3\/4 de cintura baixa, dissenyats per oferir-te la m\u00e0xima comoditat i suavitat a cada moviment. Confeccionats amb materials d\u00b4alta qualitat, aquests leggings capri s\u00f3n ideals per a qualsevol activitat, ja sigui fer exercici, practicar ioga o gaudir d\u00b4un dia casual. El seu disseny en color negre es complementa amb una cridanera geometria en colors groc, verd i lila a la part inferior de les dues cames, afegint-hi un toc d&#039;estil modern i vibrant a la teva roba. Aquests leggings capri combinen moda i funcionalitat, proporcionant un ajustament perfecte i una sensaci\u00f3 agradable en tot moment. Afegeix un toc d&#039;eleg\u00e0ncia i color a la teva rutina di\u00e0ria amb els nostres leggings capri 3\/4 negres amb geometria en groc, verd i lila!<\/p>\n<p>\u2022 82% poli\u00e8ster, 18% elast\u00e0<br \/>\n\u2022 Pes del teixit: 230 g\/m\u00b2 (6,78 oz\/id\u00b2) (El pes podria variar en un 5%)<br \/>\n\u2022 FPU 38-40<br \/>\n\u2022 El material s&#039;estira a les 4 direccions, \u00e9s a dir, la tela s&#039;estira i es recupera als fils de la trama i de l&#039;ordit<br \/>\n\u2022 Elaborada amb fil de microfibra suau i agradable al tacte<br \/>\n\u2022 Tall de precisi\u00f3 i cosit a m\u00e0 despr\u00e9s del proc\u00e9s d&#039;estampaci\u00f3<\/p>","protected":false},"excerpt":{"rendered":"<p>Descubre nuestros leggings capri 3\/4 de cintura baja, dise\u00f1ados para ofrecerte la m\u00e1xima comodidad y suavidad en cada movimiento. Confeccionados con materiales de alta calidad, estos leggings capri son ideales&#8230;<\/p>","protected":false},"featured_media":8384,"comment_status":"open","ping_status":"closed","template":"","meta":{"jetpack_post_was_ever_published":false,"jetpack_publicize_message":"","jetpack_publicize_feature_enabled":true,"jetpack_social_post_already_shared":true,"jetpack_social_options":{"image_generator_settings":{"template":"highway","enabled":false},"version":2}},"product_cat":[179],"product_tag":[],"class_list":{"0":"post-8376","1":"product","2":"type-product","3":"status-publish","4":"has-post-thumbnail","6":"product_cat-leggings-capri-cintura-baja","8":"first","9":"instock","10":"taxable","11":"shipping-taxable","12":"purchasable","13":"product-type-variable"},"jetpack_publicize_connections":[],"aioseo_notices":[],"jetpack_sharing_enabled":true,"_links":{"self":[{"href":"https:\/\/www.dharanastyle.com\/ca\/wp-json\/wp\/v2\/product\/8376","targetHints":{"allow":["GET"]}}],"collection":[{"href":"https:\/\/www.dharanastyle.com\/ca\/wp-json\/wp\/v2\/product"}],"about":[{"href":"https:\/\/www.dharanastyle.com\/ca\/wp-json\/wp\/v2\/types\/product"}],"replies":[{"embeddable":true,"href":"https:\/\/www.dharanastyle.com\/ca\/wp-json\/wp\/v2\/comments?post=8376"}],"wp:featuredmedia":[{"embeddable":true,"href":"https:\/\/www.dharanastyle.com\/ca\/wp-json\/wp\/v2\/media\/8384"}],"wp:attachment":[{"href":"https:\/\/www.dharanastyle.com\/ca\/wp-json\/wp\/v2\/media?parent=8376"}],"wp:term":[{"taxonomy":"product_cat","embeddable":true,"href":"https:\/\/www.dharanastyle.com\/ca\/wp-json\/wp\/v2\/product_cat?post=8376"},{"taxonomy":"product_tag","embeddable":true,"href":"https:\/\/www.dharanastyle.com\/ca\/wp-json\/wp\/v2\/product_tag?post=8376"}],"curies":[{"name":"wp","href":"https:\/\/api.w.org\/{rel}","templated":true}]}}