{"id":8251,"date":"2024-05-17T18:14:59","date_gmt":"2024-05-17T16:14:59","guid":{"rendered":"https:\/\/dharanastyle.com\/tienda\/sin%20categor\u00eda\/leggings-capri-de-yoga-barroco-pantalon-capri-3-4-de-cintura-alta\/"},"modified":"2024-09-03T10:27:39","modified_gmt":"2024-09-03T08:27:39","slug":"leggings-capri-de-yoga-barroco-pantalon-capri-3-4-de-cintura-alta","status":"publish","type":"product","link":"https:\/\/www.dharanastyle.com\/ca\/tienda\/leggings\/leggings-capri\/leggings-capri-de-yoga-barroco-pantalon-capri-3-4-de-cintura-alta\/","title":{"rendered":"Leggings capri de ioga barroc. Pantalons capri 3\/4 de cintura alta."},"content":{"rendered":"<p>Descobreix els nostres leggings capri 3\/4 de ioga de cintura alta, dissenyats per oferir-te la m\u00e0xima comoditat i suavitat durant les teves sessions de ioga i entrenaments. Confeccionats amb materials d&#039;alta qualitat, aquests leggings capri proporcionen un ajustament perfecte que s&#039;adapta al teu cos mentre et mous. El disseny presenta un elegant estampat de figures barroques en un delicat to blau molt clar, afegint un toc de sofisticaci\u00f3 i estil a la teva roba de ioga. Afegeix un toc d&#039;eleg\u00e0ncia cl\u00e0ssica a la teva pr\u00e0ctica de ioga amb els nostres leggings capri 3\/4 d&#039;estampat barroc en blau molt clar!<\/p>\n<p>\u2022 82% poli\u00e8ster, 18% elast\u00e0<br \/>\n\u2022 Mitja panxell<br \/>\n\u2022 Tela el\u00e0stica en quatre direccions molt suau<br \/>\n\u2022 Cintura alta c\u00f2moda<br \/>\n\u2022 Costures planes i punt de cobertura<\/p>","protected":false},"excerpt":{"rendered":"<p>Descubre nuestros leggings capri 3\/4 de yoga de cintura alta, dise\u00f1ados para ofrecerte la m\u00e1xima comodidad y suavidad durante tus sesiones de yoga y entrenamientos. Confeccionados con materiales de alta&#8230;<\/p>","protected":false},"featured_media":8259,"comment_status":"open","ping_status":"closed","template":"","meta":{"jetpack_post_was_ever_published":false,"jetpack_publicize_message":"","jetpack_publicize_feature_enabled":true,"jetpack_social_post_already_shared":true,"jetpack_social_options":{"image_generator_settings":{"template":"highway","enabled":false},"version":2}},"product_cat":[175,174],"product_tag":[],"class_list":{"0":"post-8251","1":"product","2":"type-product","3":"status-publish","4":"has-post-thumbnail","6":"product_cat-leggings-capri","7":"product_cat-personalizable","9":"first","10":"instock","11":"taxable","12":"shipping-taxable","13":"purchasable","14":"product-type-variable"},"jetpack_publicize_connections":[],"aioseo_notices":[],"jetpack_sharing_enabled":true,"_links":{"self":[{"href":"https:\/\/www.dharanastyle.com\/ca\/wp-json\/wp\/v2\/product\/8251","targetHints":{"allow":["GET"]}}],"collection":[{"href":"https:\/\/www.dharanastyle.com\/ca\/wp-json\/wp\/v2\/product"}],"about":[{"href":"https:\/\/www.dharanastyle.com\/ca\/wp-json\/wp\/v2\/types\/product"}],"replies":[{"embeddable":true,"href":"https:\/\/www.dharanastyle.com\/ca\/wp-json\/wp\/v2\/comments?post=8251"}],"wp:featuredmedia":[{"embeddable":true,"href":"https:\/\/www.dharanastyle.com\/ca\/wp-json\/wp\/v2\/media\/8259"}],"wp:attachment":[{"href":"https:\/\/www.dharanastyle.com\/ca\/wp-json\/wp\/v2\/media?parent=8251"}],"wp:term":[{"taxonomy":"product_cat","embeddable":true,"href":"https:\/\/www.dharanastyle.com\/ca\/wp-json\/wp\/v2\/product_cat?post=8251"},{"taxonomy":"product_tag","embeddable":true,"href":"https:\/\/www.dharanastyle.com\/ca\/wp-json\/wp\/v2\/product_tag?post=8251"}],"curies":[{"name":"wp","href":"https:\/\/api.w.org\/{rel}","templated":true}]}}