{"id":8232,"date":"2024-05-17T18:08:30","date_gmt":"2024-05-17T16:08:30","guid":{"rendered":"https:\/\/dharanastyle.com\/tienda\/sin%20categor\u00eda\/pantalones-cortos-de-yoga-barroco-leggings-cortos-de-cintura-alta\/"},"modified":"2024-09-03T10:31:10","modified_gmt":"2024-09-03T08:31:10","slug":"pantalones-cortos-de-yoga-barroco-leggings-cortos-de-cintura-alta","status":"publish","type":"product","link":"https:\/\/www.dharanastyle.com\/ca\/tienda\/leggings\/leggings-shorts\/pantalones-cortos-de-yoga-barroco-leggings-cortos-de-cintura-alta\/","title":{"rendered":"Pantalons curts de ioga barroc. Leggings curts de cintura alta."},"content":{"rendered":"<p>Descobreix els nostres pantalons curts de ioga de cintura alta, dissenyats per brindar-te la m\u00e0xima comoditat i suavitat durant les teves sessions de ioga i entrenaments. Confeccionats amb materials d&#039;alta qualitat, aquests pantalons curts ofereixen un ajustament perfecte que s&#039;adapta al cos mentre et mous. El disseny presenta un estampat sofisticat de figures barroques en un delicat to blau molt clar, afegint un toc d&#039;eleg\u00e0ncia i estil a la teva roba de ioga. Aquests pantalons curts combinen moda i funcionalitat, proporcionant suport i estil a cada moviment. Afegeix un toc de sofisticaci\u00f3 cl\u00e0ssica a la teva pr\u00e0ctica de ioga amb els nostres pantalons curts d&#039;estampats barrocs en blau molt clar!<\/p>\n<p>\u2022 82% poli\u00e8ster, 18% elast\u00e0<br \/>\n\u2022 Tela el\u00e0stica en quatre direccions molt suau<br \/>\n\u2022 Cintura alta c\u00f2moda<br \/>\n\u2022 Costures planes i punt de cobertura<\/p>","protected":false},"excerpt":{"rendered":"<p>Descubre nuestros pantalones cortos de yoga de cintura alta, dise\u00f1ados para brindarte la m\u00e1xima comodidad y suavidad durante tus sesiones de yoga y entrenamientos. Confeccionados con materiales de alta calidad,&#8230;<\/p>","protected":false},"featured_media":8240,"comment_status":"open","ping_status":"closed","template":"","meta":{"jetpack_post_was_ever_published":false,"jetpack_publicize_message":"","jetpack_publicize_feature_enabled":true,"jetpack_social_post_already_shared":true,"jetpack_social_options":{"image_generator_settings":{"template":"highway","enabled":false},"version":2}},"product_cat":[176,174],"product_tag":[],"class_list":{"0":"post-8232","1":"product","2":"type-product","3":"status-publish","4":"has-post-thumbnail","6":"product_cat-leggings-shorts","7":"product_cat-personalizable","9":"first","10":"instock","11":"taxable","12":"shipping-taxable","13":"purchasable","14":"product-type-variable"},"jetpack_publicize_connections":[],"aioseo_notices":[],"jetpack_sharing_enabled":true,"_links":{"self":[{"href":"https:\/\/www.dharanastyle.com\/ca\/wp-json\/wp\/v2\/product\/8232","targetHints":{"allow":["GET"]}}],"collection":[{"href":"https:\/\/www.dharanastyle.com\/ca\/wp-json\/wp\/v2\/product"}],"about":[{"href":"https:\/\/www.dharanastyle.com\/ca\/wp-json\/wp\/v2\/types\/product"}],"replies":[{"embeddable":true,"href":"https:\/\/www.dharanastyle.com\/ca\/wp-json\/wp\/v2\/comments?post=8232"}],"wp:featuredmedia":[{"embeddable":true,"href":"https:\/\/www.dharanastyle.com\/ca\/wp-json\/wp\/v2\/media\/8240"}],"wp:attachment":[{"href":"https:\/\/www.dharanastyle.com\/ca\/wp-json\/wp\/v2\/media?parent=8232"}],"wp:term":[{"taxonomy":"product_cat","embeddable":true,"href":"https:\/\/www.dharanastyle.com\/ca\/wp-json\/wp\/v2\/product_cat?post=8232"},{"taxonomy":"product_tag","embeddable":true,"href":"https:\/\/www.dharanastyle.com\/ca\/wp-json\/wp\/v2\/product_tag?post=8232"}],"curies":[{"name":"wp","href":"https:\/\/api.w.org\/{rel}","templated":true}]}}