{"id":8159,"date":"2024-05-17T17:23:13","date_gmt":"2024-05-17T15:23:13","guid":{"rendered":"https:\/\/dharanastyle.com\/tienda\/sin%20categor\u00eda\/leggings-capri-ondulaciones-vintage-pantalon-3-4-de-cintura-baja\/"},"modified":"2024-09-03T11:49:56","modified_gmt":"2024-09-03T09:49:56","slug":"leggings-capri-ondulaciones-vintage-pantalon-3-4-de-cintura-baja","status":"publish","type":"product","link":"https:\/\/www.dharanastyle.com\/ca\/tienda\/leggings\/leggings-capri-cintura-baja\/leggings-capri-ondulaciones-vintage-pantalon-3-4-de-cintura-baja\/","title":{"rendered":"Leggings capri ondulacions vintage. Pantalons 3\/4 de cintura baixa."},"content":{"rendered":"<p>Descobreix els nostres leggings capri de cintura baixa, dissenyats per oferir-te la m\u00e0xima comoditat i suavitat a cada moviment. Confeccionats amb materials d\u00b4alta qualitat, aquests leggings s\u00f3n ideals per a qualsevol activitat, ja sigui fer exercici, practicar ioga o gaudir d\u00b4un dia casual. El disseny presenta un bonic patr\u00f3 d&#039;ondulacions en un delicat blau clar vintage, adornat amb una elegant l\u00ednia rosa, creant una combinaci\u00f3 de colors p\u00e0l\u00b7lids i encantadors. Aquests leggings capri combinen moda i funcionalitat, proporcionant un ajustament perfecte i una sensaci\u00f3 agradable en tot moment. Afegeix un toc d&#039;estil retro i sofisticat al teu guarda-roba amb els nostres leggings capri de patr\u00f3 d&#039;ondulacions blau clar i l\u00ednia rosa!<\/p>\n<p>\u2022 82% poli\u00e8ster, 18% elast\u00e0<br \/>\n\u2022 Pes del teixit: 230 g\/m\u00b2 (6,78 oz\/id\u00b2) (El pes podria variar en un 5%)<br \/>\n\u2022 FPU 38-40<br \/>\n\u2022 El material s&#039;estira a les 4 direccions, \u00e9s a dir, la tela s&#039;estira i es recupera als fils de la trama i de l&#039;ordit<br \/>\n\u2022 Elaborada amb fil de microfibra suau i agradable al tacte<br \/>\n\u2022 Tall de precisi\u00f3 i cosit a m\u00e0 despr\u00e9s del proc\u00e9s d&#039;estampaci\u00f3<\/p>","protected":false},"excerpt":{"rendered":"<p>Descubre nuestros leggings capri de cintura baja, dise\u00f1ados para ofrecerte la m\u00e1xima comodidad y suavidad en cada movimiento. Confeccionados con materiales de alta calidad, estos leggings son ideales para cualquier&#8230;<\/p>","protected":false},"featured_media":8167,"comment_status":"open","ping_status":"closed","template":"","meta":{"jetpack_post_was_ever_published":false,"jetpack_publicize_message":"","jetpack_publicize_feature_enabled":true,"jetpack_social_post_already_shared":true,"jetpack_social_options":{"image_generator_settings":{"template":"highway","enabled":false},"version":2}},"product_cat":[179],"product_tag":[],"class_list":{"0":"post-8159","1":"product","2":"type-product","3":"status-publish","4":"has-post-thumbnail","6":"product_cat-leggings-capri-cintura-baja","8":"first","9":"instock","10":"taxable","11":"shipping-taxable","12":"purchasable","13":"product-type-variable"},"jetpack_publicize_connections":[],"aioseo_notices":[],"jetpack_sharing_enabled":true,"_links":{"self":[{"href":"https:\/\/www.dharanastyle.com\/ca\/wp-json\/wp\/v2\/product\/8159","targetHints":{"allow":["GET"]}}],"collection":[{"href":"https:\/\/www.dharanastyle.com\/ca\/wp-json\/wp\/v2\/product"}],"about":[{"href":"https:\/\/www.dharanastyle.com\/ca\/wp-json\/wp\/v2\/types\/product"}],"replies":[{"embeddable":true,"href":"https:\/\/www.dharanastyle.com\/ca\/wp-json\/wp\/v2\/comments?post=8159"}],"wp:featuredmedia":[{"embeddable":true,"href":"https:\/\/www.dharanastyle.com\/ca\/wp-json\/wp\/v2\/media\/8167"}],"wp:attachment":[{"href":"https:\/\/www.dharanastyle.com\/ca\/wp-json\/wp\/v2\/media?parent=8159"}],"wp:term":[{"taxonomy":"product_cat","embeddable":true,"href":"https:\/\/www.dharanastyle.com\/ca\/wp-json\/wp\/v2\/product_cat?post=8159"},{"taxonomy":"product_tag","embeddable":true,"href":"https:\/\/www.dharanastyle.com\/ca\/wp-json\/wp\/v2\/product_tag?post=8159"}],"curies":[{"name":"wp","href":"https:\/\/api.w.org\/{rel}","templated":true}]}}