{"id":7532,"date":"2024-04-27T20:01:02","date_gmt":"2024-04-27T18:01:02","guid":{"rendered":"https:\/\/dharanastyle.com\/tienda\/sin%20categor\u00eda\/leggings-capri-lineas-blancas-y-negras-pantalon-3-4-de-cintura-baja-2\/"},"modified":"2024-10-26T11:53:46","modified_gmt":"2024-10-26T09:53:46","slug":"leggings-capri-lineas-blancas-y-negras-pantalon-3-4-de-cintura-baja-2","status":"publish","type":"product","link":"https:\/\/www.dharanastyle.com\/ca\/tienda\/leggings\/leggings-capri-cintura-baja\/leggings-capri-lineas-blancas-y-negras-pantalon-3-4-de-cintura-baja-2\/","title":{"rendered":"Leggings capri l\u00ednies blanques i negres. Pantalons 3\/4 de cintura baixa."},"content":{"rendered":"<p>Submergeix-te en la sofisticaci\u00f3 pura amb els nostres leggings capri de disseny elegant. Amb l\u00ednies obliq\u00fces en blanc i negre que infonen un estil chic i refinat, aquests leggings s\u00f3n l&#039;elecci\u00f3 perfecta per real\u00e7ar el teu look actiu amb un toc de distinci\u00f3. Fabricats amb materials de primera qualitat, ofereixen un ajustament c\u00f2mode i afavoridor a cada moviment. Perfectes per a les sessions d&#039;exercici o per a les sortides di\u00e0ries, aquests leggings t&#039;asseguren un estil impecable en tot moment. Afegeix un toc d&#039;eleg\u00e0ncia atemporal al teu vestuari amb aquests leggings capri que combinen moda i funcionalitat amb mestratge.<\/p>\n<p>\u2022 82% poli\u00e8ster, 18% elast\u00e0<br \/>\n\u2022 Pes del teixit: 230 g\/m\u00b2 (6,78 oz\/id\u00b2) (El pes podria variar en un 5%)<br \/>\n\u2022 FPU 38-40<br \/>\n\u2022 El material s&#039;estira a les 4 direccions, \u00e9s a dir, la tela s&#039;estira i es recupera als fils de la trama i de l&#039;ordit<br \/>\n\u2022 Elaborada amb fil de microfibra suau i agradable al tacte<br \/>\n\u2022 Tall de precisi\u00f3 i cosit a m\u00e0 despr\u00e9s del proc\u00e9s d&#039;estampaci\u00f3<\/p>","protected":false},"excerpt":{"rendered":"<p>Sum\u00e9rgete en la sofisticaci\u00f3n pura con nuestros leggings capri de dise\u00f1o elegante. Con l\u00edneas oblicuas en blanco y negro que infunden un estilo chic y refinado, estos leggings son la&#8230;<\/p>","protected":false},"featured_media":7540,"comment_status":"open","ping_status":"closed","template":"","meta":{"jetpack_post_was_ever_published":false,"jetpack_publicize_message":"","jetpack_publicize_feature_enabled":true,"jetpack_social_post_already_shared":true,"jetpack_social_options":{"image_generator_settings":{"template":"highway","enabled":false},"version":2}},"product_cat":[179],"product_tag":[],"class_list":{"0":"post-7532","1":"product","2":"type-product","3":"status-publish","4":"has-post-thumbnail","6":"product_cat-leggings-capri-cintura-baja","8":"first","9":"instock","10":"taxable","11":"shipping-taxable","12":"purchasable","13":"product-type-variable"},"jetpack_publicize_connections":[],"aioseo_notices":[],"jetpack_sharing_enabled":true,"_links":{"self":[{"href":"https:\/\/www.dharanastyle.com\/ca\/wp-json\/wp\/v2\/product\/7532","targetHints":{"allow":["GET"]}}],"collection":[{"href":"https:\/\/www.dharanastyle.com\/ca\/wp-json\/wp\/v2\/product"}],"about":[{"href":"https:\/\/www.dharanastyle.com\/ca\/wp-json\/wp\/v2\/types\/product"}],"replies":[{"embeddable":true,"href":"https:\/\/www.dharanastyle.com\/ca\/wp-json\/wp\/v2\/comments?post=7532"}],"wp:featuredmedia":[{"embeddable":true,"href":"https:\/\/www.dharanastyle.com\/ca\/wp-json\/wp\/v2\/media\/7540"}],"wp:attachment":[{"href":"https:\/\/www.dharanastyle.com\/ca\/wp-json\/wp\/v2\/media?parent=7532"}],"wp:term":[{"taxonomy":"product_cat","embeddable":true,"href":"https:\/\/www.dharanastyle.com\/ca\/wp-json\/wp\/v2\/product_cat?post=7532"},{"taxonomy":"product_tag","embeddable":true,"href":"https:\/\/www.dharanastyle.com\/ca\/wp-json\/wp\/v2\/product_tag?post=7532"}],"curies":[{"name":"wp","href":"https:\/\/api.w.org\/{rel}","templated":true}]}}