{"id":7512,"date":"2024-04-27T19:55:27","date_gmt":"2024-04-27T17:55:27","guid":{"rendered":"https:\/\/dharanastyle.com\/tienda\/sin%20categor\u00eda\/leggings-capri-azules-lineas-blancas-pantalon-3-4-de-cintura-baja\/"},"modified":"2024-12-17T10:28:11","modified_gmt":"2024-12-17T09:28:11","slug":"leggings-capri-azules-lineas-blancas-pantalon-3-4-de-cintura-baja","status":"publish","type":"product","link":"https:\/\/www.dharanastyle.com\/ca\/tienda\/leggings\/leggings-capri-cintura-baja\/leggings-capri-azules-lineas-blancas-pantalon-3-4-de-cintura-baja\/","title":{"rendered":"Leggings capri blaves l\u00ednies blanques."},"content":{"rendered":"<p>Explora l&#039;eleg\u00e0ncia i la versatilitat amb els nostres leggings capri en tons blaus preciosos. Dissenyats per complementar el teu estil actiu amb comoditat i sofisticaci\u00f3, aquests leggings s\u00f3n l&#039;opci\u00f3 perfecta tant per a les rutines d&#039;exercici com per a les activitats di\u00e0ries. Presenten una paleta de tons blaus que evoca tranquil\u00b7litat i frescor, amb l\u00ednies obliq\u00fces a la part superior que realcen la teva silueta de manera elegant. A m\u00e9s, la part superior del darrere en un blau m\u00e9s fosc afegeix un toc de contrast i sofisticaci\u00f3. Fabricats amb materials suaus i el\u00e0stics, ofereixen un ajust c\u00f2mode i afavoridor a cada moviment. Eleva el teu estil amb aquests leggings capri que combinen moda i funcionalitat de manera excepcional, i fes una declaraci\u00f3 de moda on sigui que vagis.<\/p>\n<p>\u2022 82% poli\u00e8ster, 18% elast\u00e0<br \/>\n\u2022 Pes del teixit: 230 g\/m\u00b2 (6,78 oz\/id\u00b2) (El pes podria variar en un 5%)<br \/>\n\u2022 FPU 38-40<br \/>\n\u2022 El material s&#039;estira a les 4 direccions, \u00e9s a dir, la tela s&#039;estira i es recupera als fils de la trama i de l&#039;ordit<br \/>\n\u2022 Elaborada amb fil de microfibra suau i agradable al tacte<br \/>\n\u2022 Tall de precisi\u00f3 i cosit a m\u00e0 despr\u00e9s del proc\u00e9s d&#039;estampaci\u00f3<\/p>","protected":false},"excerpt":{"rendered":"<p>Explora la elegancia y la versatilidad con nuestros leggings capri en tonos azules preciosos. Dise\u00f1ados para complementar tu estilo activo con comodidad y sofisticaci\u00f3n, estos leggings son la opci\u00f3n perfecta&#8230;<\/p>","protected":false},"featured_media":7520,"comment_status":"open","ping_status":"closed","template":"","meta":{"jetpack_post_was_ever_published":false,"jetpack_publicize_message":"","jetpack_publicize_feature_enabled":true,"jetpack_social_post_already_shared":true,"jetpack_social_options":{"image_generator_settings":{"template":"highway","enabled":false},"version":2}},"product_cat":[179],"product_tag":[],"class_list":{"0":"post-7512","1":"product","2":"type-product","3":"status-publish","4":"has-post-thumbnail","6":"product_cat-leggings-capri-cintura-baja","8":"first","9":"instock","10":"taxable","11":"shipping-taxable","12":"purchasable","13":"product-type-variable"},"jetpack_publicize_connections":[],"aioseo_notices":[],"jetpack_sharing_enabled":true,"_links":{"self":[{"href":"https:\/\/www.dharanastyle.com\/ca\/wp-json\/wp\/v2\/product\/7512","targetHints":{"allow":["GET"]}}],"collection":[{"href":"https:\/\/www.dharanastyle.com\/ca\/wp-json\/wp\/v2\/product"}],"about":[{"href":"https:\/\/www.dharanastyle.com\/ca\/wp-json\/wp\/v2\/types\/product"}],"replies":[{"embeddable":true,"href":"https:\/\/www.dharanastyle.com\/ca\/wp-json\/wp\/v2\/comments?post=7512"}],"wp:featuredmedia":[{"embeddable":true,"href":"https:\/\/www.dharanastyle.com\/ca\/wp-json\/wp\/v2\/media\/7520"}],"wp:attachment":[{"href":"https:\/\/www.dharanastyle.com\/ca\/wp-json\/wp\/v2\/media?parent=7512"}],"wp:term":[{"taxonomy":"product_cat","embeddable":true,"href":"https:\/\/www.dharanastyle.com\/ca\/wp-json\/wp\/v2\/product_cat?post=7512"},{"taxonomy":"product_tag","embeddable":true,"href":"https:\/\/www.dharanastyle.com\/ca\/wp-json\/wp\/v2\/product_tag?post=7512"}],"curies":[{"name":"wp","href":"https:\/\/api.w.org\/{rel}","templated":true}]}}