{"id":7492,"date":"2024-04-27T19:51:09","date_gmt":"2024-04-27T17:51:09","guid":{"rendered":"https:\/\/dharanastyle.com\/tienda\/sin%20categor\u00eda\/leggings-capri-degradado-granate-pantalon-3-4-de-cintura-baja\/"},"modified":"2024-10-26T11:51:16","modified_gmt":"2024-10-26T09:51:16","slug":"leggings-capri-degradado-granate-pantalon-3-4-de-cintura-baja","status":"publish","type":"product","link":"https:\/\/www.dharanastyle.com\/ca\/tienda\/leggings\/leggings-capri-cintura-baja\/leggings-capri-degradado-granate-pantalon-3-4-de-cintura-baja\/","title":{"rendered":"Leggings capri degradat granat. Pantalons 3\/4 de cintura baixa"},"content":{"rendered":"<p>Sum\u00e9rgete en la elegancia y el estilo con nuestros leggings capri degradados en tonos granates. Dise\u00f1ados para adaptarse a tu rutina activa con comodidad y estilo, estos leggings son la elecci\u00f3n perfecta para tus actividades deportivas o para tu d\u00eda a d\u00eda. Presentan un degradado que va desde un tono m\u00e1s claro en la parte delantera hasta un tono m\u00e1s oscuro en la parte trasera, dise\u00f1ado estrat\u00e9gicamente para realzar tu silueta y a\u00f1adir un toque de sofisticaci\u00f3n. Confeccionados con materiales suaves y el\u00e1sticos, te brindan un ajuste c\u00f3modo y favorecedor en cada movimiento. Eleva tu estilo con estos leggings capri que combinan elegancia y funcionalidad de manera impecable, y haz una declaraci\u00f3n de moda dondequiera que vayas.<\/p>\n<p>\u2022 82% poli\u00e8ster, 18% elast\u00e0<br \/>\n\u2022 Pes del teixit: 230 g\/m\u00b2 (6,78 oz\/id\u00b2) (El pes podria variar en un 5%)<br \/>\n\u2022 FPU 38-40<br \/>\n\u2022 El material s&#039;estira a les 4 direccions, \u00e9s a dir, la tela s&#039;estira i es recupera als fils de la trama i de l&#039;ordit<br \/>\n\u2022 Elaborada amb fil de microfibra suau i agradable al tacte<br \/>\n\u2022 Tall de precisi\u00f3 i cosit a m\u00e0 despr\u00e9s del proc\u00e9s d&#039;estampaci\u00f3<\/p>","protected":false},"excerpt":{"rendered":"<p>Sum\u00e9rgete en la elegancia y el estilo con nuestros leggings capri degradados en tonos granates. Dise\u00f1ados para adaptarse a tu rutina activa con comodidad y estilo, estos leggings son la&#8230;<\/p>","protected":false},"featured_media":7500,"comment_status":"open","ping_status":"closed","template":"","meta":{"jetpack_post_was_ever_published":false,"jetpack_publicize_message":"","jetpack_publicize_feature_enabled":true,"jetpack_social_post_already_shared":true,"jetpack_social_options":{"image_generator_settings":{"template":"highway","enabled":false},"version":2}},"product_cat":[179],"product_tag":[],"class_list":{"0":"post-7492","1":"product","2":"type-product","3":"status-publish","4":"has-post-thumbnail","6":"product_cat-leggings-capri-cintura-baja","8":"first","9":"instock","10":"taxable","11":"shipping-taxable","12":"purchasable","13":"product-type-variable"},"jetpack_publicize_connections":[],"aioseo_notices":[],"jetpack_sharing_enabled":true,"_links":{"self":[{"href":"https:\/\/www.dharanastyle.com\/ca\/wp-json\/wp\/v2\/product\/7492","targetHints":{"allow":["GET"]}}],"collection":[{"href":"https:\/\/www.dharanastyle.com\/ca\/wp-json\/wp\/v2\/product"}],"about":[{"href":"https:\/\/www.dharanastyle.com\/ca\/wp-json\/wp\/v2\/types\/product"}],"replies":[{"embeddable":true,"href":"https:\/\/www.dharanastyle.com\/ca\/wp-json\/wp\/v2\/comments?post=7492"}],"wp:featuredmedia":[{"embeddable":true,"href":"https:\/\/www.dharanastyle.com\/ca\/wp-json\/wp\/v2\/media\/7500"}],"wp:attachment":[{"href":"https:\/\/www.dharanastyle.com\/ca\/wp-json\/wp\/v2\/media?parent=7492"}],"wp:term":[{"taxonomy":"product_cat","embeddable":true,"href":"https:\/\/www.dharanastyle.com\/ca\/wp-json\/wp\/v2\/product_cat?post=7492"},{"taxonomy":"product_tag","embeddable":true,"href":"https:\/\/www.dharanastyle.com\/ca\/wp-json\/wp\/v2\/product_tag?post=7492"}],"curies":[{"name":"wp","href":"https:\/\/api.w.org\/{rel}","templated":true}]}}