{"id":7472,"date":"2024-04-27T19:46:23","date_gmt":"2024-04-27T17:46:23","guid":{"rendered":"https:\/\/dharanastyle.com\/tienda\/sin%20categor\u00eda\/leggings-capri-burbuja-azules-pantalon-3-4-de-cintura-baja\/"},"modified":"2024-12-17T10:28:20","modified_gmt":"2024-12-17T09:28:20","slug":"leggings-capri-burbuja-azules-pantalon-3-4-de-cintura-baja","status":"publish","type":"product","link":"https:\/\/www.dharanastyle.com\/ca\/tienda\/leggings\/leggings-capri-cintura-baja\/leggings-capri-burbuja-azules-pantalon-3-4-de-cintura-baja\/","title":{"rendered":"Leggings capri bombolla blaves. Pantalons 3\/4 de cintura baixa."},"content":{"rendered":"<p>Descobreix la combinaci\u00f3 perfecta d\u02bbestil i comoditat amb els nostres leggings capri de cintura baixa. Dissenyats per adaptar-se al teu estil de vida actiu, aquests leggings s\u00f3n suaus, c\u00f2modes i vers\u00e0tils, ideals tant per a les sessions d&#039;entrenament com per al teu dia a dia. Confeccionats en un to blau clar pastissat que evoca tranquil\u00b7litat i frescor, i adornats amb bombolles d&#039;un blau m\u00e9s fort a la part superior que afegeixen un toc d&#039;energia i dinamisme. Aquests leggings no nom\u00e9s et brinden un ajustament perfecte, sin\u00f3 que tamb\u00e9 et permeten expressar el teu estil \u00fanic amb confian\u00e7a. Eleva el teu vestuari esportiu i casual amb aquests leggings capri que combinen moda i funcionalitat de manera impecable.<\/p>\n<p>\u2022 82% poli\u00e8ster, 18% elast\u00e0<br \/>\n\u2022 Pes del teixit: 230 g\/m\u00b2 (6,78 oz\/id\u00b2) (El pes podria variar en un 5%)<br \/>\n\u2022 FPU 38-40<br \/>\n\u2022 El material s&#039;estira a les 4 direccions, \u00e9s a dir, la tela s&#039;estira i es recupera als fils de la trama i de l&#039;ordit<br \/>\n\u2022 Elaborada amb fil de microfibra suau i agradable al tacte<br \/>\n\u2022 Tall de precisi\u00f3 i cosit a m\u00e0 despr\u00e9s del proc\u00e9s d&#039;estampaci\u00f3<\/p>","protected":false},"excerpt":{"rendered":"<p>Descubre la combinaci\u00f3n perfecta de estilo y comodidad con nuestros leggings capri de cintura baja. Dise\u00f1ados para adaptarse a tu estilo de vida activo, estos leggings son suaves, c\u00f3modos y&#8230;<\/p>","protected":false},"featured_media":10122,"comment_status":"open","ping_status":"closed","template":"","meta":{"jetpack_post_was_ever_published":false,"jetpack_publicize_message":"","jetpack_publicize_feature_enabled":true,"jetpack_social_post_already_shared":true,"jetpack_social_options":{"image_generator_settings":{"template":"highway","enabled":false},"version":2}},"product_cat":[179],"product_tag":[],"class_list":{"0":"post-7472","1":"product","2":"type-product","3":"status-publish","4":"has-post-thumbnail","6":"product_cat-leggings-capri-cintura-baja","8":"first","9":"instock","10":"taxable","11":"shipping-taxable","12":"purchasable","13":"product-type-variable"},"jetpack_publicize_connections":[],"aioseo_notices":[],"jetpack_sharing_enabled":true,"_links":{"self":[{"href":"https:\/\/www.dharanastyle.com\/ca\/wp-json\/wp\/v2\/product\/7472","targetHints":{"allow":["GET"]}}],"collection":[{"href":"https:\/\/www.dharanastyle.com\/ca\/wp-json\/wp\/v2\/product"}],"about":[{"href":"https:\/\/www.dharanastyle.com\/ca\/wp-json\/wp\/v2\/types\/product"}],"replies":[{"embeddable":true,"href":"https:\/\/www.dharanastyle.com\/ca\/wp-json\/wp\/v2\/comments?post=7472"}],"wp:featuredmedia":[{"embeddable":true,"href":"https:\/\/www.dharanastyle.com\/ca\/wp-json\/wp\/v2\/media\/10122"}],"wp:attachment":[{"href":"https:\/\/www.dharanastyle.com\/ca\/wp-json\/wp\/v2\/media?parent=7472"}],"wp:term":[{"taxonomy":"product_cat","embeddable":true,"href":"https:\/\/www.dharanastyle.com\/ca\/wp-json\/wp\/v2\/product_cat?post=7472"},{"taxonomy":"product_tag","embeddable":true,"href":"https:\/\/www.dharanastyle.com\/ca\/wp-json\/wp\/v2\/product_tag?post=7472"}],"curies":[{"name":"wp","href":"https:\/\/api.w.org\/{rel}","templated":true}]}}