{"id":7346,"date":"2024-04-27T15:40:22","date_gmt":"2024-04-27T13:40:22","guid":{"rendered":"https:\/\/dharanastyle.com\/tienda\/sin%20categor\u00eda\/pantalones-cortos-patro-cuadrados-leggings-cortos-de-cintura-baja-des-de-la-xs-a-3xl\/"},"modified":"2024-04-29T18:43:53","modified_gmt":"2024-04-29T16:43:53","slug":"pantalones-cortos-patro-cuadrados-leggings-cortos-de-cintura-baja-des-de-la-xs-a-3xl","status":"publish","type":"product","link":"https:\/\/www.dharanastyle.com\/ca\/tienda\/leggings\/leggings-cortos-cintura-baja\/pantalones-cortos-patro-cuadrados-leggings-cortos-de-cintura-baja-des-de-la-xs-a-3xl\/","title":{"rendered":"Pantalons curts va patrar quadrats. Leggings curts de cintura baixa. Des de la XS fins a 3XL."},"content":{"rendered":"<p>Explora l&#039;energia i el dinamisme dels nostres nous pantalons curts, dissenyats per destacar amb un estil vibrant i modern. Amb un vist\u00f3s patr\u00f3 de quadrats en tonalitats de verd, ataronjat i groc, aquests pantalons s\u00f3n una declaraci\u00f3 de moda en si mateixos. Fabricats amb materials d\u00b4alta qualitat, ofereixen una sensaci\u00f3 de comoditat i llibertat de moviment incomparables. Ja sigui que estigueu al gimn\u00e0s o gaudiu d&#039;activitats a l&#039;aire lliure, aquests pantalons s\u00f3n l&#039;elecci\u00f3 perfecta per als que busquen un estil \u00fanic i ple de vitalitat. Afegeix un toc de color i energia al teu vestuari amb aquests pantalons curts impressionants que capturen l&#039;ess\u00e8ncia de la moda contempor\u00e0nia<\/p>\n<p>\u2022 82% poli\u00e8ster, 18% elast\u00e0<br \/>\n\u2022 Tela el\u00e0stica en 4 adreces que s&#039;estira i es recupera als fils de la trama i de l&#039;ordit<br \/>\n\u2022 Elaborat amb fil de microfibra suau i agradable al tacte<br \/>\n\u2022 Amb sobrefilat i punt de cobertura<br \/>\n\u2022 Cintura el\u00e0stica c\u00f2moda<\/p>","protected":false},"excerpt":{"rendered":"<p>Explora la energ\u00eda y el dinamismo de nuestros nuevos pantalones cortos, dise\u00f1ados para destacar con un estilo vibrante y moderno. Con un llamativo patr\u00f3n de cuadrados en tonalidades de verde,&#8230;<\/p>","protected":false},"featured_media":7623,"comment_status":"open","ping_status":"closed","template":"","meta":{"jetpack_post_was_ever_published":false,"jetpack_publicize_message":"","jetpack_publicize_feature_enabled":true,"jetpack_social_post_already_shared":true,"jetpack_social_options":{"image_generator_settings":{"template":"highway","enabled":false},"version":2}},"product_cat":[180],"product_tag":[],"class_list":{"0":"post-7346","1":"product","2":"type-product","3":"status-publish","4":"has-post-thumbnail","6":"product_cat-leggings-cortos-cintura-baja","8":"first","9":"instock","10":"taxable","11":"shipping-taxable","12":"purchasable","13":"product-type-variable"},"jetpack_publicize_connections":[],"aioseo_notices":[],"jetpack_sharing_enabled":true,"_links":{"self":[{"href":"https:\/\/www.dharanastyle.com\/ca\/wp-json\/wp\/v2\/product\/7346","targetHints":{"allow":["GET"]}}],"collection":[{"href":"https:\/\/www.dharanastyle.com\/ca\/wp-json\/wp\/v2\/product"}],"about":[{"href":"https:\/\/www.dharanastyle.com\/ca\/wp-json\/wp\/v2\/types\/product"}],"replies":[{"embeddable":true,"href":"https:\/\/www.dharanastyle.com\/ca\/wp-json\/wp\/v2\/comments?post=7346"}],"wp:featuredmedia":[{"embeddable":true,"href":"https:\/\/www.dharanastyle.com\/ca\/wp-json\/wp\/v2\/media\/7623"}],"wp:attachment":[{"href":"https:\/\/www.dharanastyle.com\/ca\/wp-json\/wp\/v2\/media?parent=7346"}],"wp:term":[{"taxonomy":"product_cat","embeddable":true,"href":"https:\/\/www.dharanastyle.com\/ca\/wp-json\/wp\/v2\/product_cat?post=7346"},{"taxonomy":"product_tag","embeddable":true,"href":"https:\/\/www.dharanastyle.com\/ca\/wp-json\/wp\/v2\/product_tag?post=7346"}],"curies":[{"name":"wp","href":"https:\/\/api.w.org\/{rel}","templated":true}]}}