{"id":7328,"date":"2024-04-27T15:34:19","date_gmt":"2024-04-27T13:34:19","guid":{"rendered":"https:\/\/dharanastyle.com\/tienda\/sin%20categor\u00eda\/pantalones-cortos-lineas-ondulacion-leggings-cortos-de-cintura-baja-des-de-la-xs-a-3xl\/"},"modified":"2024-06-23T12:43:59","modified_gmt":"2024-06-23T10:43:59","slug":"pantalones-cortos-lineas-ondulacion-leggings-cortos-de-cintura-baja-des-de-la-xs-a-3xl","status":"publish","type":"product","link":"https:\/\/www.dharanastyle.com\/ca\/tienda\/leggings\/leggings-cortos-cintura-baja\/pantalones-cortos-lineas-ondulacion-leggings-cortos-de-cintura-baja-des-de-la-xs-a-3xl\/","title":{"rendered":"Pantalons curts l\u00ednies ondulaci\u00f3. Leggings curts de cintura baixa. Des de la XS fins a 3XL."},"content":{"rendered":"<p>Descobreix la frescor i l&#039;eleg\u00e0ncia dels nostres nous pantalons curts, dissenyats per elevar el teu estil en qualsevol ocasi\u00f3. alta qualitat, garanteixen una sensaci\u00f3 de comoditat durant tot el dia. ciutat, aquests pantalons s\u00f3n lopci\u00f3 perfecta per als que busquen un estil vers\u00e0til i modern Afegeix un toc de frescor al teu guarda-roba amb aquests pantalons curts que combinen a la perfecci\u00f3 moda i funcionalitat.<\/p>\n<p>\u2022 82% poli\u00e8ster, 18% elast\u00e0<br \/>\n\u2022 Tela el\u00e0stica en 4 adreces que s&#039;estira i es recupera als fils de la trama i de l&#039;ordit<br \/>\n\u2022 Elaborat amb fil de microfibra suau i agradable al tacte<br \/>\n\u2022 Amb sobrefilat i punt de cobertura<br \/>\n\u2022 Cintura el\u00e0stica c\u00f2moda<\/p>","protected":false},"excerpt":{"rendered":"<p>Descubre la frescura y la elegancia de nuestros nuevos pantalones cortos, dise\u00f1ados para elevar tu estilo en cualquier ocasi\u00f3n. Con un patr\u00f3n de l\u00edneas onduladas horizontales en tonalidades refrescantes de&#8230;<\/p>","protected":false},"featured_media":9776,"comment_status":"open","ping_status":"closed","template":"","meta":{"jetpack_post_was_ever_published":false,"jetpack_publicize_message":"","jetpack_publicize_feature_enabled":true,"jetpack_social_post_already_shared":true,"jetpack_social_options":{"image_generator_settings":{"template":"highway","enabled":false},"version":2}},"product_cat":[180],"product_tag":[],"class_list":{"0":"post-7328","1":"product","2":"type-product","3":"status-publish","4":"has-post-thumbnail","6":"product_cat-leggings-cortos-cintura-baja","8":"first","9":"instock","10":"featured","11":"taxable","12":"shipping-taxable","13":"purchasable","14":"product-type-variable"},"jetpack_publicize_connections":[],"aioseo_notices":[],"jetpack_sharing_enabled":true,"_links":{"self":[{"href":"https:\/\/www.dharanastyle.com\/ca\/wp-json\/wp\/v2\/product\/7328","targetHints":{"allow":["GET"]}}],"collection":[{"href":"https:\/\/www.dharanastyle.com\/ca\/wp-json\/wp\/v2\/product"}],"about":[{"href":"https:\/\/www.dharanastyle.com\/ca\/wp-json\/wp\/v2\/types\/product"}],"replies":[{"embeddable":true,"href":"https:\/\/www.dharanastyle.com\/ca\/wp-json\/wp\/v2\/comments?post=7328"}],"wp:featuredmedia":[{"embeddable":true,"href":"https:\/\/www.dharanastyle.com\/ca\/wp-json\/wp\/v2\/media\/9776"}],"wp:attachment":[{"href":"https:\/\/www.dharanastyle.com\/ca\/wp-json\/wp\/v2\/media?parent=7328"}],"wp:term":[{"taxonomy":"product_cat","embeddable":true,"href":"https:\/\/www.dharanastyle.com\/ca\/wp-json\/wp\/v2\/product_cat?post=7328"},{"taxonomy":"product_tag","embeddable":true,"href":"https:\/\/www.dharanastyle.com\/ca\/wp-json\/wp\/v2\/product_tag?post=7328"}],"curies":[{"name":"wp","href":"https:\/\/api.w.org\/{rel}","templated":true}]}}