{"id":7310,"date":"2024-04-27T15:28:47","date_gmt":"2024-04-27T13:28:47","guid":{"rendered":"https:\/\/dharanastyle.com\/tienda\/sin%20categor\u00eda\/pantalones-cortos-zigzag-horizontal-leggings-cortos-de-cintura-baja-des-de-la-xs-a-3xl\/"},"modified":"2024-12-17T10:28:36","modified_gmt":"2024-12-17T09:28:36","slug":"pantalones-cortos-zigzag-horizontal-leggings-cortos-de-cintura-baja-des-de-la-xs-a-3xl","status":"publish","type":"product","link":"https:\/\/www.dharanastyle.com\/ca\/tienda\/leggings\/leggings-cortos-cintura-baja\/pantalones-cortos-zigzag-horizontal-leggings-cortos-de-cintura-baja-des-de-la-xs-a-3xl\/","title":{"rendered":"Pantalons curts ziga-zaga horitzontal. Leggings curts de cintura baixa. Des de la XS fins a 3XL"},"content":{"rendered":"<p>Submergeix-te en la moda contempor\u00e0nia amb els nostres nous pantalons curts, dissenyats per destacar amb un estil \u00fanic i auda\u00e7. Aquests pantalons presenten una cridanera senya ziga-zaga horitzontal en tonalitats vibrants de groc ataronjat, granat i verd, creant un efecte visual din\u00e0mic i modern. Confeccionats amb els m\u00e9s alts est\u00e0ndards de qualitat, garanteixen una comoditat inigualable a cada moviment. Ja sigui a les teves sessions esportives oa les teves sortides informals, aquests pantalons s\u00f3n l&#039;elecci\u00f3 perfecta per als que busquen marcar tend\u00e8ncia. Atreveix-te a destacar amb un estil \u00fanic i atraient amb aquests pantalons curts que capturen l&#039;ess\u00e8ncia de la moda contempor\u00e0nia.<\/p>\n<p>\u2022 82% poli\u00e8ster, 18% elast\u00e0<br \/>\n\u2022 Tela el\u00e0stica en 4 adreces que s&#039;estira i es recupera als fils de la trama i de l&#039;ordit<br \/>\n\u2022 Elaborat amb fil de microfibra suau i agradable al tacte<br \/>\n\u2022 Amb sobrefilat i punt de cobertura<br \/>\n\u2022 Cintura el\u00e0stica c\u00f2moda<\/p>","protected":false},"excerpt":{"rendered":"<p>Sum\u00e9rgete en la moda contempor\u00e1nea con nuestros nuevos pantalones cortos, dise\u00f1ados para destacar con un estilo \u00fanico y audaz. Estos pantalones presentan una llamativa sene\u00f1a zigzag horizontal en tonalidades vibrantes&#8230;<\/p>","protected":false},"featured_media":7630,"comment_status":"open","ping_status":"closed","template":"","meta":{"jetpack_post_was_ever_published":false,"jetpack_publicize_message":"","jetpack_publicize_feature_enabled":true,"jetpack_social_post_already_shared":true,"jetpack_social_options":{"image_generator_settings":{"template":"highway","enabled":false},"version":2}},"product_cat":[180],"product_tag":[],"class_list":{"0":"post-7310","1":"product","2":"type-product","3":"status-publish","4":"has-post-thumbnail","6":"product_cat-leggings-cortos-cintura-baja","8":"first","9":"instock","10":"taxable","11":"shipping-taxable","12":"purchasable","13":"product-type-variable"},"jetpack_publicize_connections":[],"aioseo_notices":[],"jetpack_sharing_enabled":true,"_links":{"self":[{"href":"https:\/\/www.dharanastyle.com\/ca\/wp-json\/wp\/v2\/product\/7310","targetHints":{"allow":["GET"]}}],"collection":[{"href":"https:\/\/www.dharanastyle.com\/ca\/wp-json\/wp\/v2\/product"}],"about":[{"href":"https:\/\/www.dharanastyle.com\/ca\/wp-json\/wp\/v2\/types\/product"}],"replies":[{"embeddable":true,"href":"https:\/\/www.dharanastyle.com\/ca\/wp-json\/wp\/v2\/comments?post=7310"}],"wp:featuredmedia":[{"embeddable":true,"href":"https:\/\/www.dharanastyle.com\/ca\/wp-json\/wp\/v2\/media\/7630"}],"wp:attachment":[{"href":"https:\/\/www.dharanastyle.com\/ca\/wp-json\/wp\/v2\/media?parent=7310"}],"wp:term":[{"taxonomy":"product_cat","embeddable":true,"href":"https:\/\/www.dharanastyle.com\/ca\/wp-json\/wp\/v2\/product_cat?post=7310"},{"taxonomy":"product_tag","embeddable":true,"href":"https:\/\/www.dharanastyle.com\/ca\/wp-json\/wp\/v2\/product_tag?post=7310"}],"curies":[{"name":"wp","href":"https:\/\/api.w.org\/{rel}","templated":true}]}}