{"id":7273,"date":"2024-04-27T14:39:01","date_gmt":"2024-04-27T12:39:01","guid":{"rendered":"https:\/\/dharanastyle.com\/tienda\/sin%20categor\u00eda\/pantalones-cortos-patro-geometrico-marron-leggings-corto-de-cintura-baja-des-de-la-xs-a-3xl\/"},"modified":"2024-12-17T10:29:05","modified_gmt":"2024-12-17T09:29:05","slug":"pantalones-cortos-patro-geometrico-marron-leggings-corto-de-cintura-baja-des-de-la-xs-a-3xl","status":"publish","type":"product","link":"https:\/\/www.dharanastyle.com\/ca\/tienda\/leggings\/leggings-cortos-cintura-baja\/pantalones-cortos-patro-geometrico-marron-leggings-corto-de-cintura-baja-des-de-la-xs-a-3xl\/","title":{"rendered":"Pantalons curts va patrar geom\u00e8tric marr\u00f3. Leggings curt de cintura baixa. Des de la XS fins a 3XL."},"content":{"rendered":"<p>Explora la nostra col\u00b7lecci\u00f3 de pantalons curts, dissenyats per brindar-te una experi\u00e8ncia d&#039;\u00fas excepcional, tant durant les teves activitats esportives com a les teves sortides urbanes. Confeccionats amb un teixit suau i c\u00f2mode, aquests pantalons s\u00f3n l&#039;elecci\u00f3 perfecta per als que busquen estil i versatilitat cada vegada. Presenten un patr\u00f3 geom\u00e8tric \u00fanic sobre un fons marr\u00f3 xocolata, afegint un toc de sofisticaci\u00f3 al teu vestuari. Ja sigui que et dirigeixis al gimn\u00e0s oa fer una passejada per la ciutat, aquests pantalons t&#039;acompanyaran amb estil i comoditat incomparables.<\/p>\n<p>\u2022 82% poli\u00e8ster, 18% elast\u00e0<br \/>\n\u2022 Tela el\u00e0stica en 4 adreces que s&#039;estira i es recupera als fils de la trama i de l&#039;ordit<br \/>\n\u2022 Elaborat amb fil de microfibra suau i agradable al tacte<br \/>\n\u2022 Amb sobrefilat i punt de cobertura<br \/>\n\u2022 Cintura el\u00e0stica c\u00f2moda<\/p>","protected":false},"excerpt":{"rendered":"<p>Explora nuestra colecci\u00f3n de pantalones cortos, dise\u00f1ados para brindarte una experiencia de uso excepcional, tanto durante tus actividades deportivas como en tus salidas urbanas. Confeccionados con un tejido suave y&#8230;<\/p>","protected":false},"featured_media":7648,"comment_status":"open","ping_status":"closed","template":"","meta":{"jetpack_post_was_ever_published":false,"jetpack_publicize_message":"","jetpack_publicize_feature_enabled":true,"jetpack_social_post_already_shared":true,"jetpack_social_options":{"image_generator_settings":{"template":"highway","enabled":false},"version":2}},"product_cat":[180],"product_tag":[],"class_list":{"0":"post-7273","1":"product","2":"type-product","3":"status-publish","4":"has-post-thumbnail","6":"product_cat-leggings-cortos-cintura-baja","8":"first","9":"instock","10":"taxable","11":"shipping-taxable","12":"purchasable","13":"product-type-variable"},"jetpack_publicize_connections":[],"aioseo_notices":[],"jetpack_sharing_enabled":true,"_links":{"self":[{"href":"https:\/\/www.dharanastyle.com\/ca\/wp-json\/wp\/v2\/product\/7273","targetHints":{"allow":["GET"]}}],"collection":[{"href":"https:\/\/www.dharanastyle.com\/ca\/wp-json\/wp\/v2\/product"}],"about":[{"href":"https:\/\/www.dharanastyle.com\/ca\/wp-json\/wp\/v2\/types\/product"}],"replies":[{"embeddable":true,"href":"https:\/\/www.dharanastyle.com\/ca\/wp-json\/wp\/v2\/comments?post=7273"}],"wp:featuredmedia":[{"embeddable":true,"href":"https:\/\/www.dharanastyle.com\/ca\/wp-json\/wp\/v2\/media\/7648"}],"wp:attachment":[{"href":"https:\/\/www.dharanastyle.com\/ca\/wp-json\/wp\/v2\/media?parent=7273"}],"wp:term":[{"taxonomy":"product_cat","embeddable":true,"href":"https:\/\/www.dharanastyle.com\/ca\/wp-json\/wp\/v2\/product_cat?post=7273"},{"taxonomy":"product_tag","embeddable":true,"href":"https:\/\/www.dharanastyle.com\/ca\/wp-json\/wp\/v2\/product_tag?post=7273"}],"curies":[{"name":"wp","href":"https:\/\/api.w.org\/{rel}","templated":true}]}}