{"id":7255,"date":"2024-04-27T14:30:55","date_gmt":"2024-04-27T12:30:55","guid":{"rendered":"https:\/\/dharanastyle.com\/tienda\/sin%20categor\u00eda\/pantalones-cortos-aguas-beige-leggings-cortos-de-cintura-baja-des-de-la-xs-a-3xl\/"},"modified":"2024-04-29T19:23:13","modified_gmt":"2024-04-29T17:23:13","slug":"pantalones-cortos-aguas-beige-leggings-cortos-de-cintura-baja-des-de-la-xs-a-3xl","status":"publish","type":"product","link":"https:\/\/www.dharanastyle.com\/ca\/tienda\/leggings\/leggings-cortos-cintura-baja\/pantalones-cortos-aguas-beige-leggings-cortos-de-cintura-baja-des-de-la-xs-a-3xl\/","title":{"rendered":"Pantalons curts aig\u00fces beix. Leggings curts de cintura baixa. Des de la XS fins a 3XL."},"content":{"rendered":"<p>Descobreix els nostres pantalons curts, dissenyats per brindar-te la m\u00e0xima comoditat i suavitat a cada moviment. Ideals tant per a les teves sessions esportives com per lluir un estil urb\u00e0 impecable. Amb un estampat fluid que evoca la serenitat de l&#039;aigua i un elegant color beix real\u00e7at amb subtils contorns platejat gris, aquests pantalons s\u00f3n la fusi\u00f3 perfecta entre estil i funcionalitat. Fes-te amb ells i eleva el teu vestuari esportiu i casual a un nou nivell!<\/p>\n<p>\u2022 82% poli\u00e8ster, 18% elast\u00e0<br \/>\n\u2022 Tela el\u00e0stica en 4 adreces que s&#039;estira i es recupera als fils de la trama i de l&#039;ordit<br \/>\n\u2022 Elaborat amb fil de microfibra suau i agradable al tacte<br \/>\n\u2022 Amb sobrefilat i punt de cobertura<br \/>\n\u2022 Cintura el\u00e0stica c\u00f2moda<\/p>","protected":false},"excerpt":{"rendered":"<p>Descubre nuestros pantalones cortos, dise\u00f1ados para brindarte la m\u00e1xima comodidad y suavidad en cada movimiento. Ideales tanto para tus sesiones deportivas como para lucir un estilo urbano impecable. Con un&#8230;<\/p>","protected":false},"featured_media":7657,"comment_status":"open","ping_status":"closed","template":"","meta":{"jetpack_post_was_ever_published":false,"jetpack_publicize_message":"","jetpack_publicize_feature_enabled":true,"jetpack_social_post_already_shared":true,"jetpack_social_options":{"image_generator_settings":{"template":"highway","enabled":false},"version":2}},"product_cat":[180],"product_tag":[],"class_list":{"0":"post-7255","1":"product","2":"type-product","3":"status-publish","4":"has-post-thumbnail","6":"product_cat-leggings-cortos-cintura-baja","8":"first","9":"instock","10":"taxable","11":"shipping-taxable","12":"purchasable","13":"product-type-variable"},"jetpack_publicize_connections":[],"aioseo_notices":[],"jetpack_sharing_enabled":true,"_links":{"self":[{"href":"https:\/\/www.dharanastyle.com\/ca\/wp-json\/wp\/v2\/product\/7255","targetHints":{"allow":["GET"]}}],"collection":[{"href":"https:\/\/www.dharanastyle.com\/ca\/wp-json\/wp\/v2\/product"}],"about":[{"href":"https:\/\/www.dharanastyle.com\/ca\/wp-json\/wp\/v2\/types\/product"}],"replies":[{"embeddable":true,"href":"https:\/\/www.dharanastyle.com\/ca\/wp-json\/wp\/v2\/comments?post=7255"}],"wp:featuredmedia":[{"embeddable":true,"href":"https:\/\/www.dharanastyle.com\/ca\/wp-json\/wp\/v2\/media\/7657"}],"wp:attachment":[{"href":"https:\/\/www.dharanastyle.com\/ca\/wp-json\/wp\/v2\/media?parent=7255"}],"wp:term":[{"taxonomy":"product_cat","embeddable":true,"href":"https:\/\/www.dharanastyle.com\/ca\/wp-json\/wp\/v2\/product_cat?post=7255"},{"taxonomy":"product_tag","embeddable":true,"href":"https:\/\/www.dharanastyle.com\/ca\/wp-json\/wp\/v2\/product_tag?post=7255"}],"curies":[{"name":"wp","href":"https:\/\/api.w.org\/{rel}","templated":true}]}}