{"id":7233,"date":"2024-04-26T21:24:58","date_gmt":"2024-04-26T19:24:58","guid":{"rendered":"https:\/\/dharanastyle.com\/tienda\/sin%20categor\u00eda\/leggings-capri-gris-luna-pantalon-3-4-de-cintura-baja\/"},"modified":"2024-12-17T10:29:15","modified_gmt":"2024-12-17T09:29:15","slug":"leggings-capri-gris-luna-pantalon-3-4-de-cintura-baja","status":"publish","type":"product","link":"https:\/\/www.dharanastyle.com\/ca\/tienda\/leggings\/leggings-capri-cintura-baja\/leggings-capri-gris-luna-pantalon-3-4-de-cintura-baja\/","title":{"rendered":"Leggings capri Gris Lluna. Pantalons 3\/4 de cintura baixa."},"content":{"rendered":"<p>Explora l&#039;eleg\u00e0ncia atemporal amb els nostres leggings 3\/4 al subtil i sofisticat to Gris Luna. Dissenyats per oferir-vos la m\u00e0xima comoditat i suavitat, aquests leggings s\u00f3n una opci\u00f3 perfecta per afegir un toc d&#039;estil al vostre dia a dia. Confeccionats amb teixits d&#039;alta qualitat, ofereixen una sensaci\u00f3 de suavitat que t&#039;envolta a cada moviment. El disseny de longitud 3\/4 proporciona un equilibri entre cobertura i frescor, ideal per a qualsevol activitat. La cintura baixa garanteix un ajustament c\u00f2mode i afavoridor, mentre que les l\u00ednies i franges estrat\u00e8gicament ubicades realcen i potencien la silueta femenina, brindant-te una aparen\u00e7a esvelta i afavoridora. Ja sigui que estiguis en moviment o simplement relaxant-te, aquests leggings t&#039;ofereixen estil i funcionalitat en un de sol. Eleva el teu vestit amb la refinada eleg\u00e0ncia dels tons grisos dels nostres leggings 3\/4 Gris Luna, dissenyats per inspirar confian\u00e7a i estil a cada moment.<\/p>\n<p>\u2022 82% poli\u00e8ster, 18% elast\u00e0<br \/>\n\u2022 Pes del teixit: 230 g\/m\u00b2 (6,78 oz\/id\u00b2) (El pes podria variar en un 5%)<br \/>\n\u2022 FPU 38-40<br \/>\n\u2022 El material s&#039;estira a les 4 direccions, \u00e9s a dir, la tela s&#039;estira i es recupera als fils de la trama i de l&#039;ordit<br \/>\n\u2022 Elaborada amb fil de microfibra suau i agradable al tacte<br \/>\n\u2022 Tall de precisi\u00f3 i cosit a m\u00e0 despr\u00e9s del proc\u00e9s d&#039;estampaci\u00f3<\/p>","protected":false},"excerpt":{"rendered":"<p>Explora la elegancia atemporal con nuestros leggings 3\/4 en el sutil y sofisticado tono Gris Luna. Dise\u00f1ados para ofrecerte la m\u00e1xima comodidad y suavidad, estos leggings son una opci\u00f3n perfecta&#8230;<\/p>","protected":false},"featured_media":7666,"comment_status":"open","ping_status":"closed","template":"","meta":{"jetpack_post_was_ever_published":false,"jetpack_publicize_message":"","jetpack_publicize_feature_enabled":true,"jetpack_social_post_already_shared":true,"jetpack_social_options":{"image_generator_settings":{"template":"highway","enabled":false},"version":2}},"product_cat":[192,179,174],"product_tag":[],"class_list":{"0":"post-7233","1":"product","2":"type-product","3":"status-publish","4":"has-post-thumbnail","6":"product_cat-new-collection-2024","7":"product_cat-leggings-capri-cintura-baja","8":"product_cat-personalizable","10":"first","11":"instock","12":"taxable","13":"shipping-taxable","14":"purchasable","15":"product-type-variable"},"jetpack_publicize_connections":[],"aioseo_notices":[],"jetpack_sharing_enabled":true,"_links":{"self":[{"href":"https:\/\/www.dharanastyle.com\/ca\/wp-json\/wp\/v2\/product\/7233","targetHints":{"allow":["GET"]}}],"collection":[{"href":"https:\/\/www.dharanastyle.com\/ca\/wp-json\/wp\/v2\/product"}],"about":[{"href":"https:\/\/www.dharanastyle.com\/ca\/wp-json\/wp\/v2\/types\/product"}],"replies":[{"embeddable":true,"href":"https:\/\/www.dharanastyle.com\/ca\/wp-json\/wp\/v2\/comments?post=7233"}],"wp:featuredmedia":[{"embeddable":true,"href":"https:\/\/www.dharanastyle.com\/ca\/wp-json\/wp\/v2\/media\/7666"}],"wp:attachment":[{"href":"https:\/\/www.dharanastyle.com\/ca\/wp-json\/wp\/v2\/media?parent=7233"}],"wp:term":[{"taxonomy":"product_cat","embeddable":true,"href":"https:\/\/www.dharanastyle.com\/ca\/wp-json\/wp\/v2\/product_cat?post=7233"},{"taxonomy":"product_tag","embeddable":true,"href":"https:\/\/www.dharanastyle.com\/ca\/wp-json\/wp\/v2\/product_tag?post=7233"}],"curies":[{"name":"wp","href":"https:\/\/api.w.org\/{rel}","templated":true}]}}