{"id":7193,"date":"2024-04-24T19:34:33","date_gmt":"2024-04-24T17:34:33","guid":{"rendered":"https:\/\/dharanastyle.com\/tienda\/sin%20categor\u00eda\/leggings-capri-verde-jade-pantalon-3-4-de-cintura-baja\/"},"modified":"2024-07-21T19:36:36","modified_gmt":"2024-07-21T17:36:36","slug":"leggings-capri-verde-jade-pantalon-3-4-de-cintura-baja","status":"publish","type":"product","link":"https:\/\/www.dharanastyle.com\/ca\/tienda\/leggings\/leggings-capri-cintura-baja\/leggings-capri-verde-jade-pantalon-3-4-de-cintura-baja\/","title":{"rendered":"Leggings capri Verd Jade. Pantalons 3\/4 de cintura baixa."},"content":{"rendered":"<p>Submergeix-te en la frescor i l&#039;eleg\u00e0ncia amb els nostres leggings capri al vibrant to verd jade. Dissenyats per brindar-te la m\u00e0xima comoditat i suavitat, aquests leggings s\u00f3n una elecci\u00f3 perfecta per a les teves activitats di\u00e0ries. Confeccionats amb teixits d&#039;alta qualitat, ofereixen una sensaci\u00f3 de suavitat que t&#039;envolta a cada moviment. El seu disseny de cintura baixa proporciona un ajustament c\u00f2mode i afavoridor, mentre que les l\u00ednies i franges estrat\u00e8gicament ubicades realcen i potencien la silueta femenina, brindant-te una aparen\u00e7a esvelta i afavoridora. Ja sigui que estiguis practicant ioga, corrent o simplement relaxant-te a casa, aquests leggings us ofereixen l&#039;equilibri perfecte entre estil i funcionalitat. Eleva el teu vestit amb el vibrant verd jade dels nostres leggings capri, dissenyats per inspirar confian\u00e7a i eleg\u00e0ncia a cada pas.<\/p>\n<p>\u2022 82% poli\u00e8ster, 18% elast\u00e0<br \/>\n\u2022 Pes del teixit: 230 g\/m\u00b2 (6,78 oz\/id\u00b2) (El pes podria variar en un 5%)<br \/>\n\u2022 FPU 38-40<br \/>\n\u2022 El material s&#039;estira a les 4 direccions, \u00e9s a dir, la tela s&#039;estira i es recupera als fils de la trama i de l&#039;ordit<br \/>\n\u2022 Elaborada amb fil de microfibra suau i agradable al tacte<br \/>\n\u2022 Tall de precisi\u00f3 i cosit a m\u00e0 despr\u00e9s del proc\u00e9s d&#039;estampaci\u00f3<\/p>","protected":false},"excerpt":{"rendered":"<p>Sum\u00e9rgete en la frescura y la elegancia con nuestros leggings capri en el vibrante tono verde jade. Dise\u00f1ados para brindarte la m\u00e1xima comodidad y suavidad, estos leggings son una elecci\u00f3n&#8230;<\/p>","protected":false},"featured_media":9979,"comment_status":"open","ping_status":"closed","template":"","meta":{"jetpack_post_was_ever_published":false,"jetpack_publicize_message":"","jetpack_publicize_feature_enabled":true,"jetpack_social_post_already_shared":true,"jetpack_social_options":{"image_generator_settings":{"template":"highway","enabled":false},"version":2}},"product_cat":[192,15,179,174],"product_tag":[271,322,323,315,284,318,321,282,283,316,267,314,268,264],"class_list":{"0":"post-7193","1":"product","2":"type-product","3":"status-publish","4":"has-post-thumbnail","6":"product_cat-new-collection-2024","7":"product_cat-conjuntos","8":"product_cat-leggings-capri-cintura-baja","9":"product_cat-personalizable","10":"product_tag-activewear","11":"product_tag-cintura-baja","12":"product_tag-color-verde-jade-en-dos-tonalidades","13":"product_tag-gran-suavidad","14":"product_tag-leggings-casual-deportivos","15":"product_tag-leggings-de-gimnasio","16":"product_tag-leggings-de-yoga-3-4","17":"product_tag-leggings-fitness","18":"product_tag-leggings-transpirables","19":"product_tag-microfibra-elastica","20":"product_tag-moda-deportiva","21":"product_tag-muy-comodos","22":"product_tag-ropa-comoda-para-ejercicio","23":"product_tag-ropa-de-entrenamiento","25":"first","26":"instock","27":"taxable","28":"shipping-taxable","29":"purchasable","30":"product-type-variable"},"jetpack_publicize_connections":[],"aioseo_notices":[],"jetpack_sharing_enabled":true,"_links":{"self":[{"href":"https:\/\/www.dharanastyle.com\/ca\/wp-json\/wp\/v2\/product\/7193","targetHints":{"allow":["GET"]}}],"collection":[{"href":"https:\/\/www.dharanastyle.com\/ca\/wp-json\/wp\/v2\/product"}],"about":[{"href":"https:\/\/www.dharanastyle.com\/ca\/wp-json\/wp\/v2\/types\/product"}],"replies":[{"embeddable":true,"href":"https:\/\/www.dharanastyle.com\/ca\/wp-json\/wp\/v2\/comments?post=7193"}],"wp:featuredmedia":[{"embeddable":true,"href":"https:\/\/www.dharanastyle.com\/ca\/wp-json\/wp\/v2\/media\/9979"}],"wp:attachment":[{"href":"https:\/\/www.dharanastyle.com\/ca\/wp-json\/wp\/v2\/media?parent=7193"}],"wp:term":[{"taxonomy":"product_cat","embeddable":true,"href":"https:\/\/www.dharanastyle.com\/ca\/wp-json\/wp\/v2\/product_cat?post=7193"},{"taxonomy":"product_tag","embeddable":true,"href":"https:\/\/www.dharanastyle.com\/ca\/wp-json\/wp\/v2\/product_tag?post=7193"}],"curies":[{"name":"wp","href":"https:\/\/api.w.org\/{rel}","templated":true}]}}