{"id":7136,"date":"2024-04-24T19:13:29","date_gmt":"2024-04-24T17:13:29","guid":{"rendered":"https:\/\/dharanastyle.com\/tienda\/sin%20categor\u00eda\/sujetador-deportivo-con-relleno-extraible-color-marron-chocolate\/"},"modified":"2024-07-21T12:07:05","modified_gmt":"2024-07-21T10:07:05","slug":"sujetador-deportivo-con-relleno-extraible-color-marron-chocolate","status":"publish","type":"product","link":"https:\/\/www.dharanastyle.com\/ca\/tienda\/conjuntos\/sujetador-deportivo-con-relleno-extraible-color-marron-chocolate\/","title":{"rendered":"Sostenidor top esportiu. Color Marr\u00f3 Xocolata."},"content":{"rendered":"<p>Submergeix-te en l&#039;eleg\u00e0ncia i el confort amb el nostre sostenidor esportiu Marr\u00f3 Xocolata. Dissenyat amb una paleta de tonalitats marr\u00f3 xocolata, aquest sostenidor afegeix un toc de calidesa i sofisticaci\u00f3 al teu vestuari esportiu. Confeccionat amb material transpirable que es mant\u00e9 sec durant les sessions de gimn\u00e0s de baixa a mitjana intensitat, aquest sostenidor garanteix comoditat i frescor en tot moment. El seu disseny presenta tirants amb un material de subjecci\u00f3, un frontal de doble capa i una banda el\u00e0stica al baix, assegurant un suport constant i una subjecci\u00f3 ferma durant els teus entrenaments. Ja sigui que estiguis practicant ioga, corrent o aixecant peses, el nostre sostenidor Marr\u00f3 Xocolata et brinda la confian\u00e7a i l&#039;estil que necessites per assolir les teves metes esportives. Descobreix la combinaci\u00f3 perfecta de funcionalitat i eleg\u00e0ncia amb aquest sostenidor que s&#039;adapta a la teva vida activa amb facilitat.<\/p>\n<p>\u2022 82% poli\u00e8ster, 18% elast\u00e0<br \/>\n\u2022 Pes del teixit: 230 g\/m\u00b2 (6,78 oz\/id\u00b2), el pes podria variar en un 5%<br \/>\n\u2022 Teixit transpirable<br \/>\n\u2022 Tela el\u00e0stica en 4 adreces que s&#039;estira i es recupera als fils de la trama i de l&#039;ordit<br \/>\n\u2022 Escot rod\u00f3 i esquena nedadora<br \/>\n\u2022 Costures planes i acabat amb biaixos que eviten el fregament<br \/>\n\u2022 Ideal per a copes AC<br \/>\n\u2022 Material de subjecci\u00f3 als tirants, frontal de doble capa i una banda el\u00e0stica al baix<\/p>","protected":false},"excerpt":{"rendered":"<p>Sum\u00e9rgete en la elegancia y el confort con nuestro sujetador deportivo Marr\u00f3n Chocolate. Dise\u00f1ado con una paleta de tonalidades marr\u00f3n chocolate, este sujetador a\u00f1ade un toque de calidez y sofisticaci\u00f3n&#8230;<\/p>","protected":false},"featured_media":7151,"comment_status":"open","ping_status":"closed","template":"","meta":{"jetpack_post_was_ever_published":false,"jetpack_publicize_message":"","jetpack_publicize_feature_enabled":true,"jetpack_social_post_already_shared":true,"jetpack_social_options":{"image_generator_settings":{"template":"highway","enabled":false},"version":2}},"product_cat":[192,191,15],"product_tag":[271,293,287,285,267,268,264,286,272,290,222,266,269],"class_list":{"0":"post-7136","1":"product","2":"type-product","3":"status-publish","4":"has-post-thumbnail","6":"product_cat-new-collection-2024","7":"product_cat-tops","8":"product_cat-conjuntos","9":"product_tag-activewear","10":"product_tag-color-chocolate","11":"product_tag-cuello-redondo","12":"product_tag-elastico","13":"product_tag-moda-deportiva","14":"product_tag-ropa-comoda-para-ejercicio","15":"product_tag-ropa-de-entrenamiento","16":"product_tag-tirantes","17":"product_tag-top-casual-deportivo","18":"product_tag-top-de-gimnasio","19":"product_tag-top-deportivo","20":"product_tag-top-fitness","21":"product_tag-top-transpirable","23":"first","24":"instock","25":"taxable","26":"shipping-taxable","27":"purchasable","28":"product-type-variable"},"jetpack_publicize_connections":[],"aioseo_notices":[],"jetpack_sharing_enabled":true,"_links":{"self":[{"href":"https:\/\/www.dharanastyle.com\/ca\/wp-json\/wp\/v2\/product\/7136","targetHints":{"allow":["GET"]}}],"collection":[{"href":"https:\/\/www.dharanastyle.com\/ca\/wp-json\/wp\/v2\/product"}],"about":[{"href":"https:\/\/www.dharanastyle.com\/ca\/wp-json\/wp\/v2\/types\/product"}],"replies":[{"embeddable":true,"href":"https:\/\/www.dharanastyle.com\/ca\/wp-json\/wp\/v2\/comments?post=7136"}],"wp:featuredmedia":[{"embeddable":true,"href":"https:\/\/www.dharanastyle.com\/ca\/wp-json\/wp\/v2\/media\/7151"}],"wp:attachment":[{"href":"https:\/\/www.dharanastyle.com\/ca\/wp-json\/wp\/v2\/media?parent=7136"}],"wp:term":[{"taxonomy":"product_cat","embeddable":true,"href":"https:\/\/www.dharanastyle.com\/ca\/wp-json\/wp\/v2\/product_cat?post=7136"},{"taxonomy":"product_tag","embeddable":true,"href":"https:\/\/www.dharanastyle.com\/ca\/wp-json\/wp\/v2\/product_tag?post=7136"}],"curies":[{"name":"wp","href":"https:\/\/api.w.org\/{rel}","templated":true}]}}