{"id":7107,"date":"2024-04-23T20:01:12","date_gmt":"2024-04-23T18:01:12","guid":{"rendered":"https:\/\/dharanastyle.com\/tienda\/sin%20categor\u00eda\/sujetador-deportivo-con-relleno-extraible-color-verde-jade\/"},"modified":"2024-07-21T12:10:23","modified_gmt":"2024-07-21T10:10:23","slug":"sujetador-deportivo-con-relleno-extraible-color-verde-jade","status":"publish","type":"product","link":"https:\/\/www.dharanastyle.com\/ca\/tienda\/conjuntos\/sujetador-deportivo-con-relleno-extraible-color-verde-jade\/","title":{"rendered":"Sostenidor esportiu . Color Verd Jade."},"content":{"rendered":"<p>Descobreix la combinaci\u00f3 perfecta de comoditat i estil amb el nostre sostenidor esportiu Verde Jade. Confeccionat amb material transpirable que es mant\u00e9 sec durant les sessions de gimn\u00e0s de baixa a mitja intensitat, aquest sostenidor \u00e9s ideal per acompanyar-te en les teves activitats f\u00edsiques disseny acuradament elaborat que garanteix un suport constant i c\u00f2mode. Els tirants estan equipats amb un material de subjecci\u00f3, mentre que el frontal de doble capa proporciona una cobertura addicional i una sensaci\u00f3 de seguretat. La banda el\u00e0stica al baix assegura un ajustament ferm sense sacrificar la llibertat de moviment. el teu conjunt esportiu. Ja sigui que estiguis practicant ioga, corrent o entrenant al gimn\u00e0s, el nostre sostenidor Verd Jade t&#039;acompanyar\u00e0 amb estil i confian\u00e7a. Eleva la teva experi\u00e8ncia esportiva amb el sostenidor perfecte que combina funcionalitat, confort i estil en un de sol.<\/p>\n<p>\u2022 82% poli\u00e8ster, 18% elast\u00e0<br \/>\n\u2022 Pes del teixit: 230 g\/m\u00b2 (6,78 oz\/id\u00b2), el pes podria variar en un 5%<br \/>\n\u2022 Teixit transpirable<br \/>\n\u2022 Tela el\u00e0stica en 4 adreces que s&#039;estira i es recupera als fils de la trama i de l&#039;ordit<br \/>\n\u2022 Escot rod\u00f3 i esquena nedadora<br \/>\n\u2022 Costures planes i acabat amb biaixos que eviten el fregament<br \/>\n\u2022 Ideal per a copes AC<br \/>\n\u2022 Material de subjecci\u00f3 als tirants, frontal de doble capa i una banda el\u00e0stica al baix<\/p>","protected":false},"excerpt":{"rendered":"<p>Descubre la combinaci\u00f3n perfecta de comodidad y estilo con nuestro sujetador deportivo Verde Jade. Confeccionado con material transpirable que se mantiene seco durante las sesiones de gimnasio de baja a&#8230;<\/p>","protected":false},"featured_media":7122,"comment_status":"open","ping_status":"closed","template":"","meta":{"jetpack_post_was_ever_published":false,"jetpack_publicize_message":"","jetpack_publicize_feature_enabled":true,"jetpack_social_post_already_shared":true,"jetpack_social_options":{"image_generator_settings":{"template":"highway","enabled":false},"version":2}},"product_cat":[192,191,15],"product_tag":[271,294,287,285,267,268,264,286,272,290,222,266,269],"class_list":{"0":"post-7107","1":"product","2":"type-product","3":"status-publish","4":"has-post-thumbnail","6":"product_cat-new-collection-2024","7":"product_cat-tops","8":"product_cat-conjuntos","9":"product_tag-activewear","10":"product_tag-color-verde-jade","11":"product_tag-cuello-redondo","12":"product_tag-elastico","13":"product_tag-moda-deportiva","14":"product_tag-ropa-comoda-para-ejercicio","15":"product_tag-ropa-de-entrenamiento","16":"product_tag-tirantes","17":"product_tag-top-casual-deportivo","18":"product_tag-top-de-gimnasio","19":"product_tag-top-deportivo","20":"product_tag-top-fitness","21":"product_tag-top-transpirable","23":"first","24":"instock","25":"taxable","26":"shipping-taxable","27":"purchasable","28":"product-type-variable"},"jetpack_publicize_connections":[],"aioseo_notices":[],"jetpack_sharing_enabled":true,"_links":{"self":[{"href":"https:\/\/www.dharanastyle.com\/ca\/wp-json\/wp\/v2\/product\/7107","targetHints":{"allow":["GET"]}}],"collection":[{"href":"https:\/\/www.dharanastyle.com\/ca\/wp-json\/wp\/v2\/product"}],"about":[{"href":"https:\/\/www.dharanastyle.com\/ca\/wp-json\/wp\/v2\/types\/product"}],"replies":[{"embeddable":true,"href":"https:\/\/www.dharanastyle.com\/ca\/wp-json\/wp\/v2\/comments?post=7107"}],"wp:featuredmedia":[{"embeddable":true,"href":"https:\/\/www.dharanastyle.com\/ca\/wp-json\/wp\/v2\/media\/7122"}],"wp:attachment":[{"href":"https:\/\/www.dharanastyle.com\/ca\/wp-json\/wp\/v2\/media?parent=7107"}],"wp:term":[{"taxonomy":"product_cat","embeddable":true,"href":"https:\/\/www.dharanastyle.com\/ca\/wp-json\/wp\/v2\/product_cat?post=7107"},{"taxonomy":"product_tag","embeddable":true,"href":"https:\/\/www.dharanastyle.com\/ca\/wp-json\/wp\/v2\/product_tag?post=7107"}],"curies":[{"name":"wp","href":"https:\/\/api.w.org\/{rel}","templated":true}]}}