{"id":7027,"date":"2024-04-21T13:57:09","date_gmt":"2024-04-21T11:57:09","guid":{"rendered":"https:\/\/dharanastyle.com\/tienda\/sin%20categor\u00eda\/leggings-capri-de-yoga-rosa-neon-pantalon-capri-3-4-de-cintura-alta\/"},"modified":"2024-07-21T19:04:47","modified_gmt":"2024-07-21T17:04:47","slug":"leggings-capri-de-yoga-rosa-neon-pantalon-capri-3-4-de-cintura-alta","status":"publish","type":"product","link":"https:\/\/www.dharanastyle.com\/ca\/tienda\/leggings\/leggings-capri\/leggings-capri-de-yoga-rosa-neon-pantalon-capri-3-4-de-cintura-alta\/","title":{"rendered":"Leggings capri de ioga rosa N\u00favol. Pantalons capri 3\/4 de cintura alta."},"content":{"rendered":"<p>Descobriu la delicadesa i l&#039;estil amb els nostres leggings capri de cintura alta en un suau to rosa N\u00favol. Dissenyats per brindar-te eleg\u00e0ncia i comoditat en cada moviment, aquests leggings s\u00f3n lelecci\u00f3 perfecta per real\u00e7ar la teva pr\u00e0ctica de ioga amb un toc de frescor. El to rosa ne\u00f3, suau i vibrant, afegeix un toc d&#039;energia i vitalitat a la teva vestimenta, mentre que la cintura alta ofereix un ajust afavoridor que et permet moure&#039;t amb llibertat i confian\u00e7a en cada postura. Fabricats amb teixits d&#039;alta qualitat, ofereixen una sensaci\u00f3 de suavitat i confort que t&#039;envolta a cada moviment. Amb l\u00ednies de disseny acuradament col\u00b7locades, aquests leggings realcen i potencien la silueta femenina, brindant-te una aparen\u00e7a esvelta i afavoridora. Ja sigui que siguis a l&#039;estudi oa casa, aquests leggings s\u00f3n l&#039;elecci\u00f3 perfecta per a aquelles que busquen combinar estil i funcionalitat en una sola pe\u00e7a. Eleva el teu estil i la teva pr\u00e0ctica de ioga amb els nostres leggings capri de cintura alta en rosa n\u00favol, dissenyats per inspirar eleg\u00e0ncia i confian\u00e7a en cada moviment.<br \/>\n\u2022 82% poli\u00e8ster, 18% elast\u00e0<br \/>\n\u2022 Mitja panxell<br \/>\n\u2022 Tela el\u00e0stica en quatre direccions molt suau<br \/>\n\u2022 Cintura alta c\u00f2moda<br \/>\n\u2022 Costures planes i punt de cobertura<br \/>\n\u2022 Components del producte base als EUA i M\u00e8xic procedents de la Xina<br \/>\n\u2022 Components del producte base a la UE procedents de la Xina i Litu\u00e0nia<\/p>","protected":false},"excerpt":{"rendered":"<p>Descubre la delicadeza y el estilo con nuestros leggings capri de cintura alta en un suave tono rosa Nube. Dise\u00f1ados para brindarte elegancia y comodidad en cada movimiento, estos leggings&#8230;<\/p>","protected":false},"featured_media":7035,"comment_status":"open","ping_status":"closed","template":"","meta":{"jetpack_post_was_ever_published":false,"jetpack_publicize_message":"","jetpack_publicize_feature_enabled":true,"jetpack_social_post_already_shared":true,"jetpack_social_options":{"image_generator_settings":{"template":"highway","enabled":false},"version":2}},"product_cat":[192,15,175,174],"product_tag":[279,271,216,319,315,284,318,273,282,283,316,267,314,317,268,264],"class_list":{"0":"post-7027","1":"product","2":"type-product","3":"status-publish","4":"has-post-thumbnail","6":"product_cat-new-collection-2024","7":"product_cat-conjuntos","8":"product_cat-leggings-capri","9":"product_cat-personalizable","10":"product_tag-3-4","11":"product_tag-activewear","12":"product_tag-cintura-alta","13":"product_tag-color-rosa-nube","14":"product_tag-gran-suavidad","15":"product_tag-leggings-casual-deportivos","16":"product_tag-leggings-de-gimnasio","17":"product_tag-leggings-de-yoga","18":"product_tag-leggings-fitness","19":"product_tag-leggings-transpirables","20":"product_tag-microfibra-elastica","21":"product_tag-moda-deportiva","22":"product_tag-muy-comodos","23":"product_tag-realza-la-figura-femenina","24":"product_tag-ropa-comoda-para-ejercicio","25":"product_tag-ropa-de-entrenamiento","27":"first","28":"instock","29":"taxable","30":"shipping-taxable","31":"purchasable","32":"product-type-variable"},"jetpack_publicize_connections":[],"aioseo_notices":[],"jetpack_sharing_enabled":true,"_links":{"self":[{"href":"https:\/\/www.dharanastyle.com\/ca\/wp-json\/wp\/v2\/product\/7027","targetHints":{"allow":["GET"]}}],"collection":[{"href":"https:\/\/www.dharanastyle.com\/ca\/wp-json\/wp\/v2\/product"}],"about":[{"href":"https:\/\/www.dharanastyle.com\/ca\/wp-json\/wp\/v2\/types\/product"}],"replies":[{"embeddable":true,"href":"https:\/\/www.dharanastyle.com\/ca\/wp-json\/wp\/v2\/comments?post=7027"}],"wp:featuredmedia":[{"embeddable":true,"href":"https:\/\/www.dharanastyle.com\/ca\/wp-json\/wp\/v2\/media\/7035"}],"wp:attachment":[{"href":"https:\/\/www.dharanastyle.com\/ca\/wp-json\/wp\/v2\/media?parent=7027"}],"wp:term":[{"taxonomy":"product_cat","embeddable":true,"href":"https:\/\/www.dharanastyle.com\/ca\/wp-json\/wp\/v2\/product_cat?post=7027"},{"taxonomy":"product_tag","embeddable":true,"href":"https:\/\/www.dharanastyle.com\/ca\/wp-json\/wp\/v2\/product_tag?post=7027"}],"curies":[{"name":"wp","href":"https:\/\/api.w.org\/{rel}","templated":true}]}}