{"id":6989,"date":"2024-04-21T13:43:01","date_gmt":"2024-04-21T11:43:01","guid":{"rendered":"https:\/\/dharanastyle.com\/tienda\/sin%20categor\u00eda\/leggings-capri-de-yoga-verde-jade-pantalon-capri-3-4-de-cintura-alta\/"},"modified":"2024-04-21T13:44:04","modified_gmt":"2024-04-21T11:44:04","slug":"leggings-capri-de-yoga-verde-jade-pantalon-capri-3-4-de-cintura-alta","status":"publish","type":"product","link":"https:\/\/www.dharanastyle.com\/ca\/tienda\/leggings\/leggings-capri\/leggings-capri-de-yoga-verde-jade-pantalon-capri-3-4-de-cintura-alta\/","title":{"rendered":"Leggings capri de ioga verd Jade. Pantalons capri 3\/4 de cintura alta."},"content":{"rendered":"<p>Submergeix-te en l&#039;harmonia i l&#039;eleg\u00e0ncia amb els nostres leggings capri de cintura alta en un vibrant to verd jade, afectuosament anomenats &#039;Verde Jade&#039;. Dissenyats per oferir-te estil i comoditat a cada sessi\u00f3 de ioga, aquests leggings s\u00f3n l&#039;elecci\u00f3 perfecta per real\u00e7ar la teva pr\u00e0ctica amb un toc de sofisticaci\u00f3. La seva tonalitat verda jade evoca la frescor i la vitalitat de la naturalesa, mentre que el seu disseny capri i cintura alta ofereixen un ajustament afavoridor i segur que et permet moure&#039;t amb llibertat i confian\u00e7a en cada postura. Fabricats amb teixits d&#039;alta qualitat, ofereixen una sensaci\u00f3 de suavitat i confort que t&#039;envolta en cada moviment. l\u00ednies separadores estrat\u00e8gicament col\u00b7locades, aquests leggings realcen i potencien la silueta femenina, brindant-te una aparen\u00e7a esvelta i afavoridora Ja sigui que estiguis a l&#039;estudi oa casa, aquests leggings s\u00f3n l&#039;elecci\u00f3 perfecta per a aquelles que busquen combinar estil i funcionalitat en una sola pe\u00e7a. &#039;, dissenyats per inspirar eleg\u00e0ncia i confian\u00e7a en cada moviment.<\/p>\n<p>\u2022 82% poli\u00e8ster, 18% elast\u00e0<br \/>\n\u2022 Mitja panxell<br \/>\n\u2022 Tela el\u00e0stica en quatre direccions molt suau<br \/>\n\u2022 Cintura alta c\u00f2moda<br \/>\n\u2022 Costures planes i punt de cobertura<br \/>\n\u2022 Components del producte base als EUA i M\u00e8xic procedents de la Xina<br \/>\n\u2022 Components del producte base a la UE procedents de la Xina i Litu\u00e0nia<\/p>","protected":false},"excerpt":{"rendered":"<p>Sum\u00e9rgete en la armon\u00eda y la elegancia con nuestros leggings capri de cintura alta en un vibrante tono verde jade, cari\u00f1osamente llamados &#8216;Verde Jade&#8217;. Dise\u00f1ados para ofrecerte estilo y comodidad&#8230;<\/p>","protected":false},"featured_media":6997,"comment_status":"open","ping_status":"closed","template":"","meta":{"jetpack_post_was_ever_published":false,"jetpack_publicize_message":"","jetpack_publicize_feature_enabled":true,"jetpack_social_post_already_shared":true,"jetpack_social_options":{"image_generator_settings":{"template":"highway","enabled":false},"version":2}},"product_cat":[192,175,174],"product_tag":[],"class_list":{"0":"post-6989","1":"product","2":"type-product","3":"status-publish","4":"has-post-thumbnail","6":"product_cat-new-collection-2024","7":"product_cat-leggings-capri","8":"product_cat-personalizable","10":"first","11":"instock","12":"taxable","13":"shipping-taxable","14":"purchasable","15":"product-type-variable"},"jetpack_publicize_connections":[],"aioseo_notices":[],"jetpack_sharing_enabled":true,"_links":{"self":[{"href":"https:\/\/www.dharanastyle.com\/ca\/wp-json\/wp\/v2\/product\/6989","targetHints":{"allow":["GET"]}}],"collection":[{"href":"https:\/\/www.dharanastyle.com\/ca\/wp-json\/wp\/v2\/product"}],"about":[{"href":"https:\/\/www.dharanastyle.com\/ca\/wp-json\/wp\/v2\/types\/product"}],"replies":[{"embeddable":true,"href":"https:\/\/www.dharanastyle.com\/ca\/wp-json\/wp\/v2\/comments?post=6989"}],"wp:featuredmedia":[{"embeddable":true,"href":"https:\/\/www.dharanastyle.com\/ca\/wp-json\/wp\/v2\/media\/6997"}],"wp:attachment":[{"href":"https:\/\/www.dharanastyle.com\/ca\/wp-json\/wp\/v2\/media?parent=6989"}],"wp:term":[{"taxonomy":"product_cat","embeddable":true,"href":"https:\/\/www.dharanastyle.com\/ca\/wp-json\/wp\/v2\/product_cat?post=6989"},{"taxonomy":"product_tag","embeddable":true,"href":"https:\/\/www.dharanastyle.com\/ca\/wp-json\/wp\/v2\/product_tag?post=6989"}],"curies":[{"name":"wp","href":"https:\/\/api.w.org\/{rel}","templated":true}]}}