{"id":6944,"date":"2024-04-20T19:58:40","date_gmt":"2024-04-20T17:58:40","guid":{"rendered":"https:\/\/dharanastyle.com\/tienda\/sin%20categor\u00eda\/leggings-capri-de-yoga-azul-serenidad\/"},"modified":"2024-07-28T12:03:15","modified_gmt":"2024-07-28T10:03:15","slug":"leggings-capri-de-yoga-azul-serenidad","status":"publish","type":"product","link":"https:\/\/www.dharanastyle.com\/ca\/tienda\/leggings\/leggings-capri\/leggings-capri-de-yoga-azul-serenidad\/","title":{"rendered":"Leggings capri de ioga, Blau Serenitat"},"content":{"rendered":"<p>Descobreix l&#039;harmonia perfecta entre estil i funcionalitat amb els nostres exclusius leggings capri de ioga amb cintura alta, presentats en un sofisticat to blau past\u00eds que hem anomenat Blau Serenitat. Aquest to suau i elegant, dissenyat per capturar la tranquil\u00b7litat i la serenitat d&#039;un cel a l&#039;alba, afegeix un toc de pau a les teves pr\u00e0ctiques de ioga.<\/p>\n<p>Confeccionats amb teixits d\u00b4alta qualitat que ofereixen una combinaci\u00f3 perfecta de subjecci\u00f3 i comoditat, aquests leggings capri amb cintura alta estan dissenyats per adaptar-se a cada moviment, proporcionant una sensaci\u00f3 de llibertat i confian\u00e7a en cada postura. El seu disseny acuradament elaborat es fusiona harmoniosament amb el to relaxant de Blau Serenitat, creant una pe\u00e7a que convida a la relaxaci\u00f3 i al benestar.<\/p>\n<p>La cintura alta no nom\u00e9s ofereix un ajust afavoridor que ressalta la teva figura, sin\u00f3 que tamb\u00e9 proporciona un suport addicional, permetent concentrar-te completament en la teva pr\u00e0ctica de ioga sense distraccions. El Blau Serenitat afegeix un toc de sofisticaci\u00f3 i eleg\u00e0ncia, convertint aquests leggings capri en una opci\u00f3 vers\u00e0til i estilitzada per a qualsevol ocasi\u00f3.<\/p>\n<p>Eleva la teva experi\u00e8ncia de ioga amb els nostres leggings capri amb cintura alta a \u00abBlau Serenitat\u00bb. Descobreix la combinaci\u00f3 perfecta d&#039;estil, confort i funcionalitat en una pe\u00e7a dissenyada per inspirar tranquil\u00b7litat i eleg\u00e0ncia a cada pas del teu viatge de benestar. #LeggingsCapri #CinturaAlta #AblauSerenitat #YogaEstilitzat #Bienestar<\/p>\n<p>Aquests leggings capri de ioga amb cintura alta i el\u00e0stica s\u00f3n perfectes per fer ioga, anar al gimn\u00e0s o, simplement, estar c\u00f2moda a casa.<\/p>\n<p>\u2022 82% poli\u00e8ster, 18% elast\u00e0<br \/>\n\u2022 Mitja panxell<br \/>\n\u2022 Tela el\u00e0stica en quatre direccions molt suau<br \/>\n\u2022 Cintura alta c\u00f2moda<br \/>\n\u2022 Costures planes i punt de cobertura<br \/>\n\u2022 Components del producte base als EUA i M\u00e8xic procedents de la Xina<br \/>\n\u2022 Components del producte base a la UE procedents de la Xina i Litu\u00e0nia<\/p>","protected":false},"excerpt":{"rendered":"<p>Descubre la armon\u00eda perfecta entre estilo y funcionalidad con nuestros exclusivos leggings capri de yoga con cintura alta, presentados en un sofisticado tono azul pastel que hemos nombrado \u00abAzul Serenidad\u00bb&#8230;.<\/p>","protected":false},"featured_media":10110,"comment_status":"open","ping_status":"closed","template":"","meta":{"jetpack_post_was_ever_published":false,"jetpack_publicize_message":"","jetpack_publicize_feature_enabled":true,"jetpack_social_post_already_shared":true,"jetpack_social_options":{"image_generator_settings":{"template":"highway","enabled":false},"version":2}},"product_cat":[192,15,175],"product_tag":[271,216,295,315,284,318,321,282,283,316,267,314,317,268,264],"class_list":{"0":"post-6944","1":"product","2":"type-product","3":"status-publish","4":"has-post-thumbnail","6":"product_cat-new-collection-2024","7":"product_cat-conjuntos","8":"product_cat-leggings-capri","9":"product_tag-activewear","10":"product_tag-cintura-alta","11":"product_tag-color-azul-serenidad","12":"product_tag-gran-suavidad","13":"product_tag-leggings-casual-deportivos","14":"product_tag-leggings-de-gimnasio","15":"product_tag-leggings-de-yoga-3-4","16":"product_tag-leggings-fitness","17":"product_tag-leggings-transpirables","18":"product_tag-microfibra-elastica","19":"product_tag-moda-deportiva","20":"product_tag-muy-comodos","21":"product_tag-realza-la-figura-femenina","22":"product_tag-ropa-comoda-para-ejercicio","23":"product_tag-ropa-de-entrenamiento","25":"first","26":"instock","27":"taxable","28":"shipping-taxable","29":"purchasable","30":"product-type-variable"},"jetpack_publicize_connections":[],"aioseo_notices":[],"jetpack_sharing_enabled":true,"_links":{"self":[{"href":"https:\/\/www.dharanastyle.com\/ca\/wp-json\/wp\/v2\/product\/6944","targetHints":{"allow":["GET"]}}],"collection":[{"href":"https:\/\/www.dharanastyle.com\/ca\/wp-json\/wp\/v2\/product"}],"about":[{"href":"https:\/\/www.dharanastyle.com\/ca\/wp-json\/wp\/v2\/types\/product"}],"replies":[{"embeddable":true,"href":"https:\/\/www.dharanastyle.com\/ca\/wp-json\/wp\/v2\/comments?post=6944"}],"wp:featuredmedia":[{"embeddable":true,"href":"https:\/\/www.dharanastyle.com\/ca\/wp-json\/wp\/v2\/media\/10110"}],"wp:attachment":[{"href":"https:\/\/www.dharanastyle.com\/ca\/wp-json\/wp\/v2\/media?parent=6944"}],"wp:term":[{"taxonomy":"product_cat","embeddable":true,"href":"https:\/\/www.dharanastyle.com\/ca\/wp-json\/wp\/v2\/product_cat?post=6944"},{"taxonomy":"product_tag","embeddable":true,"href":"https:\/\/www.dharanastyle.com\/ca\/wp-json\/wp\/v2\/product_tag?post=6944"}],"curies":[{"name":"wp","href":"https:\/\/api.w.org\/{rel}","templated":true}]}}