{"id":6899,"date":"2024-04-20T18:03:54","date_gmt":"2024-04-20T16:03:54","guid":{"rendered":"https:\/\/dharanastyle.com\/tienda\/sin%20categor\u00eda\/leggings-capri-de-yoga-azul-hielo-pantalon-capri-3-4-de-cintura-alta\/"},"modified":"2024-06-17T17:27:31","modified_gmt":"2024-06-17T15:27:31","slug":"leggings-capri-de-yoga-azul-hielo-pantalon-capri-3-4-de-cintura-alta","status":"publish","type":"product","link":"https:\/\/www.dharanastyle.com\/ca\/tienda\/leggings\/leggings-capri\/leggings-capri-de-yoga-azul-hielo-pantalon-capri-3-4-de-cintura-alta\/","title":{"rendered":"Leggings capri de ioga Blau Gel. Pantalons capri 3\/4 de cintura alta."},"content":{"rendered":"<p>Explora la bellesa i la frescor amb els nostres leggings capri en un enlluernador to blau maragda, coneguts afectuosament com a &#039;Azul Hielo&#039;. Dissenyats per oferir-te estil i comoditat a cada sessi\u00f3 de ioga, aquests leggings s\u00f3n l&#039;elecci\u00f3 perfecta per destacar la teva tinguda amb un toc d&#039;eleg\u00e0ncia. La seva tonalitat blava maragda evoca la serenitat i la frescor d&#039;un paisatge hivernal, mentre que el disseny capri ofereix una longitud perfecta per real\u00e7ar el teu estil a qualsevol estaci\u00f3 de l&#039;any. Fabricats amb teixits d&#039;alta qualitat, ofereixen una sensaci\u00f3 de suavitat i confort que t&#039;envolta cada postura. La cintura baixa assegura un ajustament segur i c\u00f2mode, permetent concentrar-te completament en la teva pr\u00e0ctica. Amb l\u00ednies separadores estrat\u00e8gicament col\u00b7locades, aquests leggings realcen i potencien la silueta femenina, brindant-te una aparen\u00e7a esvelta i afavoridora. Ja sigui que siguis a l&#039;estudi oa casa, aquests leggings s\u00f3n l&#039;elecci\u00f3 perfecta per a aquelles que busquen combinar estil i funcionalitat en una sola pe\u00e7a. Eleva el teu estil i la teva pr\u00e0ctica de ioga amb els nostres leggings capri &#039;Blau Gel&#039;, dissenyats per inspirar eleg\u00e0ncia i confian\u00e7a en cada moviment.<\/p>\n<p>\u2022 82% poli\u00e8ster, 18% elast\u00e0<br \/>\n\u2022 Mitja panxell<br \/>\n\u2022 Tela el\u00e0stica en quatre direccions molt suau<br \/>\n\u2022 Cintura alta c\u00f2moda<br \/>\n\u2022 Costures planes i punt de cobertura<br \/>\n\u2022 Components del producte base als EUA i M\u00e8xic procedents de la Xina<br \/>\n\u2022 Components del producte base a la UE procedents de la Xina i Litu\u00e0nia<\/p>","protected":false},"excerpt":{"rendered":"<p>Explora la belleza y la frescura con nuestros leggings capri en un deslumbrante tono azul esmeralda, conocidos cari\u00f1osamente como &#8216;Azul Hielo&#8217;. Dise\u00f1ados para ofrecerte estilo y comodidad en cada sesi\u00f3n&#8230;<\/p>","protected":false},"featured_media":9565,"comment_status":"open","ping_status":"closed","template":"","meta":{"jetpack_post_was_ever_published":false,"jetpack_publicize_message":"","jetpack_publicize_feature_enabled":true,"jetpack_social_post_already_shared":true,"jetpack_social_options":{"image_generator_settings":{"template":"highway","enabled":false},"version":2}},"product_cat":[192,175,174],"product_tag":[193],"class_list":{"0":"post-6899","1":"product","2":"type-product","3":"status-publish","4":"has-post-thumbnail","6":"product_cat-new-collection-2024","7":"product_cat-leggings-capri","8":"product_cat-personalizable","9":"product_tag-color-plano","11":"first","12":"instock","13":"featured","14":"taxable","15":"shipping-taxable","16":"purchasable","17":"product-type-variable"},"jetpack_publicize_connections":[],"aioseo_notices":[],"jetpack_sharing_enabled":true,"_links":{"self":[{"href":"https:\/\/www.dharanastyle.com\/ca\/wp-json\/wp\/v2\/product\/6899","targetHints":{"allow":["GET"]}}],"collection":[{"href":"https:\/\/www.dharanastyle.com\/ca\/wp-json\/wp\/v2\/product"}],"about":[{"href":"https:\/\/www.dharanastyle.com\/ca\/wp-json\/wp\/v2\/types\/product"}],"replies":[{"embeddable":true,"href":"https:\/\/www.dharanastyle.com\/ca\/wp-json\/wp\/v2\/comments?post=6899"}],"wp:featuredmedia":[{"embeddable":true,"href":"https:\/\/www.dharanastyle.com\/ca\/wp-json\/wp\/v2\/media\/9565"}],"wp:attachment":[{"href":"https:\/\/www.dharanastyle.com\/ca\/wp-json\/wp\/v2\/media?parent=6899"}],"wp:term":[{"taxonomy":"product_cat","embeddable":true,"href":"https:\/\/www.dharanastyle.com\/ca\/wp-json\/wp\/v2\/product_cat?post=6899"},{"taxonomy":"product_tag","embeddable":true,"href":"https:\/\/www.dharanastyle.com\/ca\/wp-json\/wp\/v2\/product_tag?post=6899"}],"curies":[{"name":"wp","href":"https:\/\/api.w.org\/{rel}","templated":true}]}}