{"id":6881,"date":"2024-04-20T17:59:24","date_gmt":"2024-04-20T15:59:24","guid":{"rendered":"https:\/\/dharanastyle.com\/tienda\/sin%20categor\u00eda\/leggings-capri-de-yoga-marron-chocolate-pantalon-capri-3-4-de-cintura-alta\/"},"modified":"2024-07-21T19:18:46","modified_gmt":"2024-07-21T17:18:46","slug":"leggings-capri-de-yoga-marron-chocolate-pantalon-capri-3-4-de-cintura-alta","status":"publish","type":"product","link":"https:\/\/www.dharanastyle.com\/ca\/tienda\/leggings\/leggings-capri\/leggings-capri-de-yoga-marron-chocolate-pantalon-capri-3-4-de-cintura-alta\/","title":{"rendered":"Leggings capri de ioga Marr\u00f3 Xocolata. Pantalons capri 3\/4 de cintura alta."},"content":{"rendered":"<p>Explora l&#039;eleg\u00e0ncia i la versatilitat amb els nostres leggings capri en un ric to marr\u00f3 xocolata, afectuosament anomenats &#039;Chocolate Fudge&#039;. Dissenyats per brindar-te estil i confort a cada moviment, aquests leggings s\u00f3n l&#039;elecci\u00f3 perfecta per real\u00e7ar la teva pr\u00e0ctica de ioga amb un toc de sofisticaci\u00f3. La seva tonalitat marr\u00f3 xocolata evoca la indulg\u00e8ncia i la calidesa del teu dol\u00e7 preferit, mentre que el seu disseny capri ofereix una longitud perfecta per destacar el teu estil a qualsevol estaci\u00f3 de l&#039;any. Fabricats amb teixits d&#039;alta qualitat, ofereixen una sensaci\u00f3 de suavitat i comoditat que t&#039;envolta cada postura. La cintura baixa assegura un ajustament segur i c\u00f2mode, permetent concentrar-te completament en la teva pr\u00e0ctica. Amb l\u00ednies separadores estrat\u00e8gicament col\u00b7locades, aquests leggings realcen i potencien la silueta femenina, brindant-te una aparen\u00e7a esvelta i afavoridora. Ja sigui que siguis a l&#039;estudi oa casa, aquests leggings s\u00f3n l&#039;elecci\u00f3 perfecta per a aquelles que busquen combinar estil i funcionalitat en una sola pe\u00e7a. Eleva el teu estil i la teva pr\u00e0ctica de ioga amb els nostres leggings capri &#039;Xocolata Fudge&#039;, dissenyats per inspirar eleg\u00e0ncia i confian\u00e7a en cada moviment.<\/p>\n<p>\u2022 82% poli\u00e8ster, 18% elast\u00e0<br \/>\n\u2022 Mitja panxell<br \/>\n\u2022 Tela el\u00e0stica en quatre direccions molt suau<br \/>\n\u2022 Cintura alta c\u00f2moda<br \/>\n\u2022 Costures planes i punt de cobertura<br \/>\n\u2022 Components del producte base als EUA i M\u00e8xic procedents de la Xina<br \/>\n\u2022 Components del producte base a la UE procedents de la Xina i Litu\u00e0nia<\/p>","protected":false},"excerpt":{"rendered":"<p>Explora la elegancia y la versatilidad con nuestros leggings capri en un rico tono marr\u00f3n chocolate, cari\u00f1osamente apodados &#8216;Chocolate Fudge&#8217;. Dise\u00f1ados para brindarte estilo y confort en cada movimiento, estos&#8230;<\/p>","protected":false},"featured_media":6889,"comment_status":"open","ping_status":"closed","template":"","meta":{"jetpack_post_was_ever_published":false,"jetpack_publicize_message":"","jetpack_publicize_feature_enabled":true,"jetpack_social_post_already_shared":true,"jetpack_social_options":{"image_generator_settings":{"template":"highway","enabled":false},"version":2}},"product_cat":[192,15,175,174],"product_tag":[279,271,216,313,193,315,284,318,273,282,283,316,267,314,317,268,264],"class_list":{"0":"post-6881","1":"product","2":"type-product","3":"status-publish","4":"has-post-thumbnail","6":"product_cat-new-collection-2024","7":"product_cat-conjuntos","8":"product_cat-leggings-capri","9":"product_cat-personalizable","10":"product_tag-3-4","11":"product_tag-activewear","12":"product_tag-cintura-alta","13":"product_tag-color-marron-chocolate","14":"product_tag-color-plano","15":"product_tag-gran-suavidad","16":"product_tag-leggings-casual-deportivos","17":"product_tag-leggings-de-gimnasio","18":"product_tag-leggings-de-yoga","19":"product_tag-leggings-fitness","20":"product_tag-leggings-transpirables","21":"product_tag-microfibra-elastica","22":"product_tag-moda-deportiva","23":"product_tag-muy-comodos","24":"product_tag-realza-la-figura-femenina","25":"product_tag-ropa-comoda-para-ejercicio","26":"product_tag-ropa-de-entrenamiento","28":"first","29":"instock","30":"taxable","31":"shipping-taxable","32":"purchasable","33":"product-type-variable"},"jetpack_publicize_connections":[],"aioseo_notices":[],"jetpack_sharing_enabled":true,"_links":{"self":[{"href":"https:\/\/www.dharanastyle.com\/ca\/wp-json\/wp\/v2\/product\/6881","targetHints":{"allow":["GET"]}}],"collection":[{"href":"https:\/\/www.dharanastyle.com\/ca\/wp-json\/wp\/v2\/product"}],"about":[{"href":"https:\/\/www.dharanastyle.com\/ca\/wp-json\/wp\/v2\/types\/product"}],"replies":[{"embeddable":true,"href":"https:\/\/www.dharanastyle.com\/ca\/wp-json\/wp\/v2\/comments?post=6881"}],"wp:featuredmedia":[{"embeddable":true,"href":"https:\/\/www.dharanastyle.com\/ca\/wp-json\/wp\/v2\/media\/6889"}],"wp:attachment":[{"href":"https:\/\/www.dharanastyle.com\/ca\/wp-json\/wp\/v2\/media?parent=6881"}],"wp:term":[{"taxonomy":"product_cat","embeddable":true,"href":"https:\/\/www.dharanastyle.com\/ca\/wp-json\/wp\/v2\/product_cat?post=6881"},{"taxonomy":"product_tag","embeddable":true,"href":"https:\/\/www.dharanastyle.com\/ca\/wp-json\/wp\/v2\/product_tag?post=6881"}],"curies":[{"name":"wp","href":"https:\/\/api.w.org\/{rel}","templated":true}]}}