{"id":6863,"date":"2024-04-20T17:56:34","date_gmt":"2024-04-20T15:56:34","guid":{"rendered":"https:\/\/dharanastyle.com\/tienda\/sin%20categor\u00eda\/pantalones-cortos-de-yoga-marron-chocolate-leggings-cortos-de-yoga-cintura-alta\/"},"modified":"2024-04-20T18:42:28","modified_gmt":"2024-04-20T16:42:28","slug":"pantalones-cortos-de-yoga-marron-chocolate-leggings-cortos-de-yoga-cintura-alta","status":"publish","type":"product","link":"https:\/\/www.dharanastyle.com\/ca\/tienda\/leggings\/leggings-shorts\/pantalones-cortos-de-yoga-marron-chocolate-leggings-cortos-de-yoga-cintura-alta\/","title":{"rendered":"Pantalons curts de ioga Marr\u00f3 Xocolata. Leggings curts de ioga cintura alta."},"content":{"rendered":"<p>Sum\u00e9rgete en la calidez y la elegancia con nuestros leggings cortos en un rico tono marr\u00f3n chocolate, cari\u00f1osamente apodados &#8216;Chocolate Fudge&#8217;. Dise\u00f1ados para brindarte estilo y comodidad en cada pr\u00e1ctica de yoga, estos leggings son la elecci\u00f3n perfecta para realzar tu atuendo con un toque de sofisticaci\u00f3n. Su tonalidad marr\u00f3n chocolate evoca la indulgencia y la calidez de tu dulce favorito, mientras que su dise\u00f1o corto te permite moverte con libertad y estilo durante cada postura. Fabricados con tejidos de alta calidad, ofrecen una sensaci\u00f3n de suavidad y confort que te envuelve en cada movimiento. La cintura baja asegura un ajuste seguro y c\u00f3modo, permiti\u00e9ndote concentrarte completamente en tu pr\u00e1ctica. Con l\u00edneas separadoras estrat\u00e9gicamente colocadas, estos leggings realzan y potencian la silueta femenina, brind\u00e1ndote una apariencia esbelta y favorecedora. Ya sea que est\u00e9s en el estudio o en casa, estos leggings son la elecci\u00f3n perfecta para aquellas que buscan combinar estilo y funcionalidad en una sola prenda. Eleva tu estilo y tu pr\u00e1ctica de yoga con nuestros leggings cortos &#8216;Chocolate Fudge&#8217;, dise\u00f1ados para inspirar elegancia y confianza en cada movimiento.<\/p>\n<p>\u2022 82% poli\u00e8ster, 18% elast\u00e0<br \/>\n\u2022 Tela el\u00e0stica en quatre direccions molt suau<br \/>\n\u2022 Cintura alta c\u00f2moda<br \/>\n\u2022 Costures planes i punt de cobertura<br \/>\n\u2022 Components del producte base als EUA i M\u00e8xic procedents de la Xina<br \/>\n\u2022 Components del producte base a la UE procedents de la Xina i Litu\u00e0nia<\/p>","protected":false},"excerpt":{"rendered":"<p>Sum\u00e9rgete en la calidez y la elegancia con nuestros leggings cortos en un rico tono marr\u00f3n chocolate, cari\u00f1osamente apodados &#8216;Chocolate Fudge&#8217;. Dise\u00f1ados para brindarte estilo y comodidad en cada pr\u00e1ctica&#8230;<\/p>","protected":false},"featured_media":6871,"comment_status":"open","ping_status":"closed","template":"","meta":{"jetpack_post_was_ever_published":false,"jetpack_publicize_message":"","jetpack_publicize_feature_enabled":true,"jetpack_social_post_already_shared":true,"jetpack_social_options":{"image_generator_settings":{"template":"highway","enabled":false},"version":2}},"product_cat":[192,54,176,174],"product_tag":[193],"class_list":{"0":"post-6863","1":"product","2":"type-product","3":"status-publish","4":"has-post-thumbnail","6":"product_cat-new-collection-2024","7":"product_cat-lifestyle","8":"product_cat-leggings-shorts","9":"product_cat-personalizable","10":"product_tag-color-plano","12":"first","13":"instock","14":"taxable","15":"shipping-taxable","16":"purchasable","17":"product-type-variable"},"jetpack_publicize_connections":[],"aioseo_notices":[],"jetpack_sharing_enabled":true,"_links":{"self":[{"href":"https:\/\/www.dharanastyle.com\/ca\/wp-json\/wp\/v2\/product\/6863","targetHints":{"allow":["GET"]}}],"collection":[{"href":"https:\/\/www.dharanastyle.com\/ca\/wp-json\/wp\/v2\/product"}],"about":[{"href":"https:\/\/www.dharanastyle.com\/ca\/wp-json\/wp\/v2\/types\/product"}],"replies":[{"embeddable":true,"href":"https:\/\/www.dharanastyle.com\/ca\/wp-json\/wp\/v2\/comments?post=6863"}],"wp:featuredmedia":[{"embeddable":true,"href":"https:\/\/www.dharanastyle.com\/ca\/wp-json\/wp\/v2\/media\/6871"}],"wp:attachment":[{"href":"https:\/\/www.dharanastyle.com\/ca\/wp-json\/wp\/v2\/media?parent=6863"}],"wp:term":[{"taxonomy":"product_cat","embeddable":true,"href":"https:\/\/www.dharanastyle.com\/ca\/wp-json\/wp\/v2\/product_cat?post=6863"},{"taxonomy":"product_tag","embeddable":true,"href":"https:\/\/www.dharanastyle.com\/ca\/wp-json\/wp\/v2\/product_tag?post=6863"}],"curies":[{"name":"wp","href":"https:\/\/api.w.org\/{rel}","templated":true}]}}