{"id":6827,"date":"2024-04-20T17:32:19","date_gmt":"2024-04-20T15:32:19","guid":{"rendered":"https:\/\/dharanastyle.com\/tienda\/sin%20categor\u00eda\/pantalones-cortos-de-yoga-gris-luna-leggings-cortos-de-yoga-cintura-alta\/"},"modified":"2024-04-20T18:43:18","modified_gmt":"2024-04-20T16:43:18","slug":"pantalones-cortos-de-yoga-gris-luna-leggings-cortos-de-yoga-cintura-alta","status":"publish","type":"product","link":"https:\/\/www.dharanastyle.com\/ca\/tienda\/leggings\/leggings-shorts\/pantalones-cortos-de-yoga-gris-luna-leggings-cortos-de-yoga-cintura-alta\/","title":{"rendered":"Pantalons curts de ioga Gris Lluna. Leggings curts de ioga cintura alta."},"content":{"rendered":"<p>Explora l&#039;eleg\u00e0ncia atemporal amb els nostres leggings curts bicolor en tons grisos, afectuosament anomenats &#039;Gris Luna&#039;. Dissenyats per fusionar estil i funcionalitat, aquests leggings s\u00f3n l&#039;opci\u00f3 perfecta per a les sessions de ioga, combinant la versatilitat del gris amb un toc de distinci\u00f3 bicolor. La subtilesa dels tons grisos evoca la serenitat i la calma d&#039;una nit sota la lluna, mentre que el contrast entre les dues tonalitats afegeix profunditat i estil al teu vestit. Fabricats amb teixits d&#039;alta qualitat, ofereixen una sensaci\u00f3 de suavitat i comoditat que us acompanya en cada moviment. La cintura baixa assegura un ajustament segur i c\u00f2mode, permetent concentrar-te completament en la teva pr\u00e0ctica. Amb l\u00ednies separadores estrat\u00e8gicament col\u00b7locades, aquests leggings realcen i potencien la silueta femenina, brindant-te una aparen\u00e7a esvelta i afavoridora. Ja sigui que siguis a l&#039;estudi oa casa, aquests leggings s\u00f3n l&#039;elecci\u00f3 perfecta per a aquelles que busquen combinar estil i funcionalitat en una sola pe\u00e7a. Eleva el teu estil i la teva pr\u00e0ctica de ioga amb els nostres leggings curts &#039;Gris Luna&#039;, dissenyats per inspirar eleg\u00e0ncia i confian\u00e7a en cada moviment.<\/p>\n<p>\u2022 82% poli\u00e8ster, 18% elast\u00e0<br \/>\n\u2022 Tela el\u00e0stica en quatre direccions molt suau<br \/>\n\u2022 Cintura alta c\u00f2moda<br \/>\n\u2022 Costures planes i punt de cobertura<br \/>\n\u2022 Components del producte base als EUA i M\u00e8xic procedents de la Xina<br \/>\n\u2022 Components del producte base a la UE procedents de la Xina i Litu\u00e0nia<\/p>","protected":false},"excerpt":{"rendered":"<p>Explora la elegancia atemporal con nuestros leggings cortos bicolor en tonos grises, cari\u00f1osamente apodados &#8216;Gris Luna&#8217;. Dise\u00f1ados para fusionar estilo y funcionalidad, estos leggings son la opci\u00f3n perfecta para tus&#8230;<\/p>","protected":false},"featured_media":6835,"comment_status":"open","ping_status":"closed","template":"","meta":{"jetpack_post_was_ever_published":false,"jetpack_publicize_message":"","jetpack_publicize_feature_enabled":true,"jetpack_social_post_already_shared":true,"jetpack_social_options":{"image_generator_settings":{"template":"highway","enabled":false},"version":2}},"product_cat":[192,176,174],"product_tag":[193],"class_list":{"0":"post-6827","1":"product","2":"type-product","3":"status-publish","4":"has-post-thumbnail","6":"product_cat-new-collection-2024","7":"product_cat-leggings-shorts","8":"product_cat-personalizable","9":"product_tag-color-plano","11":"first","12":"instock","13":"taxable","14":"shipping-taxable","15":"purchasable","16":"product-type-variable"},"jetpack_publicize_connections":[],"aioseo_notices":[],"jetpack_sharing_enabled":true,"_links":{"self":[{"href":"https:\/\/www.dharanastyle.com\/ca\/wp-json\/wp\/v2\/product\/6827","targetHints":{"allow":["GET"]}}],"collection":[{"href":"https:\/\/www.dharanastyle.com\/ca\/wp-json\/wp\/v2\/product"}],"about":[{"href":"https:\/\/www.dharanastyle.com\/ca\/wp-json\/wp\/v2\/types\/product"}],"replies":[{"embeddable":true,"href":"https:\/\/www.dharanastyle.com\/ca\/wp-json\/wp\/v2\/comments?post=6827"}],"wp:featuredmedia":[{"embeddable":true,"href":"https:\/\/www.dharanastyle.com\/ca\/wp-json\/wp\/v2\/media\/6835"}],"wp:attachment":[{"href":"https:\/\/www.dharanastyle.com\/ca\/wp-json\/wp\/v2\/media?parent=6827"}],"wp:term":[{"taxonomy":"product_cat","embeddable":true,"href":"https:\/\/www.dharanastyle.com\/ca\/wp-json\/wp\/v2\/product_cat?post=6827"},{"taxonomy":"product_tag","embeddable":true,"href":"https:\/\/www.dharanastyle.com\/ca\/wp-json\/wp\/v2\/product_tag?post=6827"}],"curies":[{"name":"wp","href":"https:\/\/api.w.org\/{rel}","templated":true}]}}