{"id":6809,"date":"2024-04-20T17:24:07","date_gmt":"2024-04-20T15:24:07","guid":{"rendered":"https:\/\/dharanastyle.com\/tienda\/sin%20categor\u00eda\/pantalones-cortos-de-yoga-verde-jade-leggings-cortos-de-yoga-con-cintura-alta\/"},"modified":"2024-04-20T18:43:35","modified_gmt":"2024-04-20T16:43:35","slug":"pantalones-cortos-de-yoga-verde-jade-leggings-cortos-de-yoga-con-cintura-alta","status":"publish","type":"product","link":"https:\/\/www.dharanastyle.com\/ca\/tienda\/leggings\/leggings-shorts\/pantalones-cortos-de-yoga-verde-jade-leggings-cortos-de-yoga-con-cintura-alta\/","title":{"rendered":"Pantalons curts de ioga verd Jade. Leggings curts de ioga amb cintura alta."},"content":{"rendered":"<p>Explora l&#039;harmonia entre la natura i el moviment amb els nostres leggings curts en un suau to verd olivera, afectuosament anomenats &#039;Verde Jade&#039;. Confeccionats per oferir-te un equilibri perfecte entre estil i funcionalitat, aquests leggings s\u00f3n imprescindibles per a les teves sessions de ioga. La seva tonalitat verda oliva clar evoca la tranquil\u00b7litat i la frescor de la natura, mentre que el seu nom, &#039;Verde Jade&#039;, afegeix un toc d&#039;exotisme i eleg\u00e0ncia. Dissenyats per real\u00e7ar la bellesa natural de la teva figura, aquests leggings estan pensats per adaptar-se al teu cos de forma afavoridora, brindant-te una silueta esvelta i estilitzada. Fabricats amb teixits d\u00b4alta qualitat, ofereixen una sensaci\u00f3 de suavitat i lleugeresa que t\u00b4envolta en confort durant tota la pr\u00e0ctica. La cintura baixa assegura un ajustament segur i c\u00f2mode, permetent moure&#039;t amb llibertat i confian\u00e7a en cada postura. Ja sigui que estiguis a l&#039;estudi oa casa, aquests leggings s\u00f3n l&#039;elecci\u00f3 perfecta per a aquelles que busquen combinar moda i funcionalitat en una sola pe\u00e7a. Eleva el teu estil i la teva pr\u00e0ctica de ioga amb els nostres leggings curts &#039;Verde Jade&#039;, dissenyats per inspirar pau i eleg\u00e0ncia en cada moviment.<\/p>\n<p>\u2022 82% poli\u00e8ster, 18% elast\u00e0<br \/>\n\u2022 Tela el\u00e0stica en quatre direccions molt suau<br \/>\n\u2022 Cintura alta c\u00f2moda<br \/>\n\u2022 Costures planes i punt de cobertura<br \/>\n\u2022 Components del producte base als EUA i M\u00e8xic procedents de la Xina<br \/>\n\u2022 Components del producte base a la UE procedents de la Xina i Litu\u00e0nia<\/p>","protected":false},"excerpt":{"rendered":"<p>Explora la armon\u00eda entre la naturaleza y el movimiento con nuestros leggings cortos en un suave tono verde olivo, cari\u00f1osamente apodados &#8216;Verde Jade&#8217;. Confeccionados para ofrecerte un equilibrio perfecto entre&#8230;<\/p>","protected":false},"featured_media":6817,"comment_status":"open","ping_status":"closed","template":"","meta":{"jetpack_post_was_ever_published":false,"jetpack_publicize_message":"","jetpack_publicize_feature_enabled":true,"jetpack_social_post_already_shared":true,"jetpack_social_options":{"image_generator_settings":{"template":"highway","enabled":false},"version":2}},"product_cat":[192,176,174],"product_tag":[193],"class_list":{"0":"post-6809","1":"product","2":"type-product","3":"status-publish","4":"has-post-thumbnail","6":"product_cat-new-collection-2024","7":"product_cat-leggings-shorts","8":"product_cat-personalizable","9":"product_tag-color-plano","11":"first","12":"instock","13":"taxable","14":"shipping-taxable","15":"purchasable","16":"product-type-variable"},"jetpack_publicize_connections":[],"aioseo_notices":[],"jetpack_sharing_enabled":true,"_links":{"self":[{"href":"https:\/\/www.dharanastyle.com\/ca\/wp-json\/wp\/v2\/product\/6809","targetHints":{"allow":["GET"]}}],"collection":[{"href":"https:\/\/www.dharanastyle.com\/ca\/wp-json\/wp\/v2\/product"}],"about":[{"href":"https:\/\/www.dharanastyle.com\/ca\/wp-json\/wp\/v2\/types\/product"}],"replies":[{"embeddable":true,"href":"https:\/\/www.dharanastyle.com\/ca\/wp-json\/wp\/v2\/comments?post=6809"}],"wp:featuredmedia":[{"embeddable":true,"href":"https:\/\/www.dharanastyle.com\/ca\/wp-json\/wp\/v2\/media\/6817"}],"wp:attachment":[{"href":"https:\/\/www.dharanastyle.com\/ca\/wp-json\/wp\/v2\/media?parent=6809"}],"wp:term":[{"taxonomy":"product_cat","embeddable":true,"href":"https:\/\/www.dharanastyle.com\/ca\/wp-json\/wp\/v2\/product_cat?post=6809"},{"taxonomy":"product_tag","embeddable":true,"href":"https:\/\/www.dharanastyle.com\/ca\/wp-json\/wp\/v2\/product_tag?post=6809"}],"curies":[{"name":"wp","href":"https:\/\/api.w.org\/{rel}","templated":true}]}}