{"id":6775,"date":"2024-04-20T17:00:00","date_gmt":"2024-04-20T15:00:00","guid":{"rendered":"https:\/\/dharanastyle.com\/tienda\/sin%20categor\u00eda\/pantalones-cortos-de-yoga-cubos-verde-esmeralda-leggings-cortos-de-cintura-alta\/"},"modified":"2024-12-17T10:29:49","modified_gmt":"2024-12-17T09:29:49","slug":"pantalones-cortos-de-yoga-cubos-verde-esmeralda-leggings-cortos-de-cintura-alta","status":"publish","type":"product","link":"https:\/\/www.dharanastyle.com\/ca\/tienda\/leggings\/leggings-shorts\/pantalones-cortos-de-yoga-cubos-verde-esmeralda-leggings-cortos-de-cintura-alta\/","title":{"rendered":"Pantalons curts de ioga cubs verd maragda. Leggings curts de cintura alta."},"content":{"rendered":"<p>Submergeix-te en la serenitat de la teva pr\u00e0ctica de ioga amb els nostres elegants leggings curts en un to verd suau, adornats amb un patr\u00f3 de cubs. Dissenyats per fusionar estil i funcionalitat, aquests leggings s\u00f3n l&#039;opci\u00f3 perfecta per als moments de tranquil\u00b7litat i moviment. Fabricats amb teixits d\u00b4alta qualitat, ofereixen una sensaci\u00f3 de suavitat i lleugeresa que t\u00b4envolta en comoditat durant tota la sessi\u00f3. La cintura baixa assegura un ajustament segur mentre que el patr\u00f3 de cubs afegeix un toc de modernitat i sofisticaci\u00f3 al teu vestit de ioga. Ja sigui que practiquis a l&#039;estudi oa casa, aquests leggings et brinden la llibertat de moviment que necessites per fluir sense esfor\u00e7 entre postures. Inspira confian\u00e7a i eleg\u00e0ncia amb els nostres leggings curts de ioga, dissenyats per elevar la teva experi\u00e8ncia de pr\u00e0ctica a nous nivells destil i comoditat.<\/p>\n<p>\u2022 82% poli\u00e8ster, 18% elast\u00e0<br \/>\n\u2022 Tela el\u00e0stica en quatre direccions molt suau<br \/>\n\u2022 Cintura alta c\u00f2moda<br \/>\n\u2022 Costures planes i punt de cobertura<br \/>\n\u2022 Components del producte base als EUA i M\u00e8xic procedents de la Xina<br \/>\n\u2022 Components del producte base a la UE procedents de la Xina i Litu\u00e0nia<\/p>","protected":false},"excerpt":{"rendered":"<p>Sum\u00e9rgete en la serenidad de tu pr\u00e1ctica de yoga con nuestros elegantes leggings cortos en un tono verde suave, adornados con un patr\u00f3n de cubos. Dise\u00f1ados para fusionar estilo y&#8230;<\/p>","protected":false},"featured_media":9754,"comment_status":"open","ping_status":"closed","template":"","meta":{"jetpack_post_was_ever_published":false,"jetpack_publicize_message":"","jetpack_publicize_feature_enabled":true,"jetpack_social_post_already_shared":true,"jetpack_social_options":{"image_generator_settings":{"template":"highway","enabled":false},"version":2}},"product_cat":[192,176,174],"product_tag":[193],"class_list":{"0":"post-6775","1":"product","2":"type-product","3":"status-publish","4":"has-post-thumbnail","6":"product_cat-new-collection-2024","7":"product_cat-leggings-shorts","8":"product_cat-personalizable","9":"product_tag-color-plano","11":"first","12":"instock","13":"featured","14":"taxable","15":"shipping-taxable","16":"purchasable","17":"product-type-variable"},"jetpack_publicize_connections":[],"aioseo_notices":[],"jetpack_sharing_enabled":true,"_links":{"self":[{"href":"https:\/\/www.dharanastyle.com\/ca\/wp-json\/wp\/v2\/product\/6775","targetHints":{"allow":["GET"]}}],"collection":[{"href":"https:\/\/www.dharanastyle.com\/ca\/wp-json\/wp\/v2\/product"}],"about":[{"href":"https:\/\/www.dharanastyle.com\/ca\/wp-json\/wp\/v2\/types\/product"}],"replies":[{"embeddable":true,"href":"https:\/\/www.dharanastyle.com\/ca\/wp-json\/wp\/v2\/comments?post=6775"}],"wp:featuredmedia":[{"embeddable":true,"href":"https:\/\/www.dharanastyle.com\/ca\/wp-json\/wp\/v2\/media\/9754"}],"wp:attachment":[{"href":"https:\/\/www.dharanastyle.com\/ca\/wp-json\/wp\/v2\/media?parent=6775"}],"wp:term":[{"taxonomy":"product_cat","embeddable":true,"href":"https:\/\/www.dharanastyle.com\/ca\/wp-json\/wp\/v2\/product_cat?post=6775"},{"taxonomy":"product_tag","embeddable":true,"href":"https:\/\/www.dharanastyle.com\/ca\/wp-json\/wp\/v2\/product_tag?post=6775"}],"curies":[{"name":"wp","href":"https:\/\/api.w.org\/{rel}","templated":true}]}}