{"id":6741,"date":"2024-04-20T16:41:05","date_gmt":"2024-04-20T14:41:05","guid":{"rendered":"https:\/\/dharanastyle.com\/tienda\/sin%20categor\u00eda\/pantalones-cortos-de-yoga-cuadrados-negro-y-gris-legging-corto-de-yoga-cintura-alta\/"},"modified":"2024-04-20T18:45:26","modified_gmt":"2024-04-20T16:45:26","slug":"pantalones-cortos-de-yoga-cuadrados-negro-y-gris-legging-corto-de-yoga-cintura-alta","status":"publish","type":"product","link":"https:\/\/www.dharanastyle.com\/ca\/tienda\/leggings\/leggings-shorts\/pantalones-cortos-de-yoga-cuadrados-negro-y-gris-legging-corto-de-yoga-cintura-alta\/","title":{"rendered":"Pantalons curts de ioga rombe negre i gris. Legging curt de ioga cintura alta."},"content":{"rendered":"<p>Descobreix la perfecta fusi\u00f3 destil i comoditat amb els nostres leggings curts de ioga de cintura baixa. Dissenyats per acompanyar-te a cada postura i moviment, aquests leggings et brinden una sensaci\u00f3 de llibertat i flexibilitat incomparables. La cintura baixa ofereix un ajustament segur mentre que la franja negra amb un intricat disseny de rombes de color taronja afegeix un toc d&#039;estil \u00fanic. Fabricats amb teixits d&#039;alta qualitat, aquests leggings destaquen per la seva suavitat i lleugeresa, proporcionant una experi\u00e8ncia d&#039;\u00fas veritablement plaent. El patr\u00f3 de rombes en negre i gris afegeix un toc d&#039;eleg\u00e0ncia i versatilitat al teu vestuari. Domina la teva pr\u00e0ctica de ioga amb confian\u00e7a i estil amb els nostres leggings curts de ioga que combinen funcionalitat, moda i confort en una sola pe\u00e7a.<br \/>\n\u2022 82% poli\u00e8ster, 18% elast\u00e0<br \/>\n\u2022 Tela el\u00e0stica en quatre direccions molt suau<br \/>\n\u2022 Cintura alta c\u00f2moda<br \/>\n\u2022 Costures planes i punt de cobertura<br \/>\n\u2022 Components del producte base als EUA i M\u00e8xic procedents de la Xina<br \/>\n\u2022 Components del producte base a la UE procedents de la Xina i Litu\u00e0nia<\/p>","protected":false},"excerpt":{"rendered":"<p>Descubre la perfecta fusi\u00f3n de estilo y comodidad con nuestros leggings cortos de yoga de cintura baja. Dise\u00f1ados para acompa\u00f1arte en cada postura y movimiento, estos leggings te brindan una&#8230;<\/p>","protected":false},"featured_media":6749,"comment_status":"open","ping_status":"closed","template":"","meta":{"jetpack_post_was_ever_published":false,"jetpack_publicize_message":"","jetpack_publicize_feature_enabled":true,"jetpack_social_post_already_shared":true,"jetpack_social_options":{"image_generator_settings":{"template":"highway","enabled":false},"version":2}},"product_cat":[176,174],"product_tag":[186],"class_list":{"0":"post-6741","1":"product","2":"type-product","3":"status-publish","4":"has-post-thumbnail","6":"product_cat-leggings-shorts","7":"product_cat-personalizable","8":"product_tag-rombos","10":"first","11":"instock","12":"taxable","13":"shipping-taxable","14":"purchasable","15":"product-type-variable"},"jetpack_publicize_connections":[],"aioseo_notices":[],"jetpack_sharing_enabled":true,"_links":{"self":[{"href":"https:\/\/www.dharanastyle.com\/ca\/wp-json\/wp\/v2\/product\/6741","targetHints":{"allow":["GET"]}}],"collection":[{"href":"https:\/\/www.dharanastyle.com\/ca\/wp-json\/wp\/v2\/product"}],"about":[{"href":"https:\/\/www.dharanastyle.com\/ca\/wp-json\/wp\/v2\/types\/product"}],"replies":[{"embeddable":true,"href":"https:\/\/www.dharanastyle.com\/ca\/wp-json\/wp\/v2\/comments?post=6741"}],"wp:featuredmedia":[{"embeddable":true,"href":"https:\/\/www.dharanastyle.com\/ca\/wp-json\/wp\/v2\/media\/6749"}],"wp:attachment":[{"href":"https:\/\/www.dharanastyle.com\/ca\/wp-json\/wp\/v2\/media?parent=6741"}],"wp:term":[{"taxonomy":"product_cat","embeddable":true,"href":"https:\/\/www.dharanastyle.com\/ca\/wp-json\/wp\/v2\/product_cat?post=6741"},{"taxonomy":"product_tag","embeddable":true,"href":"https:\/\/www.dharanastyle.com\/ca\/wp-json\/wp\/v2\/product_tag?post=6741"}],"curies":[{"name":"wp","href":"https:\/\/api.w.org\/{rel}","templated":true}]}}