{"id":6708,"date":"2024-04-19T22:56:45","date_gmt":"2024-04-19T20:56:45","guid":{"rendered":"https:\/\/dharanastyle.com\/tienda\/sin%20categor\u00eda\/pantalones-cortos-de-yoga-flores-leggings-de-yoga-cintura-alta\/"},"modified":"2024-12-17T10:30:01","modified_gmt":"2024-12-17T09:30:01","slug":"pantalones-cortos-de-yoga-flores-leggings-de-yoga-cintura-alta","status":"publish","type":"product","link":"https:\/\/www.dharanastyle.com\/ca\/tienda\/leggings\/leggings-shorts\/pantalones-cortos-de-yoga-flores-leggings-de-yoga-cintura-alta\/","title":{"rendered":"Pantalons curts de ioga flors. Leggings de ioga cintura alta."},"content":{"rendered":"<p>Eleva la teva pr\u00e0ctica de ioga amb estil amb els nostres exclusius pantalons curts de ioga en negre, adornats amb una bella cintura de flors blanques i negres! Aquests pantalons curts s\u00f3n lexpressi\u00f3 perfecta deleg\u00e0ncia i funcionalitat per a les teves sessions de ioga.<\/p>\n<p>Confeccionats amb un teixit d&#039;alta qualitat, els nostres pantalons curts ofereixen una sensaci\u00f3 de suavitat i elasticitat que et permetr\u00e0 moure&#039;t amb total llibertat durant la teva pr\u00e0ctica. que et sentis segura i bella a cada postura.<\/p>\n<p>El color negre cl\u00e0ssic dels pantalons curts fa que siguin vers\u00e0tils i f\u00e0cils de combinar amb qualsevol top o accessori. Ja sigui que estiguis practicant a l&#039;estudi o relaxant-te a casa, aquests pantalons curts et brindaran el confort i l&#039;estil que necessites.<\/p>\n<p>Descobreix l&#039;harmonia entre moda i funcionalitat amb els pantalons curts de ioga en negre amb una cintura de flors blanques i negres. Explora la nostra col\u00b7lecci\u00f3 ara i transforma les teves sessions de ioga en una experi\u00e8ncia veritablement elegant i confortable.<\/p>\n<p>\u2022 82% poli\u00e8ster, 18% elast\u00e0<br \/>\n\u2022 Tela el\u00e0stica en quatre direccions molt suau<br \/>\n\u2022 Cintura alta c\u00f2moda<br \/>\n\u2022 Costures planes i punt de cobertura<br \/>\n\u2022 Components del producte base als EUA i M\u00e8xic procedents de la Xina<br \/>\n\u2022 Components del producte base a la UE procedents de la Xina i Litu\u00e0nia<\/p>","protected":false},"excerpt":{"rendered":"<p>\u00a1Eleva tu pr\u00e1ctica de yoga con estilo con nuestros exclusivos pantalones cortos de yoga en negro, adornados con una hermosa cintura de flores blancas y negras! Estos pantalones cortos son&#8230;<\/p>","protected":false},"featured_media":9752,"comment_status":"open","ping_status":"closed","template":"","meta":{"jetpack_post_was_ever_published":false,"jetpack_publicize_message":"","jetpack_publicize_feature_enabled":true,"jetpack_social_post_already_shared":true,"jetpack_social_options":{"image_generator_settings":{"template":"highway","enabled":false},"version":2}},"product_cat":[176,174],"product_tag":[119],"class_list":{"0":"post-6708","1":"product","2":"type-product","3":"status-publish","4":"has-post-thumbnail","6":"product_cat-leggings-shorts","7":"product_cat-personalizable","8":"product_tag-floral","10":"first","11":"instock","12":"featured","13":"taxable","14":"shipping-taxable","15":"purchasable","16":"product-type-variable"},"jetpack_publicize_connections":[],"aioseo_notices":[],"jetpack_sharing_enabled":true,"_links":{"self":[{"href":"https:\/\/www.dharanastyle.com\/ca\/wp-json\/wp\/v2\/product\/6708","targetHints":{"allow":["GET"]}}],"collection":[{"href":"https:\/\/www.dharanastyle.com\/ca\/wp-json\/wp\/v2\/product"}],"about":[{"href":"https:\/\/www.dharanastyle.com\/ca\/wp-json\/wp\/v2\/types\/product"}],"replies":[{"embeddable":true,"href":"https:\/\/www.dharanastyle.com\/ca\/wp-json\/wp\/v2\/comments?post=6708"}],"wp:featuredmedia":[{"embeddable":true,"href":"https:\/\/www.dharanastyle.com\/ca\/wp-json\/wp\/v2\/media\/9752"}],"wp:attachment":[{"href":"https:\/\/www.dharanastyle.com\/ca\/wp-json\/wp\/v2\/media?parent=6708"}],"wp:term":[{"taxonomy":"product_cat","embeddable":true,"href":"https:\/\/www.dharanastyle.com\/ca\/wp-json\/wp\/v2\/product_cat?post=6708"},{"taxonomy":"product_tag","embeddable":true,"href":"https:\/\/www.dharanastyle.com\/ca\/wp-json\/wp\/v2\/product_tag?post=6708"}],"curies":[{"name":"wp","href":"https:\/\/api.w.org\/{rel}","templated":true}]}}