{"id":6689,"date":"2024-04-19T22:01:47","date_gmt":"2024-04-19T20:01:47","guid":{"rendered":"https:\/\/dharanastyle.com\/tienda\/sin%20categor\u00eda\/pantalones-cortos-de-yoga-cuadrados-leggings-de-cintura-alta\/"},"modified":"2024-04-20T18:46:20","modified_gmt":"2024-04-20T16:46:20","slug":"pantalones-cortos-de-yoga-cuadrados-leggings-de-cintura-alta","status":"publish","type":"product","link":"https:\/\/www.dharanastyle.com\/ca\/tienda\/leggings\/leggings-shorts\/pantalones-cortos-de-yoga-cuadrados-leggings-de-cintura-alta\/","title":{"rendered":"Pantalons curts de ioga quadrats. Leggings de cintura alta."},"content":{"rendered":"<p>Prepara&#039;t per enlluernar a la teva propera sessi\u00f3 de ioga amb els nostres pantalons curts de ioga de cintura alta i patr\u00f3 de quadrats petits en tons negres i grisos! Aquests pantalons curts s\u00f3n lelecci\u00f3 ideal per a aquells que busquen combinar estil i funcionalitat en cada moviment.<\/p>\n<p>Dissenyats per brindar un ajust c\u00f2mode i afavoridor, els nostres pantalons curts de ioga compten amb una franja de cintura grisa de cintura alta que proporciona suport i compressi\u00f3 on m\u00e9s ho necessites. El patr\u00f3 de quadrats petits en tons negres i grisos afegeix un toc d&#039;eleg\u00e0ncia i modernitat al teu conjunt, assegurant que et destaquis a l&#039;estudi.<\/p>\n<p>Fabricats amb materials d&#039;alta qualitat, els nostres pantalons curts ofereixen una combinaci\u00f3 perfecta de suavitat i elasticitat, permetent moure&#039;t amb llibertat durant tota la teva pr\u00e0ctica. Ja sigui que estiguis practicant postures de ioga o relaxant-te a casa, aquests pantalons curts et mantindran c\u00f2moda i amb estil en tot moment.<\/p>\n<p>Descobreix l&#039;harmonia entre moda i funcionalitat amb els pantalons curts de ioga de cintura alta. Explora la nostra col\u00b7lecci\u00f3 ara i eleva la teva pr\u00e0ctica de ioga a un nou nivell d&#039;estil i comoditat.<\/p>\n<p>\u2022 82% poli\u00e8ster, 18% elast\u00e0<br \/>\n\u2022 Tela el\u00e0stica en quatre direccions molt suau<br \/>\n\u2022 Cintura alta c\u00f2moda<br \/>\n\u2022 Costures planes i punt de cobertura<br \/>\n\u2022 Components del producte base als EUA i M\u00e8xic procedents de la Xina<br \/>\n\u2022 Components del producte base a la UE procedents de la Xina i Litu\u00e0nia<\/p>","protected":false},"excerpt":{"rendered":"<p>\u00a1Prep\u00e1rate para deslumbrar en tu pr\u00f3xima sesi\u00f3n de yoga con nuestros pantalones cortos de yoga de cintura alta y patr\u00f3n de cuadrados peque\u00f1os en tonos negros y grises! Estos pantalones&#8230;<\/p>","protected":false},"featured_media":6697,"comment_status":"open","ping_status":"closed","template":"","meta":{"jetpack_post_was_ever_published":false,"jetpack_publicize_message":"","jetpack_publicize_feature_enabled":true,"jetpack_social_post_already_shared":true,"jetpack_social_options":{"image_generator_settings":{"template":"highway","enabled":false},"version":2}},"product_cat":[176,174],"product_tag":[194],"class_list":{"0":"post-6689","1":"product","2":"type-product","3":"status-publish","4":"has-post-thumbnail","6":"product_cat-leggings-shorts","7":"product_cat-personalizable","8":"product_tag-cuadrados","10":"first","11":"instock","12":"taxable","13":"shipping-taxable","14":"purchasable","15":"product-type-variable"},"jetpack_publicize_connections":[],"aioseo_notices":[],"jetpack_sharing_enabled":true,"_links":{"self":[{"href":"https:\/\/www.dharanastyle.com\/ca\/wp-json\/wp\/v2\/product\/6689","targetHints":{"allow":["GET"]}}],"collection":[{"href":"https:\/\/www.dharanastyle.com\/ca\/wp-json\/wp\/v2\/product"}],"about":[{"href":"https:\/\/www.dharanastyle.com\/ca\/wp-json\/wp\/v2\/types\/product"}],"replies":[{"embeddable":true,"href":"https:\/\/www.dharanastyle.com\/ca\/wp-json\/wp\/v2\/comments?post=6689"}],"wp:featuredmedia":[{"embeddable":true,"href":"https:\/\/www.dharanastyle.com\/ca\/wp-json\/wp\/v2\/media\/6697"}],"wp:attachment":[{"href":"https:\/\/www.dharanastyle.com\/ca\/wp-json\/wp\/v2\/media?parent=6689"}],"wp:term":[{"taxonomy":"product_cat","embeddable":true,"href":"https:\/\/www.dharanastyle.com\/ca\/wp-json\/wp\/v2\/product_cat?post=6689"},{"taxonomy":"product_tag","embeddable":true,"href":"https:\/\/www.dharanastyle.com\/ca\/wp-json\/wp\/v2\/product_tag?post=6689"}],"curies":[{"name":"wp","href":"https:\/\/api.w.org\/{rel}","templated":true}]}}