{"id":6653,"date":"2024-04-19T19:40:50","date_gmt":"2024-04-19T17:40:50","guid":{"rendered":"https:\/\/dharanastyle.com\/tienda\/sin%20categor\u00eda\/leggings-capri-cubos-vintage-pantalon-3-4-de-cintura-baja\/"},"modified":"2024-04-29T19:32:23","modified_gmt":"2024-04-29T17:32:23","slug":"leggings-capri-cubos-vintage-pantalon-3-4-de-cintura-baja","status":"publish","type":"product","link":"https:\/\/www.dharanastyle.com\/ca\/tienda\/leggings\/leggings-capri-cintura-baja\/leggings-capri-cubos-vintage-pantalon-3-4-de-cintura-baja\/","title":{"rendered":"Leggings capri cubs vintage. Pantalons 3\/4 de cintura baixa."},"content":{"rendered":"<p>Eleva el teu estil amb els nostres leggings capri de patr\u00f3 vintage de galledes en tons past\u00eds! Dissenyats per destacar entre la multitud, aquests leggings s\u00f3n la combinaci\u00f3 perfecta de nost\u00e0lgia i modernitat.<\/p>\n<p>Confeccionats amb els millors materials, els nostres leggings ofereixen una comoditat inigualable que us acompanyar\u00e0 durant tot el dia. La cintura baixa proporciona un ajustament afavoridor i segur, mentre que el teixit el\u00e0stic s&#039;adapta a cada moviment, permetent gaudir d&#039;una llibertat total en les teves activitats di\u00e0ries.<\/p>\n<p>El patr\u00f3 de galledes en tons past\u00eds verd, ocre i ataronjat afegeix un toc retro i divertit al teu vestit, fent-los perfectes per destacar en qualsevol ocasi\u00f3. Ja sigui que els facis servir per fer exercici o per sortir amb amics, aquests leggings et garanteixen un estil \u00fanic i ple de personalitat.<\/p>\n<p>Descobreix la combinaci\u00f3 perfecta de moda i comoditat amb els nostres leggings capri vintage. Explora la nostra col\u00b7lecci\u00f3 ara i submergeix-te en l&#039;encant irresistible dels anys passats amb un toc contemporani.<\/p>\n<p>\u2022 82% poli\u00e8ster, 18% elast\u00e0<br \/>\n\u2022 Pes del teixit: 230 g\/m\u00b2 (6,78 oz\/id\u00b2) (El pes podria variar en un 5%)<br \/>\n\u2022 FPU 38-40<br \/>\n\u2022 El material s&#039;estira a les 4 direccions, \u00e9s a dir, la tela s&#039;estira i es recupera als fils de la trama i de l&#039;ordit<br \/>\n\u2022 Elaborada amb fil de microfibra suau i agradable al tacte<br \/>\n\u2022 Tall de precisi\u00f3 i cosit a m\u00e0 despr\u00e9s del proc\u00e9s d&#039;estampaci\u00f3<\/p>","protected":false},"excerpt":{"rendered":"<p>\u00a1Eleva tu estilo con nuestros leggings capri de patr\u00f3n vintage de cubos en tonos pastel! Dise\u00f1ados para destacar entre la multitud, estos leggings son la combinaci\u00f3n perfecta de nostalgia y&#8230;<\/p>","protected":false},"featured_media":7702,"comment_status":"open","ping_status":"closed","template":"","meta":{"jetpack_post_was_ever_published":false,"jetpack_publicize_message":"","jetpack_publicize_feature_enabled":true,"jetpack_social_post_already_shared":true,"jetpack_social_options":{"image_generator_settings":{"template":"highway","enabled":false},"version":2}},"product_cat":[179,174],"product_tag":[117],"class_list":{"0":"post-6653","1":"product","2":"type-product","3":"status-publish","4":"has-post-thumbnail","6":"product_cat-leggings-capri-cintura-baja","7":"product_cat-personalizable","8":"product_tag-vintage","10":"first","11":"instock","12":"taxable","13":"shipping-taxable","14":"purchasable","15":"product-type-variable"},"jetpack_publicize_connections":[],"aioseo_notices":[],"jetpack_sharing_enabled":true,"_links":{"self":[{"href":"https:\/\/www.dharanastyle.com\/ca\/wp-json\/wp\/v2\/product\/6653","targetHints":{"allow":["GET"]}}],"collection":[{"href":"https:\/\/www.dharanastyle.com\/ca\/wp-json\/wp\/v2\/product"}],"about":[{"href":"https:\/\/www.dharanastyle.com\/ca\/wp-json\/wp\/v2\/types\/product"}],"replies":[{"embeddable":true,"href":"https:\/\/www.dharanastyle.com\/ca\/wp-json\/wp\/v2\/comments?post=6653"}],"wp:featuredmedia":[{"embeddable":true,"href":"https:\/\/www.dharanastyle.com\/ca\/wp-json\/wp\/v2\/media\/7702"}],"wp:attachment":[{"href":"https:\/\/www.dharanastyle.com\/ca\/wp-json\/wp\/v2\/media?parent=6653"}],"wp:term":[{"taxonomy":"product_cat","embeddable":true,"href":"https:\/\/www.dharanastyle.com\/ca\/wp-json\/wp\/v2\/product_cat?post=6653"},{"taxonomy":"product_tag","embeddable":true,"href":"https:\/\/www.dharanastyle.com\/ca\/wp-json\/wp\/v2\/product_tag?post=6653"}],"curies":[{"name":"wp","href":"https:\/\/api.w.org\/{rel}","templated":true}]}}