{"id":6612,"date":"2024-04-17T19:07:31","date_gmt":"2024-04-17T17:07:31","guid":{"rendered":"https:\/\/dharanastyle.com\/tienda\/sin%20categor\u00eda\/leggings-capri-lineas-horizontales-blancas-y-negra-pantalon-capri-de-cintura-baja\/"},"modified":"2024-04-29T19:43:36","modified_gmt":"2024-04-29T17:43:36","slug":"leggings-capri-lineas-horizontales-blancas-y-negra-pantalon-capri-de-cintura-baja","status":"publish","type":"product","link":"https:\/\/www.dharanastyle.com\/ca\/tienda\/leggings\/leggings-capri-cintura-baja\/leggings-capri-lineas-horizontales-blancas-y-negra-pantalon-capri-de-cintura-baja\/","title":{"rendered":"Leggings capri l\u00ednies horitzontals blanques i negra. Pantalons capri de cintura baixa."},"content":{"rendered":"<p>Afegeix un toc d&#039;estil modern a la teva col\u00b7lecci\u00f3 d&#039;Activewear amb els nostres pantalons capri 3\/4 de cintura baixa, ara amb un atractiu estampat de l\u00ednies horitzontals en blanc i negre que crea una trama visual \u00fanica i cridanera Fabricats amb el mateix teixit suau i el\u00e0stic d&#039;alta qualitat que els nostres models anteriors, aquests pantalons t&#039;oferiran la comoditat i el rendiment que necessites a cada entrenament.<\/p>\n<p>La cintura baixa assegura un ajustament c\u00f2mode i afavoridor, mentre que el disseny 3\/4 proporciona una cobertura perfecta per a qualsevol activitat esportiva. Ja sigui que estiguis practicant ioga, corrent o entrenant al gimn\u00e0s, aquests pantalons et brindaran la llibertat de moviment necess\u00e0ria per assolir els teus objectius.<\/p>\n<p>L&#039;estampaci\u00f3 de l\u00ednies horitzontals en blanc i negre afegeix un toc de dinamisme i estil al teu look esportiu, destacant la teva personalitat a qualsevol entorn. Fes una declaraci\u00f3 de moda mentre et mantens activa i saludable amb els nostres pantalons capri de cintura baixa amb estampat de l\u00ednies horitzontals!<\/p>\n<p>\u2022 82% poli\u00e8ster, 18% elast\u00e0<br \/>\n\u2022 Pes del teixit: 230 g\/m\u00b2 (6,78 oz\/id\u00b2) (El pes podria variar en un 5%)<br \/>\n\u2022 FPU 38-40<br \/>\n\u2022 El material s&#039;estira a les 4 direccions, \u00e9s a dir, la tela s&#039;estira i es recupera als fils de la trama i de l&#039;ordit<br \/>\n\u2022 Elaborada amb fil de microfibra suau i agradable al tacte<br \/>\n\u2022 Tall de precisi\u00f3 i cosit a m\u00e0 despr\u00e9s del proc\u00e9s d&#039;estampaci\u00f3<\/p>","protected":false},"excerpt":{"rendered":"<p>A\u00f1ade un toque de estilo moderno a tu colecci\u00f3n de activewear con nuestros pantalones capri 3\/4 de cintura baja, ahora con un atractivo estampado de l\u00edneas horizontales en blanco y&#8230;<\/p>","protected":false},"featured_media":8078,"comment_status":"open","ping_status":"closed","template":"","meta":{"jetpack_post_was_ever_published":false,"jetpack_publicize_message":"","jetpack_publicize_feature_enabled":true,"jetpack_social_post_already_shared":true,"jetpack_social_options":{"image_generator_settings":{"template":"highway","enabled":false},"version":2}},"product_cat":[179,174],"product_tag":[],"class_list":{"0":"post-6612","1":"product","2":"type-product","3":"status-publish","4":"has-post-thumbnail","6":"product_cat-leggings-capri-cintura-baja","7":"product_cat-personalizable","9":"first","10":"instock","11":"taxable","12":"shipping-taxable","13":"purchasable","14":"product-type-variable"},"jetpack_publicize_connections":[],"aioseo_notices":[],"jetpack_sharing_enabled":true,"_links":{"self":[{"href":"https:\/\/www.dharanastyle.com\/ca\/wp-json\/wp\/v2\/product\/6612","targetHints":{"allow":["GET"]}}],"collection":[{"href":"https:\/\/www.dharanastyle.com\/ca\/wp-json\/wp\/v2\/product"}],"about":[{"href":"https:\/\/www.dharanastyle.com\/ca\/wp-json\/wp\/v2\/types\/product"}],"replies":[{"embeddable":true,"href":"https:\/\/www.dharanastyle.com\/ca\/wp-json\/wp\/v2\/comments?post=6612"}],"wp:featuredmedia":[{"embeddable":true,"href":"https:\/\/www.dharanastyle.com\/ca\/wp-json\/wp\/v2\/media\/8078"}],"wp:attachment":[{"href":"https:\/\/www.dharanastyle.com\/ca\/wp-json\/wp\/v2\/media?parent=6612"}],"wp:term":[{"taxonomy":"product_cat","embeddable":true,"href":"https:\/\/www.dharanastyle.com\/ca\/wp-json\/wp\/v2\/product_cat?post=6612"},{"taxonomy":"product_tag","embeddable":true,"href":"https:\/\/www.dharanastyle.com\/ca\/wp-json\/wp\/v2\/product_tag?post=6612"}],"curies":[{"name":"wp","href":"https:\/\/api.w.org\/{rel}","templated":true}]}}