{"id":6593,"date":"2024-04-17T18:44:33","date_gmt":"2024-04-17T16:44:33","guid":{"rendered":"https:\/\/dharanastyle.com\/tienda\/sin%20categor\u00eda\/leggings-capri-geometria-estrella-dorado-y-negro-pantalon-3-4-de-cintura-baja\/"},"modified":"2024-04-29T20:37:36","modified_gmt":"2024-04-29T18:37:36","slug":"leggings-capri-geometria-estrella-dorado-y-negro-pantalon-3-4-de-cintura-baja","status":"publish","type":"product","link":"https:\/\/www.dharanastyle.com\/ca\/tienda\/leggings\/leggings-capri-cintura-baja\/leggings-capri-geometria-estrella-dorado-y-negro-pantalon-3-4-de-cintura-baja\/","title":{"rendered":"Leggings capri geometria estrella daurat i negre. Pantalons 3\/4 de cintura baixa."},"content":{"rendered":"<p>Deslliga el teu estil i potencia el teu rendiment amb els nostres capris 3\/4 de cintura baixa, amb el mateix estampat geom\u00e8tric d&#039;estrelles daurades sobre fons negre que els nostres leggings. Fabricats amb el mateix teixit suau i el\u00e0stic d&#039;alta qualitat, aquests capris us brindaran la comoditat i el suport que necessiteu durant els vostres entrenaments m\u00e9s intensos i les vostres activitats di\u00e0ries.<\/p>\n<p>La cintura baixa ofereix un ajustament c\u00f2mode i afavoridor, mentre que el disseny 3\/4 proporciona una cobertura perfecta sense comprometre la llibertat de moviment. Ja sigui que estiguis practicant ioga, corrent o simplement gaudint del teu temps lliure, aquests capris et mantindran fresca, seca i amb estil en tot moment.<\/p>\n<p>L&#039;estampat geom\u00e8tric d&#039;estrelles daurades afegeix un toc de brillantor i sofisticaci\u00f3 al teu outfit esportiu, fent-te destacar amb eleg\u00e0ncia al gimn\u00e0s o al carrer. No perdis l&#039;oportunitat de lluir un look \u00fanic i modern mentre aconsegueixes les teves fites de fitness amb els nostres capris 3\/4 de cintura baixa!<\/p>\n<p>\u2022 82% poli\u00e8ster, 18% elast\u00e0<br \/>\n\u2022 Pes del teixit: 230 g\/m\u00b2 (6,78 oz\/id\u00b2) (El pes podria variar en un 5%)<br \/>\n\u2022 FPU 38-40<br \/>\n\u2022 El material s&#039;estira a les 4 direccions, \u00e9s a dir, la tela s&#039;estira i es recupera als fils de la trama i de l&#039;ordit<br \/>\n\u2022 Elaborada amb fil de microfibra suau i agradable al tacte<br \/>\n\u2022 Tall de precisi\u00f3 i cosit a m\u00e0 despr\u00e9s del proc\u00e9s d&#039;estampaci\u00f3<\/p>","protected":false},"excerpt":{"rendered":"<p>Desata tu estilo y potencia tu rendimiento con nuestros capris 3\/4 de cintura baja, con el mismo estampado geom\u00e9trico de estrellas doradas sobre fondo negro que nuestros leggings. Fabricados con&#8230;<\/p>","protected":false},"featured_media":7724,"comment_status":"open","ping_status":"closed","template":"","meta":{"jetpack_post_was_ever_published":false,"jetpack_publicize_message":"","jetpack_publicize_feature_enabled":true,"jetpack_social_post_already_shared":true,"jetpack_social_options":{"image_generator_settings":{"template":"highway","enabled":false},"version":2}},"product_cat":[179,174],"product_tag":[],"class_list":{"0":"post-6593","1":"product","2":"type-product","3":"status-publish","4":"has-post-thumbnail","6":"product_cat-leggings-capri-cintura-baja","7":"product_cat-personalizable","9":"first","10":"instock","11":"taxable","12":"shipping-taxable","13":"purchasable","14":"product-type-variable"},"jetpack_publicize_connections":[],"aioseo_notices":[],"jetpack_sharing_enabled":true,"_links":{"self":[{"href":"https:\/\/www.dharanastyle.com\/ca\/wp-json\/wp\/v2\/product\/6593","targetHints":{"allow":["GET"]}}],"collection":[{"href":"https:\/\/www.dharanastyle.com\/ca\/wp-json\/wp\/v2\/product"}],"about":[{"href":"https:\/\/www.dharanastyle.com\/ca\/wp-json\/wp\/v2\/types\/product"}],"replies":[{"embeddable":true,"href":"https:\/\/www.dharanastyle.com\/ca\/wp-json\/wp\/v2\/comments?post=6593"}],"wp:featuredmedia":[{"embeddable":true,"href":"https:\/\/www.dharanastyle.com\/ca\/wp-json\/wp\/v2\/media\/7724"}],"wp:attachment":[{"href":"https:\/\/www.dharanastyle.com\/ca\/wp-json\/wp\/v2\/media?parent=6593"}],"wp:term":[{"taxonomy":"product_cat","embeddable":true,"href":"https:\/\/www.dharanastyle.com\/ca\/wp-json\/wp\/v2\/product_cat?post=6593"},{"taxonomy":"product_tag","embeddable":true,"href":"https:\/\/www.dharanastyle.com\/ca\/wp-json\/wp\/v2\/product_tag?post=6593"}],"curies":[{"name":"wp","href":"https:\/\/api.w.org\/{rel}","templated":true}]}}