{"id":6573,"date":"2024-04-17T18:18:50","date_gmt":"2024-04-17T16:18:50","guid":{"rendered":"https:\/\/dharanastyle.com\/tienda\/sin%20categor\u00eda\/pantalones-cortos-estrellas-dorado-y-negro-legging-corto-cintura-baja-des-de-la-xs-a-3xl\/"},"modified":"2024-04-29T20:44:13","modified_gmt":"2024-04-29T18:44:13","slug":"pantalones-cortos-estrellas-dorado-y-negro-legging-corto-cintura-baja-des-de-la-xs-a-3xl","status":"publish","type":"product","link":"https:\/\/www.dharanastyle.com\/ca\/tienda\/leggings\/leggings-cortos-cintura-baja\/pantalones-cortos-estrellas-dorado-y-negro-legging-corto-cintura-baja-des-de-la-xs-a-3xl\/","title":{"rendered":"Pantalons curts estrelles daurat i negre. Legging curt cintura baixa. Des de la XS fins a 3XL."},"content":{"rendered":"<p>Descobriu la fusi\u00f3 perfecta entre comoditat, estil i versatilitat amb els nostres leggings ajustats d&#039;alta qualitat. Confeccionats amb teles suaus que et brinden una sensaci\u00f3 de segona pell, aquests leggings s\u00f3n ideals tant per a les teves sessions d&#039;entrenament com per lluir un look modern i elegant al teu dia a dia.<\/p>\n<p>El color negre cl\u00e0ssic es combina amb un estampat de patr\u00f3 geom\u00e8tric que evoca la bellesa de les estrelles daurades a la nit, afegint un toc de sofisticaci\u00f3 i brillantor al teu outfit esportiu. Els leggings ajustats ofereixen un suport \u00f2ptim i una silueta favorable, ressaltant les teves corbes amb estil i eleg\u00e0ncia.<\/p>\n<p>Ja sigui que estiguis corrent, practicant ioga o simplement gaudint del teu temps lliure, aquests leggings et proporcionaran la llibertat de moviment que necessites sense sacrificar l&#039;estil. Fes una declaraci\u00f3 de moda mentre aconsegueixes les teves fites de fitness amb els nostres leggings ajustats que et faran brillar tant dins com fora del gimn\u00e0s!<\/p>\n<p>\u2022 82% poli\u00e8ster, 18% elast\u00e0<br \/>\n\u2022 Tela el\u00e0stica en 4 adreces que s&#039;estira i es recupera als fils de la trama i de l&#039;ordit<br \/>\n\u2022 Elaborat amb fil de microfibra suau i agradable al tacte<br \/>\n\u2022 Amb sobrefilat i punt de cobertura<br \/>\n\u2022 Cintura el\u00e0stica c\u00f2moda<\/p>","protected":false},"excerpt":{"rendered":"<p>Descubre la fusi\u00f3n perfecta entre comodidad, estilo y versatilidad con nuestros leggings ajustados de alta calidad. Confeccionados con telas suaves que te brindan una sensaci\u00f3n de segunda piel, estos leggings&#8230;<\/p>","protected":false},"featured_media":7735,"comment_status":"open","ping_status":"closed","template":"","meta":{"jetpack_post_was_ever_published":false,"jetpack_publicize_message":"","jetpack_publicize_feature_enabled":true,"jetpack_social_post_already_shared":true,"jetpack_social_options":{"image_generator_settings":{"template":"highway","enabled":false},"version":2}},"product_cat":[180,174],"product_tag":[],"class_list":{"0":"post-6573","1":"product","2":"type-product","3":"status-publish","4":"has-post-thumbnail","6":"product_cat-leggings-cortos-cintura-baja","7":"product_cat-personalizable","9":"first","10":"instock","11":"taxable","12":"shipping-taxable","13":"purchasable","14":"product-type-variable"},"jetpack_publicize_connections":[],"aioseo_notices":[],"jetpack_sharing_enabled":true,"_links":{"self":[{"href":"https:\/\/www.dharanastyle.com\/ca\/wp-json\/wp\/v2\/product\/6573","targetHints":{"allow":["GET"]}}],"collection":[{"href":"https:\/\/www.dharanastyle.com\/ca\/wp-json\/wp\/v2\/product"}],"about":[{"href":"https:\/\/www.dharanastyle.com\/ca\/wp-json\/wp\/v2\/types\/product"}],"replies":[{"embeddable":true,"href":"https:\/\/www.dharanastyle.com\/ca\/wp-json\/wp\/v2\/comments?post=6573"}],"wp:featuredmedia":[{"embeddable":true,"href":"https:\/\/www.dharanastyle.com\/ca\/wp-json\/wp\/v2\/media\/7735"}],"wp:attachment":[{"href":"https:\/\/www.dharanastyle.com\/ca\/wp-json\/wp\/v2\/media?parent=6573"}],"wp:term":[{"taxonomy":"product_cat","embeddable":true,"href":"https:\/\/www.dharanastyle.com\/ca\/wp-json\/wp\/v2\/product_cat?post=6573"},{"taxonomy":"product_tag","embeddable":true,"href":"https:\/\/www.dharanastyle.com\/ca\/wp-json\/wp\/v2\/product_tag?post=6573"}],"curies":[{"name":"wp","href":"https:\/\/api.w.org\/{rel}","templated":true}]}}